{"id":3135,"date":"2026-04-14T10:36:57","date_gmt":"2026-04-14T08:36:57","guid":{"rendered":"https:\/\/matricamuzeum.hu\/?page_id=3135"},"modified":"2026-04-21T09:24:09","modified_gmt":"2026-04-21T07:24:09","slug":"hitvilag","status":"publish","type":"page","link":"https:\/\/matricamuzeum.hu\/en\/hitvilag","title":{"rendered":"hitvilag"},"content":{"rendered":"<div data-elementor-type=\"wp-page\" data-elementor-id=\"3135\" class=\"elementor elementor-3135\" data-elementor-post-type=\"page\">\n\t\t\t\t<div class=\"elementor-element elementor-element-eb0ebb3 e-con-full e-flex e-con e-parent\" data-id=\"eb0ebb3\" data-element_type=\"container\" data-e-type=\"container\" data-settings=\"{&quot;background_background&quot;:&quot;classic&quot;,&quot;jet_parallax_layout_list&quot;:[]}\">\n\t\t\t\t<div class=\"elementor-element elementor-element-36f679e elementor-widget elementor-widget-heading\" data-id=\"36f679e\" data-element_type=\"widget\" data-e-type=\"widget\" data-widget_type=\"heading.default\">\n\t\t\t\t\t<h1 class=\"elementor-heading-title elementor-size-default\">Hitvil\u00e1g<\/h1>\t\t\t\t<\/div>\n\t\t\t\t<div class=\"elementor-element elementor-element-7d88f2c elementor-widget elementor-widget-text-editor\" data-id=\"7d88f2c\" data-element_type=\"widget\" data-e-type=\"widget\" data-widget_type=\"text-editor.default\">\n\t\t\t\t\t\t\t\t\t<p>88\u201390. BRONZ KARK\u00d6T\u0150K<br \/>A karperecek egy kisl\u00e1ny s\u00edrj\u00e1b\u00f3l ker\u00fcltek el\u0151 t\u00f6bb m\u00e1sik \u00e9kszerrel \u00e9s<br \/>ed\u00e9nyekkel egy\u00fctt.<\/p><p>112. KORS\u00d3<br \/>Ez a d\u00edszes agyagb\u00f6gre urnas\u00edrhoz tartozott, azt jelezte, hogy a s\u00edr tulajdonosa<br \/>magasabb rang\u00fa lehetett, \u00e9s valaki vagy valakik sz\u00e1m\u00e1ra nagyon fontos volt.<\/p><p>115. T\u00c1L<br \/>Az agyagt\u00e1l urnas\u00edrhoz tartozott, az urn\u00e1t lefed\u0151, lez\u00e1r\u00f3 k\u00e9t t\u00e1l egyike lehetett.<\/p><p>118. B\u00d6GRE<br \/>A kb. 1 dl-es, marokban is elf\u00e9r\u0151 kis agyagb\u00f6gre temet\u0151b\u0151l ker\u00fclt el\u0151, mutatja<br \/>a halott maradv\u00e1nyai mell\u00e9 olyan ed\u00e9nyeket is tettek, amilyeneket haszn\u00e1ltak<br \/>a mindennapi \u00e9letben.<\/p><p>120. URNA<br \/>A bronzkorban a halottakat elhamvasztott\u00e1k, az emberi csontok maradv\u00e1nyait<br \/>ilyen \u00e9s ehhez hasonl\u00f3 agyagurn\u00e1ba helyezt\u00e9k: alulra a l\u00e1bcsontok, erre a<br \/>k\u00f6z\u00e9ps\u0151 testr\u00e9sz, majd legf\u00f6l\u00fclre a koponyacsontok \u00e9s esetlegesen a fogak<br \/>maradv\u00e1nyai ker\u00fcltek.<\/p><p>121. B\u00d6GRE<br \/>Ez az icipici agyagb\u00f6gre lehetett a legkisebb a t\u00f6bbi k\u00f6z\u00f6tt, melyeket a<br \/>mindennapi \u00e9letben is haszn\u00e1lhattak, \u00e9s amelyek a t\u00falvil\u00e1gra sz\u00e1nt<br \/>ed\u00e9nyk\u00e9szlet r\u00e9szei is lehettek.<\/p><p>122. B\u00d6GRE<br \/>A s\u00edrb\u00f3l el\u0151ker\u00fclt agyagb\u00f6gre a t\u00falvil\u00e1gra sz\u00e1nt ed\u00e9nyek egyik darabja volt.<\/p><p>124. URNA<br \/>A bronzkorban a halottakat elhamvasztott\u00e1k, az emberi csontok maradv\u00e1nyait<br \/>ilyen \u00e9s ehhez hasonl\u00f3 agyagurn\u00e1ba helyezt\u00e9k: alulra a l\u00e1bcsontok, erre a<br \/>k\u00f6z\u00e9ps\u0151 testr\u00e9sz, majd legf\u00f6l\u00fclre a koponyacsontok \u00e9s esetlegesen a fogak<br \/>maradv\u00e1nyai ker\u00fcltek.<\/p><p>125. T\u00c1L<br \/>Ebben a temet\u0151ben az el\u00e9getett emberi maradv\u00e1nyokat ed\u00e9nybe\/urn\u00e1ba<br \/>tett\u00e9k, \u00e9s az ed\u00e9nyt\/urn\u00e1t ilyen agyagt\u00e1llal fedt\u00e9k.<\/p><p>127. URNA<br \/>A bronzkorban a halottakat elhamvasztott\u00e1k, az emberi csontok maradv\u00e1nyait<br \/>ilyen \u00e9s ehhez hasonl\u00f3 agyagurn\u00e1ba helyezt\u00e9k: alulra a l\u00e1bcsontok, erre a<br \/>k\u00f6z\u00e9ps\u0151 testr\u00e9sz, majd legf\u00f6l\u00fclre a koponyacsontok \u00e9s esetlegesen a fogak<br \/>maradv\u00e1nyai ker\u00fcltek.<\/p><p>128. T\u00c1L<br \/>Az agyagt\u00e1lat az urna sz\u00e1j\u00e1ba \u00fcltett\u00e9k a t\u00falvil\u00e1gra sz\u00e1nt ter\u00edt\u00e9k r\u00e9szek\u00e9nt, a<br \/>mindennapokban pedig szaftos \u00e9teleket, k\u00e1s\u00e1t ehettek bel\u0151le.<\/p><p>129. B\u00d6GRE<br \/>A s\u00edrb\u00f3l el\u0151ker\u00fclt agyagb\u00f6gre a t\u00falvil\u00e1gra sz\u00e1nt ed\u00e9nyek egyik darabja volt.<\/p><p>175. TALPAS T\u00c1LKA<br \/>A k\u00fcl\u00f6nleges form\u00e1j\u00fa agyagt\u00e1lka a bronzkorban a temetkez\u00e9shez tartozott.<\/p><p>176. HARANGED\u00c9NY<br \/>Ez a jellegzetes, harang alak\u00fa d\u00edszed\u00e9ny adta a nev\u00e9t a bronzkori<br \/>Haranged\u00e9nyes kult\u00far\u00e1nak.<\/p><p>177. TALPAS KORS\u00d3<br \/>Az ed\u00e9ny bronzkori kisl\u00e1ny csontv\u00e1za mell\u0151l ker\u00fclt el\u0151, form\u00e1ja \u00e9s gazdag<br \/>d\u00edsz\u00edt\u00e9se arra utal, hogy nem a h\u00e9tk\u00f6znapokban haszn\u00e1lt\u00e1k.<\/p><p>178. KI\u00d6NT\u0150CS\u00d6VES ED\u00c9NY<br \/>A bronzkori kisl\u00e1ny s\u00edrj\u00e1b\u00f3l ker\u00fclt el\u0151 ez az ed\u00e9ny is, k\u00fcl\u00f6nlegess\u00e9 \u00e9s egyediv\u00e9<br \/>ki\u00f6nt\u0151cs\u00f6ve teszi.<\/p><p>179. BRONZT\u0170<br \/>A kisl\u00e1ny s\u00edrj\u00e1b\u00f3l ker\u00fclt el\u0151 a d\u00edsz\u00edtett fej\u0171 t\u0171 is, mely a gyermek ruh\u00e1j\u00e1t fogta<br \/>\u00f6ssze.<\/p><p>201. FEN\u0150K\u0150<br \/>A f\u00e9meszk\u00f6z\u00f6ket \u00e9lezt\u00e9k ezzel a k\u0151t\u00e1rggyal.<\/p><p>202. BRONZT\u0150R<br \/>A bronzkorban gyakori volt, hogy a magas rang\u00fa f\u00e9rfi mell\u00e9 s\u00edrj\u00e1ban<br \/>elhelyezt\u00e9k fegyver\u00e9t is, amely a k\u00f6z\u00f6ss\u00e9gben bet\u00f6lt\u00f6tt helyzet\u00e9t jelezte.<\/p>\t\t\t\t\t\t\t\t<\/div>\n\t\t\t\t<\/div>\n\t\t\t\t<\/div>","protected":false},"excerpt":{"rendered":"<p>Hitvil\u00e1g 88\u201390. BRONZ KARK\u00d6T\u0150KA karperecek egy kisl\u00e1ny s\u00edrj\u00e1b\u00f3l ker\u00fcltek el\u0151 t\u00f6bb m\u00e1sik \u00e9kszerrel \u00e9sed\u00e9nyekkel egy\u00fctt. 112. KORS\u00d3Ez a d\u00edszes agyagb\u00f6gre urnas\u00edrhoz tartozott, azt jelezte, hogy a s\u00edr tulajdonosamagasabb rang\u00fa lehetett, \u00e9s valaki vagy valakik sz\u00e1m\u00e1ra nagyon fontos volt. 115. T\u00c1LAz agyagt\u00e1l urnas\u00edrhoz tartozott, az urn\u00e1t lefed\u0151, lez\u00e1r\u00f3 k\u00e9t t\u00e1l egyike lehetett. 118. B\u00d6GREA kb. 1 [&hellip;]<\/p>\n","protected":false},"author":3,"featured_media":0,"parent":0,"menu_order":0,"comment_status":"closed","ping_status":"closed","template":"","meta":{"footnotes":""},"class_list":["post-3135","page","type-page","status-publish","hentry"],"jetpack_sharing_enabled":true,"_links":{"self":[{"href":"https:\/\/matricamuzeum.hu\/en\/wp-json\/wp\/v2\/pages\/3135","targetHints":{"allow":["GET"]}}],"collection":[{"href":"https:\/\/matricamuzeum.hu\/en\/wp-json\/wp\/v2\/pages"}],"about":[{"href":"https:\/\/matricamuzeum.hu\/en\/wp-json\/wp\/v2\/types\/page"}],"author":[{"embeddable":true,"href":"https:\/\/matricamuzeum.hu\/en\/wp-json\/wp\/v2\/users\/3"}],"replies":[{"embeddable":true,"href":"https:\/\/matricamuzeum.hu\/en\/wp-json\/wp\/v2\/comments?post=3135"}],"version-history":[{"count":10,"href":"https:\/\/matricamuzeum.hu\/en\/wp-json\/wp\/v2\/pages\/3135\/revisions"}],"predecessor-version":[{"id":3424,"href":"https:\/\/matricamuzeum.hu\/en\/wp-json\/wp\/v2\/pages\/3135\/revisions\/3424"}],"wp:attachment":[{"href":"https:\/\/matricamuzeum.hu\/en\/wp-json\/wp\/v2\/media?parent=3135"}],"curies":[{"name":"wp","href":"https:\/\/api.w.org\/{rel}","templated":true}]}}