{"id":3139,"date":"2026-04-14T10:38:14","date_gmt":"2026-04-14T08:38:14","guid":{"rendered":"https:\/\/matricamuzeum.hu\/?page_id=3139"},"modified":"2026-04-21T09:26:02","modified_gmt":"2026-04-21T07:26:02","slug":"nok-es-gyerekek","status":"publish","type":"page","link":"https:\/\/matricamuzeum.hu\/en\/nok-es-gyerekek","title":{"rendered":"nok-es-gyerekek"},"content":{"rendered":"<div data-elementor-type=\"wp-page\" data-elementor-id=\"3139\" class=\"elementor elementor-3139\" data-elementor-post-type=\"page\">\n\t\t\t\t<div class=\"elementor-element elementor-element-8ce5dc4 e-con-full e-flex e-con e-parent\" data-id=\"8ce5dc4\" data-element_type=\"container\" data-e-type=\"container\" data-settings=\"{&quot;background_background&quot;:&quot;classic&quot;,&quot;jet_parallax_layout_list&quot;:[]}\">\n\t\t\t\t<div class=\"elementor-element elementor-element-d0ae153 elementor-widget elementor-widget-heading\" data-id=\"d0ae153\" data-element_type=\"widget\" data-e-type=\"widget\" data-widget_type=\"heading.default\">\n\t\t\t\t\t<h1 class=\"elementor-heading-title elementor-size-default\">N\u0151k \u00e9s gyerekek<\/h1>\t\t\t\t<\/div>\n\t\t\t\t<div class=\"elementor-element elementor-element-6fb3952 elementor-widget elementor-widget-text-editor\" data-id=\"6fb3952\" data-element_type=\"widget\" data-e-type=\"widget\" data-widget_type=\"text-editor.default\">\n\t\t\t\t\t\t\t\t\t<p>2. KORS\u00d3<br \/>Ez a kors\u00f3 finom anyaga \u00e9s fel\u00fcletkezel\u00e9se alapj\u00e1n az asztali ed\u00e9nyek k\u00f6z\u00e9<br \/>tartozott, de nem val\u00f3sz\u00edn\u0171, hogy ittak bel\u0151le, ink\u00e1bb kancs\u00f3 lehetett.<\/p><p>10. NEHEZ\u00c9KEK<br \/>Ezeket az agyagt\u00e1rgyakat a sz\u00f6v\u0151sz\u00e9k f\u00fcgg\u0151leges sz\u00e1lainak alj\u00e1ra er\u0151s\u00edtett\u00e9k,<br \/>\u00edgy tudt\u00e1k megtartani a sz\u00e1l \u00e1lland\u00f3 feszess\u00e9g\u00e9t, mely az anyag egyenletes<br \/>sz\u00f6v\u00e9s\u00e9t biztos\u00edtotta.<\/p><p>24\u201325. \u0150RL\u0150K\u0150 (MAI \u00daN. CSUPASZ B\u00daZ\u00c1VAL)<br \/>A kisebbik k\u0151vel d\u00f6rzs\u00f6lt\u00e9k a megtiszt\u00edtott gabonaszemeket a nagyobbikhoz<br \/>el\u0151re-h\u00e1tra addig, m\u00edg a megfelel\u0151 finoms\u00e1g\u00fa lisztet el nem \u00e9rt\u00e9k.<\/p><p>26. T\u00c1L (ELSZENESEDETT BRONZKORI PELYV\u00c1S B\u00daZ\u00c1VAL)<br \/>Ezt a t\u00e1lat eredetileg fel lehetett akasztani, majd amikor let\u00f6r\u00f6tt a (kett\u0151s) f\u00fcle,<br \/>a f\u00fclcsonkokat sz\u00e9pen lesim\u00edtott\u00e1k, \u00e9s az ed\u00e9nyt tov\u00e1bb haszn\u00e1lt\u00e1k.<\/p><p>30. T\u00c1L<br \/>A bronzkor leggyakoribb t\u00e1lt\u00edpus\u00e1ba tartozik ez az agyaged\u00e9ny.<\/p><p>32. FED\u0150<br \/>Kevesebb fed\u0151 ker\u00fcl el\u0151 a bronzkorb\u00f3l, mint m\u00e1s ed\u00e9nyt\u00edpusb\u00f3l, tal\u00e1n az\u00e9rt,<br \/>mert egy fed\u0151 t\u00f6bb ed\u00e9nyhez is tartozott, vagy kevesebb agyagfed\u0151t<br \/>haszn\u00e1ltak, mint szerves anyag\u00f3l, p\u00e9ld\u00e1ul f\u00e1b\u00f3l k\u00e9sz\u00fcltet.<\/p><p>33. SZ\u0170R\u0150ED\u00c9NY<br \/>A kicsi ed\u00e9nyke oldal\u00e1t \u00e9s alj\u00e1t ki\u00e9get\u00e9se el\u0151tt s\u0171r\u0171n \u00e1tlyuggatt\u00e1k, \u00edgy<br \/>sz\u0171r\u0151ed\u00e9ny lett bel\u0151le, t\u00far\u00f3t vagy sajtot k\u00e9sz\u00edthettek benne.<\/p><p>36\u201339. GYEREKJ\u00c1T\u00c9KOK<br \/>A mindennapi agyagt\u00e1rgyak kicsiny\u00edtett m\u00e1solatai ezek a kis \u201ej\u00e1t\u00e9kok\u201d, melyek<br \/>elk\u00e9sz\u00edt\u00e9se id\u0151ig\u00e9nyesebb volt, \u00edgy a b\u00e9k\u00e9s, nyugodt letelepedett \u00e9letm\u00f3dra<br \/>lehetett jellemz\u0151 a haszn\u00e1latuk.<\/p><p>49. T\u0170ZIKUTYA<br \/>A t\u00f6m\u00f6r, s\u00falyos agyagt\u00e1rgyat t\u0171z k\u00f6zel\u00e9ben haszn\u00e1lt\u00e1k, megt\u00e1maszthattak<br \/>vele valamit, vagy al\u00e1t\u00e9t lehetett.<\/p><p>57. PATICSDARAB<br \/>A ki\u00e9gett faldarabon megfigyelhet\u0151k az \u00e1gak nyomai, melyek c\u00f6l\u00f6p\u00f6k k\u00f6z\u00e9<br \/>fonva alkott\u00e1k a falat, \u00e9s amelyekre feltapasztott\u00e1k a szalmat\u00f6rekkel \u00e9s<br \/>teh\u00e9ntr\u00e1gy\u00e1val kevert agyagot, a paticsot.<\/p><p>58. KEZES ED\u00c9NY<br \/>A n\u0151iess\u00e9get megjelen\u00edt\u0151 agyaged\u00e9ny a term\u00e9kenys\u00e9gi vagy a term\u00e9nyt v\u00e9d\u0151<br \/>istenn\u0151t \u00e1br\u00e1zolhatja, \u00e9s egy g\u00f6d\u00f6rb\u0151l ker\u00fclt el\u0151 \u00f6sszet\u00f6rve, m\u00e1s ed\u00e9nyek<br \/>t\u00f6red\u00e9keivel.<\/p><p>73. CSONTMED\u00c1L CSONT-, AGYAG-, K\u0150- \u00c9S FOGGY\u00d6NGY\u00d6KKEL<br \/>Csontb\u00f3l, agyagb\u00f3l, k\u0151b\u0151l \u00e9s fogakb\u00f3l nemcsak haszn\u00e1lati eszk\u00f6z\u00f6ket,<br \/>hanem \u00e9kszereket is k\u00e9sz\u00edtettek a bronzkoriak.<\/p><p>74. K\u0150 CSUKL\u00d3V\u00c9D\u0150<br \/>A kis lapos t\u00e1rgy a visszacsap\u00f3d\u00f3 \u00edj \u00fct\u00e9s\u00e9t\u0151l v\u00e9dte a harcos csukl\u00f3j\u00e1t.<\/p><p>77. CSONTT\u0170<br \/>Ez az \u00e1tf\u00fart csontt\u0171 lehetett a haj vagy a ruh\u00e1zat kieg\u00e9sz\u00edt\u0151je, esetleg finom<br \/>h\u00e1l\u00f3 k\u00f6t\u0151t\u0171je is.<\/p><p>91. BRONZ KARK\u00d6T\u0150<br \/>A karperec egy kisl\u00e1ny s\u00edrj\u00e1b\u00f3l ker\u00fclt el\u0151 t\u00f6bb m\u00e1sik \u00e9kszerrel \u00e9s ed\u00e9nyekkel<br \/>egy\u00fctt.<\/p><p>180. F\u0150Z\u0150ED\u00c9NY<br \/>Felt\u00e9telez\u00e9sek szerint k\u00e1s\u00e1t k\u00e9sz\u00edtettek az agyagb\u00f3l form\u00e1zott ed\u00e9nyben.<\/p><p>183. SZ\u00d6GLETES ED\u00c9NY<br \/>A t\u00e1rgy funkci\u00f3j\u00e1t nem ismerj\u00fck, az ilyen n\u00e9gysz\u00f6gletes ed\u00e9ny a r\u00e9g\u00e9szek<br \/>szerint kocsiszekr\u00e9nynek (a kocsi fels\u0151 r\u00e9sz\u00e9nek) modellje lehet.<\/p><p>254. \u00c1TF\u00daRT KAGYL\u00d3DARAB<br \/>A f\u00far\u00e1sokkal d\u00edsz\u00edtett, form\u00e1zott kagyl\u00f3darabot \u00e9kszerk\u00e9nt, esetleg<br \/>ruhad\u00edszk\u00e9nt haszn\u00e1lhatt\u00e1k.<\/p><p>255. \u00c1TF\u00daRT CSONTLEMEZ<br \/>A f\u00far\u00e1sokkal d\u00edsz\u00edtett, form\u00e1zott csontdarabot \u00e9kszerk\u00e9nt, esetleg<br \/>ruhad\u00edszek\u00e9nt haszn\u00e1lhatt\u00e1k.<\/p><p>256. KEMENCEMAKETT<br \/>Sokszor tal\u00e1lkozunk haszn\u00e1lati t\u00e1rgyak miniat\u0171r m\u00e1solataival, amelyek tal\u00e1n<br \/>gyerekj\u00e1t\u00e9kok lehettek.<\/p><p>257. CSONTZSETON<br \/>A csontt\u00e1rgy tal\u00e1n valamilyen j\u00e1t\u00e9k kell\u00e9ke lehetett.<\/p><p>258. B\u0150RKAPAR\u00d3 BORDACSONTB\u00d3L<br \/>A nyersb\u0151r feldolgoz\u00e1s\u00e1hoz, megtiszt\u00edt\u00e1s\u00e1hoz haszn\u00e1lt\u00e1k az eszk\u00f6zt.<\/p><p>259. CSONT\u00c1R<br \/>Lyukaszt\u00e1sra haszn\u00e1lt\u00e1k a csontb\u00f3l k\u00e9sz\u00edtett eszk\u00f6zt.<\/p><p>260. K\u00c9TV\u00c9G\u0170 T\u0170K<br \/>Lyukaszt\u00e1sra alkalmas eszk\u00f6z\u00f6k voltak, de a felt\u00e9telez\u00e9sek szerint<br \/>test\u00e9kszerk\u00e9nt is haszn\u00e1lhatt\u00e1k \u0151ket.<\/p><p>261. CSONT RUHAT\u0170K<br \/>A ruh\u00e1k \u00f6sszet\u0171z\u00e9s\u00e9re, illetve d\u00edsz\u00edt\u00e9s\u00e9re haszn\u00e1lt\u00e1k a v\u00e1ltozatos form\u00e1j\u00fa,<br \/>d\u00edsz\u00edt\u00e9s\u0171 kieg\u00e9sz\u00edt\u0151ket.<\/p><p>262. CSONT VARR\u00d3T\u0170<br \/>A csontb\u00f3l k\u00e9sz\u00fclt t\u0171vel textileket, b\u0151r\u00f6ket varrtak.<\/p><p>263. FAJANSZGY\u00d6NGY\u00d6K<br \/>Speci\u00e1lis \u00f6sszet\u00e9tel\u0171, agyag alapanyag\u00fa gy\u00f6ngy\u00f6k, melyek ki\u00e9getve f\u00e9nyes<br \/>fel\u00fclet\u0171v\u00e9 v\u00e1ltak, \u00e9s \u00e9kszereket k\u00e9sz\u00edtettek bel\u0151l\u00fck.<\/p>\t\t\t\t\t\t\t\t<\/div>\n\t\t\t\t<\/div>\n\t\t\t\t<\/div>","protected":false},"excerpt":{"rendered":"<p>N\u0151k \u00e9s gyerekek 2. KORS\u00d3Ez a kors\u00f3 finom anyaga \u00e9s fel\u00fcletkezel\u00e9se alapj\u00e1n az asztali ed\u00e9nyek k\u00f6z\u00e9tartozott, de nem val\u00f3sz\u00edn\u0171, hogy ittak bel\u0151le, ink\u00e1bb kancs\u00f3 lehetett. 10. NEHEZ\u00c9KEKEzeket az agyagt\u00e1rgyakat a sz\u00f6v\u0151sz\u00e9k f\u00fcgg\u0151leges sz\u00e1lainak alj\u00e1ra er\u0151s\u00edtett\u00e9k,\u00edgy tudt\u00e1k megtartani a sz\u00e1l \u00e1lland\u00f3 feszess\u00e9g\u00e9t, mely az anyag egyenletessz\u00f6v\u00e9s\u00e9t biztos\u00edtotta. 24\u201325. \u0150RL\u0150K\u0150 (MAI \u00daN. CSUPASZ B\u00daZ\u00c1VAL)A kisebbik k\u0151vel d\u00f6rzs\u00f6lt\u00e9k [&hellip;]<\/p>\n","protected":false},"author":3,"featured_media":0,"parent":0,"menu_order":0,"comment_status":"closed","ping_status":"closed","template":"","meta":{"footnotes":""},"class_list":["post-3139","page","type-page","status-publish","hentry"],"jetpack_sharing_enabled":true,"_links":{"self":[{"href":"https:\/\/matricamuzeum.hu\/en\/wp-json\/wp\/v2\/pages\/3139","targetHints":{"allow":["GET"]}}],"collection":[{"href":"https:\/\/matricamuzeum.hu\/en\/wp-json\/wp\/v2\/pages"}],"about":[{"href":"https:\/\/matricamuzeum.hu\/en\/wp-json\/wp\/v2\/types\/page"}],"author":[{"embeddable":true,"href":"https:\/\/matricamuzeum.hu\/en\/wp-json\/wp\/v2\/users\/3"}],"replies":[{"embeddable":true,"href":"https:\/\/matricamuzeum.hu\/en\/wp-json\/wp\/v2\/comments?post=3139"}],"version-history":[{"count":7,"href":"https:\/\/matricamuzeum.hu\/en\/wp-json\/wp\/v2\/pages\/3139\/revisions"}],"predecessor-version":[{"id":3430,"href":"https:\/\/matricamuzeum.hu\/en\/wp-json\/wp\/v2\/pages\/3139\/revisions\/3430"}],"wp:attachment":[{"href":"https:\/\/matricamuzeum.hu\/en\/wp-json\/wp\/v2\/media?parent=3139"}],"curies":[{"name":"wp","href":"https:\/\/api.w.org\/{rel}","templated":true}]}}