{"id":3143,"date":"2026-04-14T10:38:37","date_gmt":"2026-04-14T08:38:37","guid":{"rendered":"https:\/\/matricamuzeum.hu\/?page_id=3143"},"modified":"2026-04-21T09:27:29","modified_gmt":"2026-04-21T07:27:29","slug":"tulvilag","status":"publish","type":"page","link":"https:\/\/matricamuzeum.hu\/en\/tulvilag","title":{"rendered":"tulvilag"},"content":{"rendered":"<div data-elementor-type=\"wp-page\" data-elementor-id=\"3143\" class=\"elementor elementor-3143\" data-elementor-post-type=\"page\">\n\t\t\t\t<div class=\"elementor-element elementor-element-062b5b8 e-con-full e-flex e-con e-parent\" data-id=\"062b5b8\" data-element_type=\"container\" data-e-type=\"container\" data-settings=\"{&quot;background_background&quot;:&quot;classic&quot;,&quot;jet_parallax_layout_list&quot;:[]}\">\n\t\t\t\t<div class=\"elementor-element elementor-element-926acf4 elementor-widget elementor-widget-heading\" data-id=\"926acf4\" data-element_type=\"widget\" data-e-type=\"widget\" data-widget_type=\"heading.default\">\n\t\t\t\t\t<h1 class=\"elementor-heading-title elementor-size-default\">T\u00falvil\u00e1g<\/h1>\t\t\t\t<\/div>\n\t\t\t\t<div class=\"elementor-element elementor-element-43f9ea6 elementor-widget elementor-widget-text-editor\" data-id=\"43f9ea6\" data-element_type=\"widget\" data-e-type=\"widget\" data-widget_type=\"text-editor.default\">\n\t\t\t\t\t\t\t\t\t<p>133. FESTETT URNA<br \/>A 117. halom s\u00edrkamr\u00e1j\u00e1b\u00f3l ker\u00fclt el\u0151 ez a v\u00f6r\u00f6s alapon fekete grafitfest\u00e9kes<br \/>agyaged\u00e9ny, melyet pereme alatt sakkt\u00e1bla minta, als\u00f3 harmad\u00e1ban a<br \/>gazdagok temetkez\u00e9si ker\u00e1mi\u00e1j\u00e1ra jellemz\u0151 fut\u00f3 meander minta d\u00edsz\u00edt.<\/p><p>134. ED\u00c9NYK\u00c9K<br \/>A v\u00f6r\u00f6sre festett, egyszer\u0171 form\u00e1j\u00fa miniat\u0171r agyaged\u00e9nyek lehettek<br \/>fest\u00e9ktart\u00f3k vagy gyerekj\u00e1t\u00e9kok.<\/p><p>135. FED\u0150<br \/>A k\u00e9zzel form\u00e1lt \u00e9getett agyagfed\u0151t r\u00e1illesztett agyagdudorok d\u00edsz\u00edtik, fog\u00f3ja<br \/>let\u00f6r\u00f6tt.<\/p><p>138. BRONZLEMEZK\u00c9K<br \/>Val\u00f3sz\u00edn\u0171leg s\u00edrkamra gerendafal\u00e1t d\u00edsz\u00edthett\u00e9k ezek a kalap\u00e1lt lemezk\u00e9k,<br \/>melyeket poncol\u00e1ssal \u00e9s dombor\u00edt\u00e1ssal d\u00edsz\u00edtettek.<\/p><p>139. BRONZP\u00c1NT<br \/>A 16 darab poncolt bronzlemez s\u00edrkamr\u00e1b\u00f3l ker\u00fclt el\u0151, diad\u00e9mhoz, fejp\u00e1nthoz<br \/>tartozhattak, \u00e9s az elhunyt kiemelked\u0151 t\u00e1rsadalmi rangj\u00e1t mutatt\u00e1k.<\/p><p>150. FAZ\u00c9K<br \/>Ebbe az agyagfaz\u00e9kba a s\u00edrban a t\u00falvil\u00e1gi \u00e9letre sz\u00e1nt \u00e9lelmet helyezt\u00e9k.<\/p><p>152. CSONTHENGER<br \/>A szarvasagancsb\u00f3l k\u00e9sz\u00edtett henger szerves anyaggal lez\u00e1rva fest\u00e9ktart\u00f3<br \/>lehetett, karcolt mint\u00e1it bitumennel t\u00f6lt\u00f6tt\u00e9k ki, hogy jobban l\u00e1tsz\u00f3djanak.<\/p><p>155. AGYAG BIKAORROK<br \/>Az orrok agyag bikafejhez tartozhattak, amelyek nagyobb ed\u00e9nyt v\u00e1ll\u00e1t<br \/>d\u00edsz\u00edthett\u00e9k.<\/p><p>156. AGYAG BIKA- \u00c9S KOSFEJEK<br \/>A v\u00f6r\u00f6sre festett \u00e9s grafitm\u00e1zas bika- \u00e9s kosfejek nagyobb ed\u00e9nyek v\u00e1ll\u00e1t<br \/>d\u00edsz\u00edthett\u00e9k.<\/p><p>159\u2013163. ORS\u00d3GOMBOK<br \/>A kis \u00e1tf\u00fart ors\u00f3gomb form\u00e1j\u00fa agyaggy\u00f6ngy\u00f6k lehettek nehez\u00e9kek ors\u00f3p\u00e1lca<br \/>v\u00e9g\u00e9n, ruh\u00e1zathoz tartoz\u00f3 gombok, tarsolyz\u00e1r\u00f3k vagy gyermekj\u00e1t\u00e9kok.<\/p><p>167. T\u00c1L<br \/>Temet\u00e9si szertart\u00e1son haszn\u00e1lhatt\u00e1k ezt a f\u00e9med\u00e9nyek csillog\u00e1s\u00e1t id\u00e9z\u0151<br \/>grafitm\u00e1zas, gondosan form\u00e1lt kis ed\u00e9nyt.<\/p><p>169. T\u00c1L<br \/>S\u00edrokban \u00e9s telep\u00fcl\u00e9seken is el\u0151fordultak ilyen v\u00e9kony fal\u00fa alacsony<br \/>agyagt\u00e1lak.<\/p><p>218. BRONZSZOBOR M\u00c1SOLATA<br \/>Tal\u00e1n temetkez\u00e9si szoborcsoport r\u00e9sze lehetett ez a kett\u0151s fuvol\u00e1t f\u00faj\u00f3 kis<br \/>bronzalak, l\u00e1b\u00e1n az \u00e1tf\u00far\u00e1s jelezheti azt, hogy valamire r\u00e1 volt er\u0151s\u00edtve.<\/p><p>219. AGYAGV\u00d6D\u00d6R<br \/>Ez az el\u0151kel\u0151 szem\u00e9lyek s\u00edrj\u00e1ban el\u0151fordul\u00f3 agyagv\u00f6d\u00f6r korabeli f\u00e9med\u00e9nyt<br \/>ut\u00e1noz, form\u00e1ja arra utal, hogy borkever\u00e9sre haszn\u00e1lt\u00e1k.<\/p><p>264. \u00c1TF\u00daRT BIRKACSONTOK<br \/>Birka \u00e9rdekes alak\u00fa ugr\u00f3csontjait f\u00fart\u00e1k \u00e1t ahhoz, hogy felf\u0171zve nyakban<br \/>viselj\u00e9k.<\/p><p>265. BIKAFEJ<br \/>Az \u00e1llatfejekkel, bikafejjel tal\u00e1n er\u0151t, hatalmat, rangot fejezhettek ki egy-egy<br \/>temetkez\u00e9si ed\u00e9nyen.<\/p><p>266. MAD\u00c1R ALAK\u00da ED\u00c9NYD\u00cdSZ<br \/>A mad\u00e1rka d\u00edsz\u00edthetett ed\u00e9nyt is, fed\u0151t is, tal\u00e1n v\u00edzimadarat form\u00e1z.<\/p>\t\t\t\t\t\t\t\t<\/div>\n\t\t\t\t<\/div>\n\t\t\t\t<\/div>","protected":false},"excerpt":{"rendered":"<p>T\u00falvil\u00e1g 133. FESTETT URNAA 117. halom s\u00edrkamr\u00e1j\u00e1b\u00f3l ker\u00fclt el\u0151 ez a v\u00f6r\u00f6s alapon fekete grafitfest\u00e9kesagyaged\u00e9ny, melyet pereme alatt sakkt\u00e1bla minta, als\u00f3 harmad\u00e1ban agazdagok temetkez\u00e9si ker\u00e1mi\u00e1j\u00e1ra jellemz\u0151 fut\u00f3 meander minta d\u00edsz\u00edt. 134. ED\u00c9NYK\u00c9KA v\u00f6r\u00f6sre festett, egyszer\u0171 form\u00e1j\u00fa miniat\u0171r agyaged\u00e9nyek lehettekfest\u00e9ktart\u00f3k vagy gyerekj\u00e1t\u00e9kok. 135. FED\u0150A k\u00e9zzel form\u00e1lt \u00e9getett agyagfed\u0151t r\u00e1illesztett agyagdudorok d\u00edsz\u00edtik, fog\u00f3jalet\u00f6r\u00f6tt. 138. BRONZLEMEZK\u00c9KVal\u00f3sz\u00edn\u0171leg s\u00edrkamra gerendafal\u00e1t [&hellip;]<\/p>\n","protected":false},"author":3,"featured_media":0,"parent":0,"menu_order":0,"comment_status":"closed","ping_status":"closed","template":"","meta":{"footnotes":""},"class_list":["post-3143","page","type-page","status-publish","hentry"],"jetpack_sharing_enabled":true,"_links":{"self":[{"href":"https:\/\/matricamuzeum.hu\/en\/wp-json\/wp\/v2\/pages\/3143","targetHints":{"allow":["GET"]}}],"collection":[{"href":"https:\/\/matricamuzeum.hu\/en\/wp-json\/wp\/v2\/pages"}],"about":[{"href":"https:\/\/matricamuzeum.hu\/en\/wp-json\/wp\/v2\/types\/page"}],"author":[{"embeddable":true,"href":"https:\/\/matricamuzeum.hu\/en\/wp-json\/wp\/v2\/users\/3"}],"replies":[{"embeddable":true,"href":"https:\/\/matricamuzeum.hu\/en\/wp-json\/wp\/v2\/comments?post=3143"}],"version-history":[{"count":7,"href":"https:\/\/matricamuzeum.hu\/en\/wp-json\/wp\/v2\/pages\/3143\/revisions"}],"predecessor-version":[{"id":3436,"href":"https:\/\/matricamuzeum.hu\/en\/wp-json\/wp\/v2\/pages\/3143\/revisions\/3436"}],"wp:attachment":[{"href":"https:\/\/matricamuzeum.hu\/en\/wp-json\/wp\/v2\/media?parent=3143"}],"curies":[{"name":"wp","href":"https:\/\/api.w.org\/{rel}","templated":true}]}}