{"id":3147,"date":"2026-04-14T10:39:05","date_gmt":"2026-04-14T08:39:05","guid":{"rendered":"https:\/\/matricamuzeum.hu\/?page_id=3147"},"modified":"2026-04-21T09:30:21","modified_gmt":"2026-04-21T07:30:21","slug":"a-mi-jegkorszakunk","status":"publish","type":"page","link":"https:\/\/matricamuzeum.hu\/en\/a-mi-jegkorszakunk","title":{"rendered":"a-mi-jegkorszakunk"},"content":{"rendered":"<div data-elementor-type=\"wp-page\" data-elementor-id=\"3147\" class=\"elementor elementor-3147\" data-elementor-post-type=\"page\">\n\t\t\t\t<div class=\"elementor-element elementor-element-cb2c395 e-con-full e-flex e-con e-parent\" data-id=\"cb2c395\" data-element_type=\"container\" data-e-type=\"container\" data-settings=\"{&quot;background_background&quot;:&quot;classic&quot;,&quot;jet_parallax_layout_list&quot;:[]}\">\n\t\t\t\t<div class=\"elementor-element elementor-element-8d3a618 elementor-widget elementor-widget-heading\" data-id=\"8d3a618\" data-element_type=\"widget\" data-e-type=\"widget\" data-widget_type=\"heading.default\">\n\t\t\t\t\t<h1 class=\"elementor-heading-title elementor-size-default\">A mi j\u00e9gkorszakunk<\/h1>\t\t\t\t<\/div>\n\t\t\t\t<div class=\"elementor-element elementor-element-ff11500 elementor-widget elementor-widget-text-editor\" data-id=\"ff11500\" data-element_type=\"widget\" data-e-type=\"widget\" data-widget_type=\"text-editor.default\">\n\t\t\t\t\t\t\t\t\t<p>1\u20135. F\u00c9S\u0170S KAGYL\u00d3<br \/>A kagyl\u00f3k kb. 5\u201310 milli\u00f3 \u00e9vesek, az egyre \u00e9desebb\u00e9 v\u00e1l\u00f3 tengeri \u00fcled\u00e9kb\u0151l,<br \/>az itteni agyagb\u00f3l ker\u00fcltek el\u0151.<\/p><p>6\u20138. K\u00daPOS CSIGA<br \/>A csig\u00e1k kb. 30 milli\u00f3 \u00e9vesek, m\u00e1r j\u00f3val a dinoszauruszok kipusztul\u00e1sa ut\u00e1n<br \/>jelentek meg.<\/p><p>9. MEGK\u00d6VESEDETT FA<br \/>A k\u0151v\u00e9 v\u00e1lt fadarab kb. egymilli\u00f3 \u00e9ves.<\/p><p>10. \u0150S G\u00cdMSZARVAS \u00c1LLKAPCS\u00c1NAK T\u00d6RED\u00c9KE<br \/>A j\u00e9gkorszaki g\u00edmszarvas a main\u00e1l m\u00e1sf\u00e9lszer nagyobb volt.<\/p><p>11\u201312. MAMUTFOG T\u00d6RED\u00c9KE<br \/>A j\u00e9gkorszak v\u00e9g\u00e9r\u0151l sz\u00e1rmaz\u00f3 fogt\u00f6red\u00e9kek a n\u00f6v\u00e9nyev\u0151 t\u00e1pl\u00e1lkoz\u00e1sra<br \/>alkalmas red\u0151s fogazathoz tartoztak, amit a mamutok \u00e9let\u00fck sor\u00e1n n\u00e9gyszer<br \/>v\u00e1ltottak.<\/p><p>13. MAMUT CS\u00cdP\u0150CSONTJ\u00c1NAK T\u00d6RED\u00c9KE<br \/>A csontt\u00f6red\u00e9k a Dun\u00e1b\u00f3l ker\u00fclt el\u0151, fiatal n\u0151st\u00e9ny mamuthoz tartozhatott.<\/p>\t\t\t\t\t\t\t\t<\/div>\n\t\t\t\t<\/div>\n\t\t\t\t<\/div>","protected":false},"excerpt":{"rendered":"<p>A mi j\u00e9gkorszakunk 1\u20135. F\u00c9S\u0170S KAGYL\u00d3A kagyl\u00f3k kb. 5\u201310 milli\u00f3 \u00e9vesek, az egyre \u00e9desebb\u00e9 v\u00e1l\u00f3 tengeri \u00fcled\u00e9kb\u0151l,az itteni agyagb\u00f3l ker\u00fcltek el\u0151. 6\u20138. K\u00daPOS CSIGAA csig\u00e1k kb. 30 milli\u00f3 \u00e9vesek, m\u00e1r j\u00f3val a dinoszauruszok kipusztul\u00e1sa ut\u00e1njelentek meg. 9. MEGK\u00d6VESEDETT FAA k\u0151v\u00e9 v\u00e1lt fadarab kb. egymilli\u00f3 \u00e9ves. 10. \u0150S G\u00cdMSZARVAS \u00c1LLKAPCS\u00c1NAK T\u00d6RED\u00c9KEA j\u00e9gkorszaki g\u00edmszarvas a main\u00e1l m\u00e1sf\u00e9lszer [&hellip;]<\/p>\n","protected":false},"author":3,"featured_media":0,"parent":0,"menu_order":0,"comment_status":"closed","ping_status":"closed","template":"","meta":{"footnotes":""},"class_list":["post-3147","page","type-page","status-publish","hentry"],"jetpack_sharing_enabled":true,"_links":{"self":[{"href":"https:\/\/matricamuzeum.hu\/en\/wp-json\/wp\/v2\/pages\/3147","targetHints":{"allow":["GET"]}}],"collection":[{"href":"https:\/\/matricamuzeum.hu\/en\/wp-json\/wp\/v2\/pages"}],"about":[{"href":"https:\/\/matricamuzeum.hu\/en\/wp-json\/wp\/v2\/types\/page"}],"author":[{"embeddable":true,"href":"https:\/\/matricamuzeum.hu\/en\/wp-json\/wp\/v2\/users\/3"}],"replies":[{"embeddable":true,"href":"https:\/\/matricamuzeum.hu\/en\/wp-json\/wp\/v2\/comments?post=3147"}],"version-history":[{"count":7,"href":"https:\/\/matricamuzeum.hu\/en\/wp-json\/wp\/v2\/pages\/3147\/revisions"}],"predecessor-version":[{"id":3443,"href":"https:\/\/matricamuzeum.hu\/en\/wp-json\/wp\/v2\/pages\/3147\/revisions\/3443"}],"wp:attachment":[{"href":"https:\/\/matricamuzeum.hu\/en\/wp-json\/wp\/v2\/media?parent=3147"}],"curies":[{"name":"wp","href":"https:\/\/api.w.org\/{rel}","templated":true}]}}