{"id":3151,"date":"2026-04-14T10:39:38","date_gmt":"2026-04-14T08:39:38","guid":{"rendered":"https:\/\/matricamuzeum.hu\/?page_id=3151"},"modified":"2026-04-21T09:31:56","modified_gmt":"2026-04-21T07:31:56","slug":"foldmuvesek-mesterek-kereskedok","status":"publish","type":"page","link":"https:\/\/matricamuzeum.hu\/en\/foldmuvesek-mesterek-kereskedok","title":{"rendered":"foldmuvesek-mesterek-kereskedok"},"content":{"rendered":"<div data-elementor-type=\"wp-page\" data-elementor-id=\"3151\" class=\"elementor elementor-3151\" data-elementor-post-type=\"page\">\n\t\t\t\t<div class=\"elementor-element elementor-element-b66d9fc e-con-full e-flex e-con e-parent\" data-id=\"b66d9fc\" data-element_type=\"container\" data-e-type=\"container\" data-settings=\"{&quot;background_background&quot;:&quot;classic&quot;,&quot;jet_parallax_layout_list&quot;:[]}\">\n\t\t\t\t<div class=\"elementor-element elementor-element-fa491a1 elementor-widget elementor-widget-heading\" data-id=\"fa491a1\" data-element_type=\"widget\" data-e-type=\"widget\" data-widget_type=\"heading.default\">\n\t\t\t\t\t<h1 class=\"elementor-heading-title elementor-size-default\">F\u00f6ldm\u0171vesek, mesterek, keresked\u0151k<\/h1>\t\t\t\t<\/div>\n\t\t\t\t<div class=\"elementor-element elementor-element-9eb3172 elementor-widget elementor-widget-text-editor\" data-id=\"9eb3172\" data-element_type=\"widget\" data-e-type=\"widget\" data-widget_type=\"text-editor.default\">\n\t\t\t\t\t\t\t\t\t<p>60. \u00d6NT\u0150MINTA<br \/>A t\u00f6red\u00e9kes homokk\u0151 \u00f6nt\u0151minta egyik oldal\u00e1n k\u00e9t t\u0151r, a m\u00e1sikon egy t\u0151r \u00e9s<br \/>egy k\u00fapos fej\u0171 t\u0171 negat\u00edvja l\u00e1that\u00f3.<\/p><p>62. \u00d6NTV\u00c9NY M\u00c1SOLATA<br \/>Ezek a bronz\u00f6ntv\u00e9nyek olyan f\u00e9lk\u00e9sz nyersanyagok, amelyeket a term\u00e9szetes<br \/>nyersanyaghoz k\u00f6zeli telepeken k\u00e9sz\u00edtettek el\u0151, \u00e9s \u00f6nt\u00f6ttek sz\u00e1ll\u00edthat\u00f3<br \/>form\u00e1ba.<\/p><p>66. V\u00c9S\u0150M\u00c1SOLAT<br \/>A Magyar Nemzeti M\u00fazeumban l\u00e1that\u00f3 az eredeti bronzv\u00e9s\u0151, amellyel<br \/>k\u00e9toldalas \u00f6nt\u0151form\u00e1val k\u00e9sz\u00edthettek, \u00e9s amellyel f\u00e1t v\u00e9shettek.<\/p><p>69. K\u0150BALTA<br \/>Ilyen csiszolt k\u0151balt\u00e1t az \u00fajk\u0151kort\u00f3l ismert\u00e9k \u00e9s haszn\u00e1lt\u00e1k, nyele lehetett<br \/>valamilyen szerves anyag, amit a k\u0151penge \u00e9s a fany\u00e9l k\u00f6z\u00e9 helyezett<br \/>agancs-, csont- \u00e9s textildarabok seg\u00edts\u00e9g\u00e9vel r\u00f6gz\u00edtettek.<\/p><p>70. K\u0150FURAT<br \/>Ez a kis furcsa t\u00e1rgy \u00fagy keletkezett, hogy egy bazalt k\u0151balt\u00e1t cs\u00f6ves vagy<br \/>\u00fcreges f\u00far\u00f3szersz\u00e1mmal kif\u00fartak.<\/p><p>71. K\u0150 NY\u00cdLHEGYEK<br \/>Ezek a pattintott k\u0151eszk\u00f6z\u00f6k ny\u00edlhegyek, hidrokvarcitb\u00f3l \u00e9s radiolaritb\u00f3l<br \/>k\u00e9sz\u00fcltek.<\/p><p>72. FOGAZOTT F\u0170R\u00c9SZ\u00c9LEK<br \/>Ezeket a f\u0171r\u00e9sz\u00e9leket agancs-, csont- vagy fany\u00e9lbe illesztett\u00e9k, \u00e9s arat\u00f3k\u00e9s<br \/>t\u00edpus\u00fa sarl\u00f3hoz tartozhattak.<\/p><p>78. CSONTT\u00c1RGY<br \/>Birka l\u00e1bk\u00f6z\u00e9pcsontj\u00e1b\u00f3l k\u00e9sz\u00edtett\u00e9k ezt a h\u00e1rom darabb\u00f3l \u00e1ll\u00f3 kombin\u00e1lt<br \/>csonteszk\u00f6zt, ami tal\u00e1n t\u00f6bb\u00e1g\u00fa ostor- vagy korb\u00e1csny\u00e9l lehetett.<\/p><p>80. AGANCSKAPA<br \/>G\u00edmszarvas agancs\u00e1b\u00f3l k\u00e9sz\u00edtett\u00e9k ezt a szersz\u00e1mot, melynek nagyobb<br \/>kop\u00e1sfel\u00fclete \u00e9s ny\u00e9llyuk\u00e1nak ir\u00e1nya azt mutatja, hogy nem kapak\u00e9nt<br \/>haszn\u00e1lt\u00e1k, b\u00e1r lehet, hogy a ny\u00e9llyuk k\u00e9s\u0151bb ker\u00fclt r\u00e1, \u00e9s \u00edgy az eszk\u00f6znek<br \/>t\u00f6bb funkci\u00f3ja is lehetett.<\/p><p>87. KORS\u00d3<br \/>Ez a sz\u00e9p kors\u00f3 import t\u00e1rgy lehetett itt a F\u00f6ldv\u00e1rban (a Vatya kult\u00fara idej\u00e9n),<br \/>egy m\u00e1s (F\u00fczesabony) kult\u00fara ker\u00e1miam\u0171vess\u00e9g\u00e9nek jellegzetes<br \/>d\u00edsz\u00edt\u0151jegyeit viseli mag\u00e1n.<\/p><p>92. BRONZ KARK\u00d6T\u0150 M\u00c1SOLATA<br \/>Az eredeti kark\u00f6t\u0151 egy el\u00e1sott bronzkincs egyik t\u00e1rgya volt, \u00e9s egy b\u00e9k\u00e9s<br \/>korszakban ezt a kincset nem t\u00e1mad\u00e1s miatt rejtett\u00e9k a f\u00f6ldbe, ink\u00e1bb<br \/>\u00e1ldozati adom\u00e1ny, \u00e9rt\u00e9kfelhalmoz\u00e1s vagy csal\u00e1di \u00e9kszerek egy\u00fcttese lehetett.<\/p><p>93\u2013100. BRONZCS\u00dcNG\u0150K \u00c9S RUHAD\u00cdSZEK M\u00c1SOLATAI<br \/>Az eredeti \u00e9kszerek \u00e9s ruhad\u00edszek a gazdags\u00e1got, a b\u0151s\u00e9get \u00e9s tal\u00e1n az<br \/>\u00e9rt\u00e9kfelhalmoz\u00e1st jelenthett\u00e9k a bronzkorban.<\/p><p>102. M\u00c9SZBET\u00c9TES T\u00c1L<br \/>A h\u00e1ztart\u00e1sok m\u00e9szbet\u00e9tes import ed\u00e9nyei kifejezhett\u00e9k a j\u00f3l\u00e9tet \u00e9s a<br \/>gazdags\u00e1got.<\/p><p>103. MAD\u00c1R ALAK\u00da CS\u00d6RG\u0150<br \/>A m\u00e9szbet\u00e9tes agyagcs\u00f6rg\u0151 a korszak hitvil\u00e1g\u00e1hoz tartozhatott,<br \/>cs\u00f6rg\u0151hangj\u00e1nak jelent\u0151s szerepe lehetett a k\u00fcl\u00f6nb\u00f6z\u0151 szertart\u00e1sok,<br \/>var\u00e1zsl\u00e1sok sor\u00e1n.<\/p><p>107. M\u00c9SZBET\u00c9TES MINI URNA<br \/>Ez a miniat\u0171r urna a Mez\u0151f\u00f6ldt\u0151l nyugatra tal\u00e1lhat\u00f3 dun\u00e1nt\u00fali ter\u00fcletekr\u0151l<br \/>sz\u00e1rmaz\u00f3 import ker\u00e1mia. Feh\u00e9r mint\u00e1j\u00e1t m\u00e9szbet\u00e9tnek h\u00edvj\u00e1k, amit \u00fagy<br \/>hoztak l\u00e9tre, hogy az ed\u00e9ny fel\u00fclet\u00e9n bem\u00e9ly\u00edtett v\u00e1jatba toj\u00e1sfeh\u00e9rj\u00e9vel<br \/>\u00f6sszekevert m\u00e9szport sim\u00edtottak.<\/p><p>110. BRONZT\u0150R M\u00c1SOLATA<br \/>A korszak egyik tal\u00e1lm\u00e1nya a t\u0151r, ennek a t\u0151rnek az eredetij\u00e9t tulajdonosa<br \/>igen kedvelhette \u00e9s hossz\u00fa ideig haszn\u00e1lhatta.<\/p><p>187. BRONZ TOKOS V\u00c9S\u0150<br \/>Ezzel a szersz\u00e1mmal f\u0151k\u00e9nt a famegmunk\u00e1l\u00e1st v\u00e9gezt\u00e9k, de sok minden<br \/>m\u00e1sra is haszn\u00e1lhatt\u00e1k.<\/p><p>189. MEGMUNK\u00c1LT SZARVASAGANCS<br \/>A ki\u00e1ll\u00edtott agancsdarab a megmunk\u00e1l\u00e1sa k\u00f6zbeni \u00e1llapot\u00e1t mutatja.<\/p><p>194. K\u0150 \u00d6NT\u0150MINTA<br \/>Az \u00f6nt\u0151form\u00e1val bronzt\u00e1rgyat k\u00e9sz\u00edtettek.<\/p><p>200. ARANYT\u00d6RED\u00c9KEK<br \/>A bronzkorban legink\u00e1bb \u00e9kszerek k\u00e9sz\u00fcltek aranyb\u00f3l (pl. hajkarika, gy\u00f6ngy),<br \/>ezek a t\u00f6red\u00e9kek az \u00e9vek \u00f3ta foly\u00f3 \u00e1sat\u00e1s leg\u00fajabb leletei.<\/p><p>210. BRONZCS\u00dcNG\u0150<br \/>Az \u00f6nt\u00f6tt \u00e9kszert a v\u00e9g\u00e9n visszap\u00f6dr\u00f6tt bronzlappal r\u00f6gz\u00edtett\u00e9k homlokp\u00e1ntra,<br \/>\u00f6vre, nyakl\u00e1ncra, ruha ujj\u00e1ra vagy alj\u00e1ra.<\/p><p>267. L\u00d3SZERSZ\u00c1M CSONTB\u00d3L<br \/>A lovagl\u00e1s \u00e9s a l\u00f3tart\u00e1s a bronzkorban terjedt el Eur\u00f3p\u00e1ban, ennek a<br \/>szok\u00e1snak egyik legszebb maradv\u00e1nyai a csontb\u00f3l k\u00e9sz\u00fclt sz\u00edjeloszt\u00f3<br \/>korongok.<\/p><p>268. L\u00d3SZERSZ\u00c1M AGANCSB\u00d3L<br \/>A lovagl\u00e1s \u00e9s a l\u00f3tart\u00e1s m\u00e1sik gy\u00f6ny\u00f6r\u0171 bronzkori maradv\u00e1nyai az agancsb\u00f3l<br \/>k\u00e9sz\u00fclt zablap\u00e1lc\u00e1k.<\/p>\t\t\t\t\t\t\t\t<\/div>\n\t\t\t\t<\/div>\n\t\t\t\t<\/div>","protected":false},"excerpt":{"rendered":"<p>F\u00f6ldm\u0171vesek, mesterek, keresked\u0151k 60. \u00d6NT\u0150MINTAA t\u00f6red\u00e9kes homokk\u0151 \u00f6nt\u0151minta egyik oldal\u00e1n k\u00e9t t\u0151r, a m\u00e1sikon egy t\u0151r \u00e9segy k\u00fapos fej\u0171 t\u0171 negat\u00edvja l\u00e1that\u00f3. 62. \u00d6NTV\u00c9NY M\u00c1SOLATAEzek a bronz\u00f6ntv\u00e9nyek olyan f\u00e9lk\u00e9sz nyersanyagok, amelyeket a term\u00e9szetesnyersanyaghoz k\u00f6zeli telepeken k\u00e9sz\u00edtettek el\u0151, \u00e9s \u00f6nt\u00f6ttek sz\u00e1ll\u00edthat\u00f3form\u00e1ba. 66. V\u00c9S\u0150M\u00c1SOLATA Magyar Nemzeti M\u00fazeumban l\u00e1that\u00f3 az eredeti bronzv\u00e9s\u0151, amellyelk\u00e9toldalas \u00f6nt\u0151form\u00e1val k\u00e9sz\u00edthettek, \u00e9s amellyel f\u00e1t [&hellip;]<\/p>\n","protected":false},"author":3,"featured_media":0,"parent":0,"menu_order":0,"comment_status":"closed","ping_status":"closed","template":"","meta":{"footnotes":""},"class_list":["post-3151","page","type-page","status-publish","hentry"],"jetpack_sharing_enabled":true,"_links":{"self":[{"href":"https:\/\/matricamuzeum.hu\/en\/wp-json\/wp\/v2\/pages\/3151","targetHints":{"allow":["GET"]}}],"collection":[{"href":"https:\/\/matricamuzeum.hu\/en\/wp-json\/wp\/v2\/pages"}],"about":[{"href":"https:\/\/matricamuzeum.hu\/en\/wp-json\/wp\/v2\/types\/page"}],"author":[{"embeddable":true,"href":"https:\/\/matricamuzeum.hu\/en\/wp-json\/wp\/v2\/users\/3"}],"replies":[{"embeddable":true,"href":"https:\/\/matricamuzeum.hu\/en\/wp-json\/wp\/v2\/comments?post=3151"}],"version-history":[{"count":7,"href":"https:\/\/matricamuzeum.hu\/en\/wp-json\/wp\/v2\/pages\/3151\/revisions"}],"predecessor-version":[{"id":3449,"href":"https:\/\/matricamuzeum.hu\/en\/wp-json\/wp\/v2\/pages\/3151\/revisions\/3449"}],"wp:attachment":[{"href":"https:\/\/matricamuzeum.hu\/en\/wp-json\/wp\/v2\/media?parent=3151"}],"curies":[{"name":"wp","href":"https:\/\/api.w.org\/{rel}","templated":true}]}}