{"id":3155,"date":"2026-04-14T10:40:17","date_gmt":"2026-04-14T08:40:17","guid":{"rendered":"https:\/\/matricamuzeum.hu\/?page_id=3155"},"modified":"2026-04-21T09:33:25","modified_gmt":"2026-04-21T07:33:25","slug":"lakoma","status":"publish","type":"page","link":"https:\/\/matricamuzeum.hu\/en\/lakoma","title":{"rendered":"lakoma"},"content":{"rendered":"<div data-elementor-type=\"wp-page\" data-elementor-id=\"3155\" class=\"elementor elementor-3155\" data-elementor-post-type=\"page\">\n\t\t\t\t<div class=\"elementor-element elementor-element-713bc9f e-con-full e-flex e-con e-parent\" data-id=\"713bc9f\" data-element_type=\"container\" data-e-type=\"container\" data-settings=\"{&quot;background_background&quot;:&quot;classic&quot;,&quot;jet_parallax_layout_list&quot;:[]}\">\n\t\t\t\t<div class=\"elementor-element elementor-element-5fb6808 elementor-widget elementor-widget-heading\" data-id=\"5fb6808\" data-element_type=\"widget\" data-e-type=\"widget\" data-widget_type=\"heading.default\">\n\t\t\t\t\t<h1 class=\"elementor-heading-title elementor-size-default\">Lakoma<\/h1>\t\t\t\t<\/div>\n\t\t\t\t<div class=\"elementor-element elementor-element-8e1ecd0 elementor-widget elementor-widget-text-editor\" data-id=\"8e1ecd0\" data-element_type=\"widget\" data-e-type=\"widget\" data-widget_type=\"text-editor.default\">\n\t\t\t\t\t\t\t\t\t<p>16. T\u00c1L SERT\u00c9SCSONTTAL<br \/>A sv\u00e9dsisak alak\u00fa t\u00e1l d\u00edszed\u00e9ny volt, t\u00e1lal\u00e1sra haszn\u00e1lhatt\u00e1k, \u00e9s lehet, hogy<br \/>felakasztva tartott\u00e1k \u00e9s a konyha vagy a szoba fal\u00e1t d\u00edsz\u00edtette, amikor nem<br \/>\u00e9telt szolg\u00e1ltak fel benne.<\/p><p>22. T\u00c1LKA ELSZENESEDETT MAKKAL<br \/>Ez a kis t\u00e1l amilyen egyszer\u0171 form\u00e1j\u00fa, olyan mutat\u00f3s \u00e9s d\u00edszes.<\/p><p>27. KAN\u00c1L<br \/>A ritka r\u00e9g\u00e9szeti leletnek sz\u00e1m\u00edt\u00f3 agyagkan\u00e1l megmutatja, milyen lehet a<br \/>szerves anyagb\u00f3l k\u00e9sz\u00fclt kanalak form\u00e1ja a bronzkorban.<\/p><p>44. KORS\u00d3<br \/>A kecses, sz\u00e9p kors\u00f3 otthoni, h\u00e1zi \u00fcnnep ed\u00e9nye lehetett, \u00e9s az ilyen szebb<br \/>darabokat elcser\u00e9lhett\u00e9k, elaj\u00e1nd\u00e9kozhatt\u00e1k.<\/p><p>46. T\u00c1L (BENNE SZEN\u00dcLT KENY\u00c9RF\u00c9LE \u00c9S VADALM\u00c1K)<br \/>A t\u00e1l a korszakban igazi mestermunka volt, \u00e9s szerencs\u00e9sen meg\u0151rz\u0151d\u00f6tt<br \/>benne a sok r\u00e9g\u00e9szeti csemege.<\/p><p>56. ERJESZT\u0150ED\u00c9NY<br \/>Ez az agyaged\u00e9ny a bizony\u00edt\u00e9ka annak, hogy a bronzkorban m\u00e1r<br \/>fogyasztottak alkoholos italokat, \u00e9s annak, aki ismerte az italk\u00e9sz\u00edt\u00e9s titk\u00e1t,<br \/>ilyen ed\u00e9ny (is) lehetett a halotti urn\u00e1ja.<\/p><p>213. KORS\u00d3<br \/>Agyagb\u00f3l form\u00e1zt\u00e1k az ed\u00e9nyt, melyben folyad\u00e9kot t\u00e1roltak, \u00e9s amellyel italt<br \/>k\u00edn\u00e1ltak.<\/p><p>214. T\u00c1L HALCSONTTAL<br \/>Agyagb\u00f3l form\u00e1zott d\u00edszt\u00e1l, melyet val\u00f3sz\u00edn\u0171leg nem minden nap, hanem<br \/>fontosabb esem\u00e9nyeken, \u00fcnnepeken helyeztek az asztalra.<\/p><p>217. B\u00d6GR\u00c9K<br \/>A bronzkori leletek egyik leggyakoribb \u00e9s legjellemz\u0151bb darabjai, mind<br \/>egyediek, de \u0171rtartalmuk megegyezik, kb. 1 dl folyad\u00e9k f\u00e9r el benn\u00fck.<\/p>\t\t\t\t\t\t\t\t<\/div>\n\t\t\t\t<\/div>\n\t\t\t\t<\/div>","protected":false},"excerpt":{"rendered":"<p>Lakoma 16. T\u00c1L SERT\u00c9SCSONTTALA sv\u00e9dsisak alak\u00fa t\u00e1l d\u00edszed\u00e9ny volt, t\u00e1lal\u00e1sra haszn\u00e1lhatt\u00e1k, \u00e9s lehet, hogyfelakasztva tartott\u00e1k \u00e9s a konyha vagy a szoba fal\u00e1t d\u00edsz\u00edtette, amikor nem\u00e9telt szolg\u00e1ltak fel benne. 22. T\u00c1LKA ELSZENESEDETT MAKKALEz a kis t\u00e1l amilyen egyszer\u0171 form\u00e1j\u00fa, olyan mutat\u00f3s \u00e9s d\u00edszes. 27. KAN\u00c1LA ritka r\u00e9g\u00e9szeti leletnek sz\u00e1m\u00edt\u00f3 agyagkan\u00e1l megmutatja, milyen lehet aszerves anyagb\u00f3l k\u00e9sz\u00fclt [&hellip;]<\/p>\n","protected":false},"author":3,"featured_media":0,"parent":0,"menu_order":0,"comment_status":"closed","ping_status":"closed","template":"","meta":{"footnotes":""},"class_list":["post-3155","page","type-page","status-publish","hentry"],"jetpack_sharing_enabled":true,"_links":{"self":[{"href":"https:\/\/matricamuzeum.hu\/en\/wp-json\/wp\/v2\/pages\/3155","targetHints":{"allow":["GET"]}}],"collection":[{"href":"https:\/\/matricamuzeum.hu\/en\/wp-json\/wp\/v2\/pages"}],"about":[{"href":"https:\/\/matricamuzeum.hu\/en\/wp-json\/wp\/v2\/types\/page"}],"author":[{"embeddable":true,"href":"https:\/\/matricamuzeum.hu\/en\/wp-json\/wp\/v2\/users\/3"}],"replies":[{"embeddable":true,"href":"https:\/\/matricamuzeum.hu\/en\/wp-json\/wp\/v2\/comments?post=3155"}],"version-history":[{"count":7,"href":"https:\/\/matricamuzeum.hu\/en\/wp-json\/wp\/v2\/pages\/3155\/revisions"}],"predecessor-version":[{"id":3455,"href":"https:\/\/matricamuzeum.hu\/en\/wp-json\/wp\/v2\/pages\/3155\/revisions\/3455"}],"wp:attachment":[{"href":"https:\/\/matricamuzeum.hu\/en\/wp-json\/wp\/v2\/media?parent=3155"}],"curies":[{"name":"wp","href":"https:\/\/api.w.org\/{rel}","templated":true}]}}