{"id":3159,"date":"2026-04-14T10:41:23","date_gmt":"2026-04-14T08:41:23","guid":{"rendered":"https:\/\/matricamuzeum.hu\/?page_id=3159"},"modified":"2026-04-21T09:34:16","modified_gmt":"2026-04-21T07:34:16","slug":"kelet-es-nyugat-hataran","status":"publish","type":"page","link":"https:\/\/matricamuzeum.hu\/en\/kelet-es-nyugat-hataran","title":{"rendered":"kelet-es-nyugat-hataran"},"content":{"rendered":"<div data-elementor-type=\"wp-page\" data-elementor-id=\"3159\" class=\"elementor elementor-3159\" data-elementor-post-type=\"page\">\n\t\t\t\t<div class=\"elementor-element elementor-element-4291d95 e-con-full e-flex e-con e-parent\" data-id=\"4291d95\" data-element_type=\"container\" data-e-type=\"container\" data-settings=\"{&quot;background_background&quot;:&quot;classic&quot;,&quot;jet_parallax_layout_list&quot;:[]}\">\n\t\t\t\t<div class=\"elementor-element elementor-element-dc5f1cc elementor-widget elementor-widget-heading\" data-id=\"dc5f1cc\" data-element_type=\"widget\" data-e-type=\"widget\" data-widget_type=\"heading.default\">\n\t\t\t\t\t<h1 class=\"elementor-heading-title elementor-size-default\">Kelet \u00e9s nyugat hat\u00e1r\u00e1n<\/h1>\t\t\t\t<\/div>\n\t\t\t\t<div class=\"elementor-element elementor-element-2af9242 elementor-widget elementor-widget-text-editor\" data-id=\"2af9242\" data-element_type=\"widget\" data-e-type=\"widget\" data-widget_type=\"text-editor.default\">\n\t\t\t\t\t\t\t\t\t<p>141. CS\u00dcNG\u0150D\u00cdSZEK<br \/>Ezek a kis f\u00fcles r\u00e9zgombok tal\u00e1n l\u00f3szersz\u00e1mhoz tartozhattak.<\/p><p>143 \u2013146. VASK\u00c9SEK<br \/>A k\u00e9sek a legr\u00e9gebbi vast\u00e1rgyak k\u00f6z\u00e9 tartoznak,, csontb\u00f3l vagy f\u00e1b\u00f3l k\u00e9sz\u00fclt nyel\u00fck a halotti m\u00e1gly\u00e1n el\u00e9gtek.<\/p><p>148. H\u00c1RMAS KARIKA<br \/>Ezek a karik\u00e1k bronzb\u00f3l k\u00e9sz\u00fcltek, \u00e9s l\u00f3szersz\u00e1mhoz tartozhattak, oldalgy\u0171r\u0171k voltak.<\/p><p>149. VADKANAGYARAS VASZABLA<br \/>Ez a kifejlett vaddiszn\u00f3 agyaraival d\u00edsz\u00edtett zabla viszonylag ritka lelet, tulajdonos\u00e1nak k\u00fcl\u00f6n\u00f6sen kiemelked\u0151 rangj\u00e1t bizony\u00edtja, \u00edgy hatalmi jelv\u00e9nynek is felfoghat\u00f3.<\/p><p>165. PECS\u00c9TL\u0150<br \/>Ezt az agyagpecs\u00e9tl\u0151t textilfest\u00e9sre haszn\u00e1lhatt\u00e1k.<\/p><p>247. T\u00c1L<br \/>A k\u00e9s\u0151 bronzkori t\u00e1l perem\u00e9t a f\u00fcle f\u00f6l\u00f6tt felh\u00fazt\u00e1k, ilyen ed\u00e9nyt a K\u00e1rp\u00e1t-medenc\u00e9t\u0151l nyugatra gy\u00e1rtottak.<\/p><p>248. \u00d6NT\u0150MINTA K\u0150B\u0150L<br \/>A F\u00f6ldv\u00e1rban tal\u00e1lt\u00e1k ezt az \u00f6nt\u0151form\u00e1t, mely azt bizony\u00edtja, hogy az er\u0151d\u00edtett telepen a k\u00e9s\u0151 bronzkorban is folyt f\u00e9mm\u0171vess\u00e9g.<\/p><p>249. BRONZT\u0170K<br \/>Ezek a t\u0171k is bizony\u00edtj\u00e1k, hogy a sz\u00e1zhalombattai F\u00f6ldv\u00e1rban, er\u0151d\u00edtett telepen a k\u00e9s\u0151 bronzkorban is dolgoztak a f\u00e9mm\u0171vess\u00e9g mesterei.<\/p><p>251. T\u00c1L<br \/>A nagy asztali d\u00edszed\u00e9nyt olyan lakom\u00e1n haszn\u00e1lhatt\u00e1k, mely ut\u00e1n az \u00e1ldozat k\u00f6vetkezett, majd azt k\u00f6vet\u0151en az ed\u00e9nyk\u00e9szletet eltemett\u00e9k, kivont\u00e1k a mindennapi vil\u00e1gb\u00f3l.<\/p>\t\t\t\t\t\t\t\t<\/div>\n\t\t\t\t<\/div>\n\t\t\t\t<\/div>","protected":false},"excerpt":{"rendered":"<p>Kelet \u00e9s nyugat hat\u00e1r\u00e1n 141. CS\u00dcNG\u0150D\u00cdSZEKEzek a kis f\u00fcles r\u00e9zgombok tal\u00e1n l\u00f3szersz\u00e1mhoz tartozhattak. 143 \u2013146. VASK\u00c9SEKA k\u00e9sek a legr\u00e9gebbi vast\u00e1rgyak k\u00f6z\u00e9 tartoznak,, csontb\u00f3l vagy f\u00e1b\u00f3l k\u00e9sz\u00fclt nyel\u00fck a halotti m\u00e1gly\u00e1n el\u00e9gtek. 148. H\u00c1RMAS KARIKAEzek a karik\u00e1k bronzb\u00f3l k\u00e9sz\u00fcltek, \u00e9s l\u00f3szersz\u00e1mhoz tartozhattak, oldalgy\u0171r\u0171k voltak. 149. VADKANAGYARAS VASZABLAEz a kifejlett vaddiszn\u00f3 agyaraival d\u00edsz\u00edtett zabla viszonylag ritka lelet, [&hellip;]<\/p>\n","protected":false},"author":3,"featured_media":0,"parent":0,"menu_order":0,"comment_status":"closed","ping_status":"closed","template":"","meta":{"footnotes":""},"class_list":["post-3159","page","type-page","status-publish","hentry"],"jetpack_sharing_enabled":true,"_links":{"self":[{"href":"https:\/\/matricamuzeum.hu\/en\/wp-json\/wp\/v2\/pages\/3159","targetHints":{"allow":["GET"]}}],"collection":[{"href":"https:\/\/matricamuzeum.hu\/en\/wp-json\/wp\/v2\/pages"}],"about":[{"href":"https:\/\/matricamuzeum.hu\/en\/wp-json\/wp\/v2\/types\/page"}],"author":[{"embeddable":true,"href":"https:\/\/matricamuzeum.hu\/en\/wp-json\/wp\/v2\/users\/3"}],"replies":[{"embeddable":true,"href":"https:\/\/matricamuzeum.hu\/en\/wp-json\/wp\/v2\/comments?post=3159"}],"version-history":[{"count":7,"href":"https:\/\/matricamuzeum.hu\/en\/wp-json\/wp\/v2\/pages\/3159\/revisions"}],"predecessor-version":[{"id":3461,"href":"https:\/\/matricamuzeum.hu\/en\/wp-json\/wp\/v2\/pages\/3159\/revisions\/3461"}],"wp:attachment":[{"href":"https:\/\/matricamuzeum.hu\/en\/wp-json\/wp\/v2\/media?parent=3159"}],"curies":[{"name":"wp","href":"https:\/\/api.w.org\/{rel}","templated":true}]}}