{"id":3162,"date":"2026-04-14T10:41:43","date_gmt":"2026-04-14T08:41:43","guid":{"rendered":"https:\/\/matricamuzeum.hu\/?page_id=3162"},"modified":"2026-04-21T09:34:42","modified_gmt":"2026-04-21T07:34:42","slug":"on-the-border-of-east-and-west","status":"publish","type":"page","link":"https:\/\/matricamuzeum.hu\/en\/on-the-border-of-east-and-west","title":{"rendered":"on-the-border-of-east-and-west"},"content":{"rendered":"<div data-elementor-type=\"wp-page\" data-elementor-id=\"3162\" class=\"elementor elementor-3162\" data-elementor-post-type=\"page\">\n\t\t\t\t<div class=\"elementor-element elementor-element-fe34c20 e-con-full e-flex e-con e-parent\" data-id=\"fe34c20\" data-element_type=\"container\" data-e-type=\"container\" data-settings=\"{&quot;background_background&quot;:&quot;classic&quot;,&quot;jet_parallax_layout_list&quot;:[]}\">\n\t\t\t\t<div class=\"elementor-element elementor-element-a2fac4e elementor-widget elementor-widget-heading\" data-id=\"a2fac4e\" data-element_type=\"widget\" data-e-type=\"widget\" data-widget_type=\"heading.default\">\n\t\t\t\t\t<h1 class=\"elementor-heading-title elementor-size-default\">On the border of east and west<\/h1>\t\t\t\t<\/div>\n\t\t\t\t<div class=\"elementor-element elementor-element-0a24df0 elementor-widget elementor-widget-text-editor\" data-id=\"0a24df0\" data-element_type=\"widget\" data-e-type=\"widget\" data-widget_type=\"text-editor.default\">\n\t\t\t\t\t\t\t\t\t<p>141. HANGING DECORATIONS<br \/>These small, copper buttons with ears may belong to the harness.<\/p><p>143-146. IRON KNIVES<br \/>The knives belonged to the oldest iron objects, the handels that were made out of bone<br \/>or wood burned on the balefire.<\/p><p>148. TRIPLE HOOP<br \/>These hoops made out of bronze, they could belong to the teagle, they were side rings.<\/p><p>149. IRON BIT WITH BOAR TUSK<br \/>This bit decorated with tusks of an adult wild boar is pretty rare, it demonstrates the<br \/>particularly outstanding rank of its owner, so it can also be perceived as a badge of<br \/>power.<\/p><p>165. SEAL<br \/>They used this clay seal for textile dyeing.<\/p><p>247. BOWL<br \/>The rim of the Late Bronze Age bowl was pulled up over the ear; they made these bowls<br \/>to the west from the Carpathian Basin.<\/p><p>248. MOULDING MADE OUT OF STONE<br \/>They found this moulding in F\u00f6ldv\u00e1r, which proves that metalwork continued in the<br \/>fortified settlement even in the late Bronze Age.<\/p><p>249. BRONZE NEEDLES<br \/>These needles prove that the masters of metal art also worked in the Late Bronze Age in<br \/>the F\u00f6ldv\u00e1r in Sz\u00e1zhalombatta.<\/p><p>251. BOWL<br \/>The large decorative tableware could be used at a feast, after which a sacrifice followed,<br \/>after the set of vessels was buried and removed from the everyday world.<\/p>\t\t\t\t\t\t\t\t<\/div>\n\t\t\t\t<\/div>\n\t\t\t\t<\/div>","protected":false},"excerpt":{"rendered":"<p>On the border of east and west 141. HANGING DECORATIONSThese small, copper buttons with ears may belong to the harness. 143-146. IRON KNIVESThe knives belonged to the oldest iron objects, the handels that were made out of boneor wood burned on the balefire. 148. TRIPLE HOOPThese hoops made out of bronze, they could belong to [&hellip;]<\/p>\n","protected":false},"author":3,"featured_media":0,"parent":0,"menu_order":0,"comment_status":"closed","ping_status":"closed","template":"","meta":{"footnotes":""},"class_list":["post-3162","page","type-page","status-publish","hentry"],"jetpack_sharing_enabled":true,"_links":{"self":[{"href":"https:\/\/matricamuzeum.hu\/en\/wp-json\/wp\/v2\/pages\/3162","targetHints":{"allow":["GET"]}}],"collection":[{"href":"https:\/\/matricamuzeum.hu\/en\/wp-json\/wp\/v2\/pages"}],"about":[{"href":"https:\/\/matricamuzeum.hu\/en\/wp-json\/wp\/v2\/types\/page"}],"author":[{"embeddable":true,"href":"https:\/\/matricamuzeum.hu\/en\/wp-json\/wp\/v2\/users\/3"}],"replies":[{"embeddable":true,"href":"https:\/\/matricamuzeum.hu\/en\/wp-json\/wp\/v2\/comments?post=3162"}],"version-history":[{"count":7,"href":"https:\/\/matricamuzeum.hu\/en\/wp-json\/wp\/v2\/pages\/3162\/revisions"}],"predecessor-version":[{"id":3464,"href":"https:\/\/matricamuzeum.hu\/en\/wp-json\/wp\/v2\/pages\/3162\/revisions\/3464"}],"wp:attachment":[{"href":"https:\/\/matricamuzeum.hu\/en\/wp-json\/wp\/v2\/media?parent=3162"}],"curies":[{"name":"wp","href":"https:\/\/api.w.org\/{rel}","templated":true}]}}