{"id":3164,"date":"2026-04-14T10:41:57","date_gmt":"2026-04-14T08:41:57","guid":{"rendered":"https:\/\/matricamuzeum.hu\/?page_id=3164"},"modified":"2026-04-21T09:35:22","modified_gmt":"2026-04-21T07:35:22","slug":"agyag-itt-es-ott","status":"publish","type":"page","link":"https:\/\/matricamuzeum.hu\/en\/agyag-itt-es-ott","title":{"rendered":"agyag-itt-es-ott"},"content":{"rendered":"<div data-elementor-type=\"wp-page\" data-elementor-id=\"3164\" class=\"elementor elementor-3164\" data-elementor-post-type=\"page\">\n\t\t\t\t<div class=\"elementor-element elementor-element-e73db8b e-con-full e-flex e-con e-parent\" data-id=\"e73db8b\" data-element_type=\"container\" data-e-type=\"container\" data-settings=\"{&quot;background_background&quot;:&quot;classic&quot;,&quot;jet_parallax_layout_list&quot;:[]}\">\n\t\t\t\t<div class=\"elementor-element elementor-element-fdef05f elementor-widget elementor-widget-heading\" data-id=\"fdef05f\" data-element_type=\"widget\" data-e-type=\"widget\" data-widget_type=\"heading.default\">\n\t\t\t\t\t<h1 class=\"elementor-heading-title elementor-size-default\">Agyag itt \u00e9s ott<\/h1>\t\t\t\t<\/div>\n\t\t\t\t<div class=\"elementor-element elementor-element-b7f2adb elementor-widget elementor-widget-text-editor\" data-id=\"b7f2adb\" data-element_type=\"widget\" data-e-type=\"widget\" data-widget_type=\"text-editor.default\">\n\t\t\t\t\t\t\t\t\t<p>132. T\u00c1L<br \/>Ez a nagy agyag d\u00edszed\u00e9ny sok munk\u00e1val k\u00e9sz\u00fclhetett, d\u00edsz\u00edt\u00e9se t\u00f6bb akkori<br \/>divat \u00f6sszegy\u00far\u00e1s\u00e1b\u00f3l keletkezett.<\/p><p>223. FONALCS\u00c9V\u00c9L\u0150<br \/>A k\u00e9sz fonalat, c\u00e9rn\u00e1t csavart\u00e1k fel ezzel az agyagt\u00e1rggyal.<\/p><p>224. FONALSODR\u00d3 ESZK\u00d6Z<br \/>Az agyagt\u00e1rgy a textilk\u00e9sz\u00edt\u00e9shez kapcsol\u00f3dik.<\/p><p>226. \u00c9S 228. FAZ\u00c9K<br \/>Ezekben a gyeng\u00e9bb kidolgoz\u00e1s\u00fa agyagfazekakban f\u0151ztek \u00e9s \u00e9teleket t\u00e1roltak<br \/>a h\u00e9tk\u00f6znapokban.<\/p><p>230. IV\u00d3ED\u00c9NY<br \/>Lakom\u00e1kon haszn\u00e1lt\u00e1k ezt a cs\u00e9sz\u00e9t, nemcsak ittak bel\u0151le, hanem ezzel<br \/>mert\u00e9k az italt, p\u00e9ld\u00e1ul a bort a kever\u0151ed\u00e9nyb\u0151l.<\/p><p>233. B\u00d6GRE<br \/>A gazdagon d\u00edsz\u00edtett ker\u00e1mi\u00e1t a magaslati telep\u00fcl\u00e9seken a korszak vezet\u0151, elit<br \/>r\u00e9tege haszn\u00e1lta.<\/p><p>172. FED\u0150<br \/>Ennek a kelta agyagfed\u0151nek az alapanyag\u00e1ban apr\u00f3 meszes szemcs\u00e9k<br \/>l\u00e1that\u00f3k, ilyen agyagb\u00f3l k\u00e9sz\u00fcltek az itt megtal\u00e1lt kora vaskori ker\u00e1mi\u00e1k is, ez<br \/>arra utal, hogy az agyagot helyben b\u00e1ny\u00e1szt\u00e1k.<\/p><p>236. ORS\u00d3KARIKA<br \/>Az ors\u00f3karik\u00e1t elt\u00f6rt kelta ed\u00e9ny oldal\u00e1b\u00f3l k\u00e9sz\u00edtett\u00e9k, az ed\u00e9nydarabot<br \/>\u00e1tlyukasztott\u00e1k, hogy p\u00e1lc\u00e1ra lehessen tenni \u00e9s fonalat lehessen vele fonni.<\/p><p>238. TERM\u00c9NYT\u00c1ROL\u00d3 ED\u00c9NY<br \/>A term\u00e9nyt ilyen nagy ed\u00e9nyben t\u00e1rolt\u00e1k, melynek sz\u0171k\u00fcl\u0151 nyaka a k\u00e1rtev\u0151ket<br \/>t\u00e1vol tartotta.<\/p><p>240. FED\u0150<br \/>Ezt a fed\u0151t gazdagon d\u00edsz\u00edtett\u00e9k, \u00e9s \u00e9rdekess\u00e9ge, hogy ugyan\u00fagy, mint a<br \/>korszak t\u00f6bbi fed\u0151je, ez is az akkori nemesi kalapok form\u00e1j\u00e1t k\u00f6veti.<\/p><p>243. \u00c9S 244. ORS\u00d3GOMBOK<br \/>Ezek olyan \u00e1tf\u00fart nehez\u00e9kek, melyekkel k\u00f6nnyebben forgott az egyenes<br \/>ors\u00f3p\u00e1lca, \u00e9s ez a forg\u00e1s seg\u00edtette a fonal k\u00e9sz\u00edt\u00e9s\u00e9t.<\/p><p>245. \u00c1LLATFEJ ALAK\u00da ED\u00c9NYD\u00cdSZEK<br \/>A bika a korszakban er\u0151t, hatalmat jelk\u00e9pezett<br \/>\u00e9s az elhunytak tisztelet\u00e9t is kifejezhett\u00e9k megjelen\u00edt\u00e9s\u00e9vel, ez a bikafej<br \/>nagyobb agyaged\u00e9ny v\u00e1ll\u00e1t d\u00edsz\u00edthette \u00e9s onnan t\u00f6rhetett le.<\/p>\t\t\t\t\t\t\t\t<\/div>\n\t\t\t\t<\/div>\n\t\t\t\t<\/div>","protected":false},"excerpt":{"rendered":"<p>Agyag itt \u00e9s ott 132. T\u00c1LEz a nagy agyag d\u00edszed\u00e9ny sok munk\u00e1val k\u00e9sz\u00fclhetett, d\u00edsz\u00edt\u00e9se t\u00f6bb akkoridivat \u00f6sszegy\u00far\u00e1s\u00e1b\u00f3l keletkezett. 223. FONALCS\u00c9V\u00c9L\u0150A k\u00e9sz fonalat, c\u00e9rn\u00e1t csavart\u00e1k fel ezzel az agyagt\u00e1rggyal. 224. FONALSODR\u00d3 ESZK\u00d6ZAz agyagt\u00e1rgy a textilk\u00e9sz\u00edt\u00e9shez kapcsol\u00f3dik. 226. \u00c9S 228. FAZ\u00c9KEzekben a gyeng\u00e9bb kidolgoz\u00e1s\u00fa agyagfazekakban f\u0151ztek \u00e9s \u00e9teleket t\u00e1roltaka h\u00e9tk\u00f6znapokban. 230. IV\u00d3ED\u00c9NYLakom\u00e1kon haszn\u00e1lt\u00e1k ezt a cs\u00e9sz\u00e9t, nemcsak [&hellip;]<\/p>\n","protected":false},"author":3,"featured_media":0,"parent":0,"menu_order":0,"comment_status":"closed","ping_status":"closed","template":"","meta":{"footnotes":""},"class_list":["post-3164","page","type-page","status-publish","hentry"],"jetpack_sharing_enabled":true,"_links":{"self":[{"href":"https:\/\/matricamuzeum.hu\/en\/wp-json\/wp\/v2\/pages\/3164","targetHints":{"allow":["GET"]}}],"collection":[{"href":"https:\/\/matricamuzeum.hu\/en\/wp-json\/wp\/v2\/pages"}],"about":[{"href":"https:\/\/matricamuzeum.hu\/en\/wp-json\/wp\/v2\/types\/page"}],"author":[{"embeddable":true,"href":"https:\/\/matricamuzeum.hu\/en\/wp-json\/wp\/v2\/users\/3"}],"replies":[{"embeddable":true,"href":"https:\/\/matricamuzeum.hu\/en\/wp-json\/wp\/v2\/comments?post=3164"}],"version-history":[{"count":7,"href":"https:\/\/matricamuzeum.hu\/en\/wp-json\/wp\/v2\/pages\/3164\/revisions"}],"predecessor-version":[{"id":3467,"href":"https:\/\/matricamuzeum.hu\/en\/wp-json\/wp\/v2\/pages\/3164\/revisions\/3467"}],"wp:attachment":[{"href":"https:\/\/matricamuzeum.hu\/en\/wp-json\/wp\/v2\/media?parent=3164"}],"curies":[{"name":"wp","href":"https:\/\/api.w.org\/{rel}","templated":true}]}}