{"id":3168,"date":"2026-04-14T10:42:17","date_gmt":"2026-04-14T08:42:17","guid":{"rendered":"https:\/\/matricamuzeum.hu\/?page_id=3168"},"modified":"2026-04-21T09:36:17","modified_gmt":"2026-04-21T07:36:17","slug":"matrica-szinei","status":"publish","type":"page","link":"https:\/\/matricamuzeum.hu\/en\/matrica-szinei","title":{"rendered":"matrica-szinei"},"content":{"rendered":"<div data-elementor-type=\"wp-page\" data-elementor-id=\"3168\" class=\"elementor elementor-3168\" data-elementor-post-type=\"page\">\n\t\t\t\t<div class=\"elementor-element elementor-element-b7d5bc5 e-con-full e-flex e-con e-parent\" data-id=\"b7d5bc5\" data-element_type=\"container\" data-e-type=\"container\" data-settings=\"{&quot;background_background&quot;:&quot;classic&quot;,&quot;jet_parallax_layout_list&quot;:[]}\">\n\t\t\t\t<div class=\"elementor-element elementor-element-df15a38 elementor-widget elementor-widget-heading\" data-id=\"df15a38\" data-element_type=\"widget\" data-e-type=\"widget\" data-widget_type=\"heading.default\">\n\t\t\t\t\t<h1 class=\"elementor-heading-title elementor-size-default\">\u201eMatrica\u201d sz\u00ednei<\/h1>\t\t\t\t<\/div>\n\t\t\t\t<div class=\"elementor-element elementor-element-3bbf953 elementor-widget elementor-widget-text-editor\" data-id=\"3bbf953\" data-element_type=\"widget\" data-e-type=\"widget\" data-widget_type=\"text-editor.default\">\n\t\t\t\t\t\t\t\t\t<p>13. KORS\u00d3<br \/>Pann\u00f3niai helyi fazekas k\u00e9sz\u00edthette ezt a narancsos fest\u00e9s\u0171 agyagkors\u00f3t,<br \/>amelyben vizet lehetett sz\u00e1ll\u00edtani, t\u00e1rolni.<\/p><p>17. T\u00c1NY\u00c9R<br \/>Ez az agyagt\u00e1ny\u00e9r csak olyan, mintha terra sigillata ed\u00e9ny lenne, ink\u00e1bb<br \/>ut\u00e1nozza \u00e9s a pann\u00f3niai sz\u00fcrke\u00e1runak nevezett ker\u00e1miafajta<br \/>barn\u00e1s-narancsos fest\u00e9s\u0171 v\u00e1ltozat\u00e1hoz tartozik.<\/p><p>26. TUNIK\u00c1S ALAK T\u00d6RED\u00c9KE<br \/>Az alak \u00e9s a ruha lend\u00fclet\u00e9b\u0151l arra lehet k\u00f6vetkeztetni, hogy \u00f6sszetettebb<br \/>alkot\u00e1s r\u00e9sze lehetett ez az agyagt\u00f6red\u00e9k.<\/p><p>105. POH\u00c1R<br \/>Egy r\u00f3mai kor ut\u00e1ni s\u00edrb\u00f3l ker\u00fclt el\u0151 ez a Kr. u. V. sz\u00e1zadi vastag fal\u00fa,<br \/>Pann\u00f3ni\u00e1ban ritka \u00fcvegpoh\u00e1r, melyet nem f\u00fajtak, hanem form\u00e1ba \u00f6nt\u00f6ttek.<\/p><p>106. KORS\u00d3<br \/>A matricai temet\u0151k \u00fcvegleletei k\u00f6z\u00f6tt a legszebb lehet ez az egyf\u00fcl\u0171<br \/>\u00fcvegkors\u00f3, amely az \u00e9szaki temet\u0151 egyik t\u00e9glas\u00edrj\u00e1b\u00f3l ker\u00fclt el\u0151, \u00e9s<br \/>jellegzetess\u00e9ge a sz\u00e1j fel\u00e9 hajtott szalagf\u00fcl \u00e9s a k\u00e9s\u0151 r\u00f3mai korra k\u00fcl\u00f6n\u00f6sen<br \/>jellemz\u0151 k\u00f6rte alak\u00fa test, a nyakon l\u00e1that\u00f3 gy\u0171r\u0171, valamint a k\u00fcl\u00f6n kik\u00e9pzett<br \/>talp.<\/p><p>135. D\u00cdSZT\u00c1L T\u00d6RED\u00c9KE<br \/>A d\u00edszt\u00e1l az \u00f3kor porcel\u00e1nj\u00e1t, a terra sigillata ed\u00e9nyt ut\u00e1nozta, korongol\u00e1ssal<br \/>k\u00e9sz\u00fclt, \u00e9s d\u00edszeit pecs\u00e9tel\u00e9ssel vitt\u00e9k fel.<\/p><p>136. FEJ ALAK\u00da BOROSKANCS\u00d3<br \/>Ritka volt a r\u00f3mai korban errefel\u00e9 a fejet \u00e1br\u00e1zol\u00f3 kors\u00f3, Pann\u00f3ni\u00e1ba igen<br \/>nagy t\u00e1vols\u00e1gb\u00f3l \u00e9rkezett.<\/p><p>138. M\u00c1ZAS T\u00c1L<br \/>Egyik legkedveltebb t\u00e1lforma volt az ilyen a limes menti er\u0151d\u00f6kben, telepeken,<br \/>\u00e9s m\u00e1za sz\u00ednek\u00e9nt a vil\u00e1gosz\u00f6ldet haszn\u00e1lt\u00e1k leggyakrabban a korszakban.<\/p><p>140. POH\u00c1R<br \/>Az egyszer\u0171 poharat a k\u00e9s\u0151 r\u00f3mai korban haszn\u00e1lt\u00e1k.<\/p><p>150. GYERTYATART\u00d3<br \/>A r\u00f3mai korban a m\u00e9csesek mellett nagym\u00e9ret\u0171, \u00e1ltal\u00e1ban bronzb\u00f3l,<br \/>m\u00e1rv\u00e1nyb\u00f3l k\u00e9sz\u00fclt gyertya- vagy m\u00e9csestart\u00f3kat, kandel\u00e1bereket is<br \/>haszn\u00e1ltak a vil\u00e1g\u00edt\u00e1shoz. Ez a t\u00e1rgy egy agyagkandel\u00e1ber t\u00f6red\u00e9ke.<\/p><p>191. \u00dcVEGT\u00d6RED\u00c9KEK<br \/>A k\u00e9t \u00fcvegdarab felsz\u00edn\u00e9n hossz\u00fa \u00e9vsz\u00e1zadok alatt k\u00e9pz\u0151d\u00f6tt a sziv\u00e1rv\u00e1ny<br \/>sz\u00edneiben j\u00e1tsz\u00f3 bevonat, ezt nevezik patin\u00e1nak.<\/p><p>192. T\u00c1L<br \/>A r\u00f3mai korban a h\u00e9tk\u00f6znapi ed\u00e9nyeket form\u00e1zhatt\u00e1k finom szemcs\u00e9s<br \/>agyagb\u00f3l, \u00e9s az ed\u00e9nyek leggyakoribb sz\u00edne a sz\u00fcrke volt.<\/p>\t\t\t\t\t\t\t\t<\/div>\n\t\t\t\t<\/div>\n\t\t\t\t<\/div>","protected":false},"excerpt":{"rendered":"<p>\u201eMatrica\u201d sz\u00ednei 13. KORS\u00d3Pann\u00f3niai helyi fazekas k\u00e9sz\u00edthette ezt a narancsos fest\u00e9s\u0171 agyagkors\u00f3t,amelyben vizet lehetett sz\u00e1ll\u00edtani, t\u00e1rolni. 17. T\u00c1NY\u00c9REz az agyagt\u00e1ny\u00e9r csak olyan, mintha terra sigillata ed\u00e9ny lenne, ink\u00e1bbut\u00e1nozza \u00e9s a pann\u00f3niai sz\u00fcrke\u00e1runak nevezett ker\u00e1miafajtabarn\u00e1s-narancsos fest\u00e9s\u0171 v\u00e1ltozat\u00e1hoz tartozik. 26. TUNIK\u00c1S ALAK T\u00d6RED\u00c9KEAz alak \u00e9s a ruha lend\u00fclet\u00e9b\u0151l arra lehet k\u00f6vetkeztetni, hogy \u00f6sszetettebbalkot\u00e1s r\u00e9sze lehetett ez az [&hellip;]<\/p>\n","protected":false},"author":3,"featured_media":0,"parent":0,"menu_order":0,"comment_status":"closed","ping_status":"closed","template":"","meta":{"footnotes":""},"class_list":["post-3168","page","type-page","status-publish","hentry"],"jetpack_sharing_enabled":true,"_links":{"self":[{"href":"https:\/\/matricamuzeum.hu\/en\/wp-json\/wp\/v2\/pages\/3168","targetHints":{"allow":["GET"]}}],"collection":[{"href":"https:\/\/matricamuzeum.hu\/en\/wp-json\/wp\/v2\/pages"}],"about":[{"href":"https:\/\/matricamuzeum.hu\/en\/wp-json\/wp\/v2\/types\/page"}],"author":[{"embeddable":true,"href":"https:\/\/matricamuzeum.hu\/en\/wp-json\/wp\/v2\/users\/3"}],"replies":[{"embeddable":true,"href":"https:\/\/matricamuzeum.hu\/en\/wp-json\/wp\/v2\/comments?post=3168"}],"version-history":[{"count":7,"href":"https:\/\/matricamuzeum.hu\/en\/wp-json\/wp\/v2\/pages\/3168\/revisions"}],"predecessor-version":[{"id":3473,"href":"https:\/\/matricamuzeum.hu\/en\/wp-json\/wp\/v2\/pages\/3168\/revisions\/3473"}],"wp:attachment":[{"href":"https:\/\/matricamuzeum.hu\/en\/wp-json\/wp\/v2\/media?parent=3168"}],"curies":[{"name":"wp","href":"https:\/\/api.w.org\/{rel}","templated":true}]}}