{"id":3172,"date":"2026-04-14T10:43:00","date_gmt":"2026-04-14T08:43:00","guid":{"rendered":"https:\/\/matricamuzeum.hu\/?page_id=3172"},"modified":"2026-04-21T09:37:41","modified_gmt":"2026-04-21T07:37:41","slug":"birodalmi-kapcsolatok","status":"publish","type":"page","link":"https:\/\/matricamuzeum.hu\/en\/birodalmi-kapcsolatok","title":{"rendered":"birodalmi-kapcsolatok"},"content":{"rendered":"<div data-elementor-type=\"wp-page\" data-elementor-id=\"3172\" class=\"elementor elementor-3172\" data-elementor-post-type=\"page\">\n\t\t\t\t<div class=\"elementor-element elementor-element-fedaac6 e-con-full e-flex e-con e-parent\" data-id=\"fedaac6\" data-element_type=\"container\" data-e-type=\"container\" data-settings=\"{&quot;background_background&quot;:&quot;classic&quot;,&quot;jet_parallax_layout_list&quot;:[]}\">\n\t\t\t\t<div class=\"elementor-element elementor-element-bce0a70 elementor-widget elementor-widget-heading\" data-id=\"bce0a70\" data-element_type=\"widget\" data-e-type=\"widget\" data-widget_type=\"heading.default\">\n\t\t\t\t\t<h1 class=\"elementor-heading-title elementor-size-default\">Birodalmi kapcsolatok<\/h1>\t\t\t\t<\/div>\n\t\t\t\t<div class=\"elementor-element elementor-element-809b148 elementor-widget elementor-widget-text-editor\" data-id=\"809b148\" data-element_type=\"widget\" data-e-type=\"widget\" data-widget_type=\"text-editor.default\">\n\t\t\t\t\t\t\t\t\t<p>3. TERRA SIGILLATA T\u00c1L<br \/>Az \u00f3kor porcel\u00e1nj\u00e1nak nevezett terra sigillata ed\u00e9nyeket titokzatos \u00f6sszet\u00e9tel\u0171<br \/>v\u00f6r\u00f6s m\u00e1zzal vont\u00e1k be \u00e9s nagytud\u00e1s\u00fa mesterek k\u00e9sz\u00edtett\u00e9k \u00e9s d\u00edsz\u00edtett\u00e9k,<br \/>p\u00e9ld\u00e1ul ennek a t\u00e1lnak a domborm\u0171v\u00e9n Hercules \u00e9s Victoria is megjelenik.<\/p><p>18. TERRA SIGILLATA T\u00c1NY\u00c9R<br \/>Ennek az \u00f3kor porcel\u00e1nj\u00e1nak is nevezett terra sigillata ed\u00e9nynek a tulajdonosa<br \/>\u00fagy fejezte ki azt, hogy a t\u00e1l milyen \u00e9rt\u00e9kes, hogy az al\u00e1bbi sz\u00f6veget karcolta<br \/>az alj\u00e1ba:\u201eMaximinus\u00e9 vagyok, adj\u00e1l vissza neki!\u201d<\/p><p>20. POMPEJI V\u00d6R\u00d6S T\u00c1L<br \/>A katon\u00e1k nagyon kedvelt\u00e9k ezt az ed\u00e9nyform\u00e1t az I. sz\u00e1zad v\u00e9g\u00e9t\u0151l a II.<br \/>sz\u00e1zad v\u00e9g\u00e9ig.<\/p><p>21. FED\u0150<br \/>Ilyen egyszer\u0171, fog\u00f3gombos agyagfed\u0151t haszn\u00e1ltak Pann\u00f3ni\u00e1ban a<br \/>leggyakrabban.<\/p><p>36. BRONZED\u00c9NY<br \/>Egy Dun\u00e1n els\u00fcllyedt haj\u00f3 rakom\u00e1ny\u00e1hoz tartozott ez az ed\u00e9ny t\u00f6bb m\u00e1s<br \/>ed\u00e9nnyel egy\u00fctt, \u00e9s az ed\u00e9nyek k\u00f6z\u00fcl n\u00e9h\u00e1nyra r\u00e1 volt \u00edrva tulajdonos\u00e1nak<br \/>neve, innen tudjuk, hogy a haj\u00f3 Brigeti\u00f3b\u00f3l, a mai Sz\u0151nyb\u0151l sz\u00e1rmazott.<\/p><p>48. BRONZF\u00dcL<br \/>Olyan m\u00edves boros kancs\u00f3 f\u00fcle volt ez a maszkot \u00e1br\u00e1zol\u00f3 bronzt\u00e1rgy, amely a<br \/>tehet\u0151sebbek lakom\u00e1inak n\u00e9lk\u00fcl\u00f6zhetetlen ed\u00e9nye volt.<\/p><p>57. AMFORA<br \/>A jellegzetes f\u00fcl\u0171 agyaged\u00e9ny Keletr\u0151l, It\u00e1li\u00e1b\u00f3l vagy Hisp\u00e1ni\u00e1b\u00f3l behozott<br \/>bor, olaj vagy halm\u00e1rt\u00e1s (garum) sz\u00e1ll\u00edt\u00e1s\u00e1ra, csomagol\u00e1s\u00e1ra szolg\u00e1lt.<\/p><p>58. DENARIUSOK<br \/>Az ez\u00fcst p\u00e9nz\u00e9rm\u00e9ket a katonai t\u00e1bor k\u00f6zep\u00e9n \u00e1ll\u00f3 t\u00e1borszent\u00e9ly pinc\u00e9j\u00e9ben<br \/>tal\u00e1lt\u00e1k, t\u00f6bb uralkod\u00f3 (Marcus Aurelius, Caracalla cs\u00e1sz\u00e1rok, Lucilla,<br \/>Faustina, Salonina cs\u00e1sz\u00e1rn\u0151k) veretei megtal\u00e1lhat\u00f3k k\u00f6zt\u00fck.<\/p><p>154. KORS\u00d3<br \/>Helyi, pann\u00f3niai fazekas k\u00e9sz\u00edtette ezt az agyaged\u00e9nyt, melyet \u00e1ltal\u00e1ban<br \/>asztaln\u00e1l, \u00e9tkez\u00e9s k\u00f6zben haszn\u00e1ltak.<\/p><p>156. MER\u00cdT\u0150ED\u00c9NY<br \/>A k\u00e9s\u0151 r\u00f3mai korban haszn\u00e1lhatt\u00e1k ezt az agyaged\u00e9nyt.<\/p><p>158. HOROG<br \/>M\u00e1r a r\u00f3mai korban is horg\u00e1sztak, ezzel a horoggal nagyobb m\u00e9ret\u0171 halakat<br \/>fogtak ki a Dun\u00e1b\u00f3l.<\/p><p>185. \u00dcVEGPASZTA GY\u00d6NGY<br \/>A r\u00f3maiak az ilyen gy\u00f6ngy\u00f6ket nagy mennyis\u00e9gben gy\u00e1rtott\u00e1k, majd eladt\u00e1k a<br \/>szomsz\u00e9dos szarmata ter\u00fcletekre, \u00edgy ez a darab az Alf\u00f6ld ter\u00fclet\u00e9re indul\u00f3<br \/>sz\u00e1ll\u00edtm\u00e1ny r\u00e9sze vagy a Duna t\u00falpartj\u00e1r\u00f3l \u00e9rkez\u0151 szarmata tulajdona lehetett.<\/p><p>186. NY\u00cdLHEGYEK<br \/>Ezeket a vas ny\u00edlhegyeket vad\u00e1szok vagy katon\u00e1k haszn\u00e1lt\u00e1k.<\/p>\t\t\t\t\t\t\t\t<\/div>\n\t\t\t\t<\/div>\n\t\t\t\t<\/div>","protected":false},"excerpt":{"rendered":"<p>Birodalmi kapcsolatok 3. TERRA SIGILLATA T\u00c1LAz \u00f3kor porcel\u00e1nj\u00e1nak nevezett terra sigillata ed\u00e9nyeket titokzatos \u00f6sszet\u00e9tel\u0171v\u00f6r\u00f6s m\u00e1zzal vont\u00e1k be \u00e9s nagytud\u00e1s\u00fa mesterek k\u00e9sz\u00edtett\u00e9k \u00e9s d\u00edsz\u00edtett\u00e9k,p\u00e9ld\u00e1ul ennek a t\u00e1lnak a domborm\u0171v\u00e9n Hercules \u00e9s Victoria is megjelenik. 18. TERRA SIGILLATA T\u00c1NY\u00c9REnnek az \u00f3kor porcel\u00e1nj\u00e1nak is nevezett terra sigillata ed\u00e9nynek a tulajdonosa\u00fagy fejezte ki azt, hogy a t\u00e1l milyen \u00e9rt\u00e9kes, [&hellip;]<\/p>\n","protected":false},"author":3,"featured_media":0,"parent":0,"menu_order":0,"comment_status":"closed","ping_status":"closed","template":"","meta":{"footnotes":""},"class_list":["post-3172","page","type-page","status-publish","hentry"],"jetpack_sharing_enabled":true,"_links":{"self":[{"href":"https:\/\/matricamuzeum.hu\/en\/wp-json\/wp\/v2\/pages\/3172","targetHints":{"allow":["GET"]}}],"collection":[{"href":"https:\/\/matricamuzeum.hu\/en\/wp-json\/wp\/v2\/pages"}],"about":[{"href":"https:\/\/matricamuzeum.hu\/en\/wp-json\/wp\/v2\/types\/page"}],"author":[{"embeddable":true,"href":"https:\/\/matricamuzeum.hu\/en\/wp-json\/wp\/v2\/users\/3"}],"replies":[{"embeddable":true,"href":"https:\/\/matricamuzeum.hu\/en\/wp-json\/wp\/v2\/comments?post=3172"}],"version-history":[{"count":7,"href":"https:\/\/matricamuzeum.hu\/en\/wp-json\/wp\/v2\/pages\/3172\/revisions"}],"predecessor-version":[{"id":3479,"href":"https:\/\/matricamuzeum.hu\/en\/wp-json\/wp\/v2\/pages\/3172\/revisions\/3479"}],"wp:attachment":[{"href":"https:\/\/matricamuzeum.hu\/en\/wp-json\/wp\/v2\/media?parent=3172"}],"curies":[{"name":"wp","href":"https:\/\/api.w.org\/{rel}","templated":true}]}}