{"id":3176,"date":"2026-04-14T10:43:20","date_gmt":"2026-04-14T08:43:20","guid":{"rendered":"https:\/\/matricamuzeum.hu\/?page_id=3176"},"modified":"2026-04-21T09:40:28","modified_gmt":"2026-04-21T07:40:28","slug":"temetok","status":"publish","type":"page","link":"https:\/\/matricamuzeum.hu\/en\/temetok","title":{"rendered":"temetok"},"content":{"rendered":"<div data-elementor-type=\"wp-page\" data-elementor-id=\"3176\" class=\"elementor elementor-3176\" data-elementor-post-type=\"page\">\n\t\t\t\t<div class=\"elementor-element elementor-element-2283f9b e-con-full e-flex e-con e-parent\" data-id=\"2283f9b\" data-element_type=\"container\" data-e-type=\"container\" data-settings=\"{&quot;background_background&quot;:&quot;classic&quot;,&quot;jet_parallax_layout_list&quot;:[]}\">\n\t\t\t\t<div class=\"elementor-element elementor-element-4e27d6d elementor-widget elementor-widget-heading\" data-id=\"4e27d6d\" data-element_type=\"widget\" data-e-type=\"widget\" data-widget_type=\"heading.default\">\n\t\t\t\t\t<h1 class=\"elementor-heading-title elementor-size-default\">Temet\u0151k<\/h1>\t\t\t\t<\/div>\n\t\t\t\t<div class=\"elementor-element elementor-element-d6bad28 elementor-widget elementor-widget-text-editor\" data-id=\"d6bad28\" data-element_type=\"widget\" data-e-type=\"widget\" data-widget_type=\"text-editor.default\">\n\t\t\t\t\t\t\t\t\t<p>22. POH\u00c1R VAGY KISFAZ\u00c9K<br \/>Ezt a s\u00f6t\u00e9tsz\u00fcrke, szinte fekete, szemcs\u00e9s anyag\u00fa kis agyagfazekat helyben<br \/>gy\u00e1rtott\u00e1k.<\/p><p>49. FIBULA<br \/>Az \u00e1tt\u00f6rt d\u00edsz\u0171 bronz ruhakapcsol\u00f3t\u0171 kelta asszonyok viselet\u00e9re volt jellemz\u0151.<\/p><p>60. \u00d3LOMLAPOCSK\u00c1K<br \/>A kis ny\u00e9llel ell\u00e1tott lapocska a h\u00e1rom Gr\u00e1ci\u00e1t, a b\u00e1j, a kellem, a sz\u00e9ps\u00e9g \u00e9s<br \/>j\u00f3s\u00e1g istenn\u0151it \u00e1br\u00e1zolja, \u00e9s a r\u00f3maiak fogadalmi aj\u00e1nd\u00e9kk\u00e9nt ilyen<br \/>lapocsk\u00e1kat aj\u00e1nd\u00e9koztak az isteneknek, ha j\u00f3indulatukat, seg\u00edts\u00e9g\u00fcket<br \/>k\u00e9rt\u00e9k, vagy megk\u00f6sz\u00f6nt\u00e9k t\u00e1mogat\u00e1sukat.<\/p><p>61. L\u00c1DIKAF\u00dcL<br \/>Nagyobb l\u00e1dik\u00e1hoz tartozhatott ez a sz\u00e9p \u00e9s finom kidolgoz\u00e1s\u00fa, stiliz\u00e1lt<br \/>kacsafejekben v\u00e9gz\u0151d\u0151 bronzf\u00fcl, melynek a feler\u0151s\u00edt\u00e9s\u00e9re szolg\u00e1l\u00f3 szegecsei<br \/>is megmaradtak.<\/p><p>62. KARPEREC<br \/>A bronzlemezb\u0151l k\u00e9sz\u00fclt kark\u00f6t\u0151 jellegzetess\u00e9ge az ersz\u00e9ny form\u00e1j\u00fa<br \/>kidudorod\u00e1sa.<\/p><p>64. L\u00c1DIKAKULCS<br \/>A vaskulcs olyan l\u00e1dika z\u00e1rj\u00e1t nyitotta, amilyenek leggyakrabban temet\u0151kben<br \/>ker\u00fclnek el\u0151, \u00e9s amelyeket a t\u00falvil\u00e1gi \u00e9lethez is sz\u00fcks\u00e9gesnek gondoltak a<br \/>r\u00f3maiak.<\/p><p>66. L\u00c1DIKAVERET<br \/>Z\u00e1rhat\u00f3 fal\u00e1dika elej\u00e9t vagy tetej\u00e9t d\u00edsz\u00edthette ez a bronzveret, \u00e9s a r\u00f3maiak<br \/>hittek abban, hogy a l\u00e1dik\u00e1k a t\u00falvil\u00e1gi \u00e9lethez is kellenek, ez\u00e9rt gyakran<br \/>temet\u0151kb\u0151l ker\u00fclnek el\u0151 a l\u00e1dik\u00e1k f\u00e9mr\u00e9szeinek maradv\u00e1nyai.<\/p><p>67. KARPEREC<br \/>Ez a karperec csontb\u00f3l k\u00e9sz\u00fclt, a csontot olcs\u00f3s\u00e1ga, k\u00f6nny\u0171 megmunk\u00e1l\u00e1sa<br \/>\u00e9s mutat\u00f3ss\u00e1ga miatt \u00e9kszerek nyersanyagak\u00e9nt is kedvelt\u00e9k \u00e9s haszn\u00e1lt\u00e1k a<br \/>r\u00f3maiak.<\/p><p>69., 74., 76. CSONTT\u0170<br \/>Csontt\u0171k nemcsak s\u00edrokb\u00f3l ker\u00fcltek el\u0151, hanem a f\u00fcrd\u0151n\u00e9l \u00e9s a telep\u00fcl\u00e9s<br \/>ter\u00fclet\u00e9n is tal\u00e1ltak bel\u0151l\u00fck, lehettek varr\u00f3t\u0171k \u00e9s r\u00f6gz\u00edthettek kontyot,<br \/>hajfonatot.<\/p><p>72. CSONTF\u00c9S\u0170<br \/>A k\u00e9s\u0151 r\u00f3mai n\u0151i divat egyik jellegzetes t\u00e1rgya volt a csontf\u00e9s\u0171, amelyet \u00fagy<br \/>k\u00e9sz\u00edtettek, hogy t\u00f6bb kisebb r\u00e9szt bronzszegeccsel er\u0151s\u00edtettek \u00f6ssze,<br \/>d\u00edsz\u00edt\u00e9s\u00e9ben a kis k\u00f6r\u00f6ket pedig f\u00e9meszk\u00f6z forgat\u00e1s\u00e1val, karcol\u00e1ssal<br \/>alak\u00edtott\u00e1k ki.<\/p><p>80. T\u00c1L<br \/>Az agyagt\u00e1lat helyi fazekas k\u00e9sz\u00edthette, \u00e9s s\u00e1rg\u00e1sz\u00f6ld \u00f3lomm\u00e1z\u00e1val a<br \/>f\u00e9med\u00e9nyeket ut\u00e1nozta.<\/p><p>84. F\u00dcST\u00d6L\u0150T\u00c1L<br \/>Az agyaged\u00e9nyk\u00e9ben illatos n\u00f6v\u00e9nyt \u00e9gettek, volt ilyen t\u00e1l minden h\u00e1zn\u00e1l, \u00e9s a<br \/>csal\u00e1d a h\u00e1zi istenek tisztelet\u00e9re haszn\u00e1lta.<\/p><p>86. GEMMA<br \/>A gy\u0171r\u0171h\u00f6z tartoz\u00f3 j\u00e1spis a r\u00f3mai mitol\u00f3gi\u00e1b\u00f3l Vikt\u00f3ri\u00e1t, a gy\u0151zelem istenn\u0151j\u00e9t<br \/>\u00e1br\u00e1zolja, \u00e9s az ilyen gy\u0171r\u0171k\u00f6vet gemm\u00e1nak h\u00edvj\u00e1k.<\/p><p>87., 93., 94. GY\u00d6NGY<br \/>A n\u0151k a t\u00falvil\u00e1gra is magukkal vitt\u00e9k az \u00e9let\u00fckben sok \u00e9ven \u00e1t hordott sz\u00ednes<br \/>\u00fcveggy\u00f6ngy\u00f6kb\u0151l \u00e1ll\u00f3 nyakl\u00e1ncukat.<\/p><p>88. KAPOCS<br \/>A kapcsot dr\u00f3tb\u00f3l tekert\u00e9k, nyakl\u00e1nc z\u00e1r\u00e1s\u00e1hoz haszn\u00e1lhatt\u00e1k, egy kis<br \/>kamp\u00f3t kellett beakasztani a karik\u00e1ba.<\/p><p>89., 90., 91. 98., 103. FIOLA<br \/>A kisebb-nagyobb v\u00e9konyfal\u00fa \u00fcvegcs\u00e9k illatszereket, balzsamokat,<br \/>ken\u0151cs\u00f6ket tartalmaztak, a kerek alj\u00faakat fa\u00e1llv\u00e1nyon t\u00e1rolhatt\u00e1k.<\/p><p>92. GY\u0170R\u0170<br \/>A bronzgy\u0171r\u0171 rekesz\u00e9ben m\u00e9lyk\u00e9k \u00fcvegpaszta van, kopott gy\u0171r\u0171k\u00f6v\u00e9n k\u00e9t<br \/>alak vehet\u0151 ki.<\/p><p>95. GY\u0170R\u0170<br \/>A r\u00f3maiak kedvelt\u00e9k a gy\u0171r\u0171t mint \u00e9kszert, haszn\u00e1lt\u00e1k \u0151ket pecs\u00e9tel\u00e9sre,<br \/>h\u00e1zass\u00e1gi gy\u0171r\u0171k\u00e9nt, lehetettek bronzb\u00f3l, ez\u00fcstb\u0151l, aranyb\u00f3l, az ilyen \u00fcvegb\u0151l<br \/>ritk\u00e1bban k\u00e9sz\u00edtett\u00e9k.<\/p><p>107. T\u00dcK\u00d6R<br \/>Bronzfel\u00fclet felf\u00e9nyez\u00e9s\u00e9vel hoztak l\u00e9tre sima \u00e9s csillog\u00f3 t\u00fckr\u00f6t a r\u00f3maiak.<\/p><p>108. F\u00dcLBEVAL\u00d3<br \/>N\u0151i s\u00edrb\u00f3l ker\u00fclt el\u0151 ez a f\u00e9lhold form\u00e1j\u00fa, olcs\u00f3 bronzb\u00f3l<br \/>el\u0151\u00e1ll\u00edtott, nemesf\u00e9m f\u00fclbeval\u00f3t ut\u00e1nz\u00f3 kis \u00e9kszer.<\/p><p>110. KARPEREC<br \/>A nemesf\u00e9m \u00e9kszert ut\u00e1nz\u00f3 bronzb\u00f3l k\u00e9sz\u00fclt karperecet hurkos v\u00e9g\u00e9vel \u00f6ssze<br \/>lehetett kapcsolni.<\/p><p>112., 113. FIBULA<br \/>A bronz ruhakapcsol\u00f3t\u0171k a n\u0151i \u00e9s a f\u00e9rfi r\u00f3mai ruhaviselet fontos tartoz\u00e9kai<br \/>voltak, a ruh\u00e1t a leggyakrabban a v\u00e1llon t\u0171zt\u00e9k \u00f6ssze vel\u00fck.<\/p><p>117. K\u0150 OROSZL\u00c1NFEJ<br \/>Az oroszl\u00e1n eg\u00e9sz alakos szobra val\u00f3sz\u00edn\u0171leg egy nagyobb s\u00edr\u00e9p\u00edtm\u00e9nyben<br \/>\u00e1llhatott a p\u00e1rj\u00e1val egy\u00fctt, \u00e9s az oroszl\u00e1nok a s\u00edrt v\u00e9dt\u00e9k.<\/p><p>120. ARANYOZOTT GY\u00d6NGY\u00d6K<br \/>A r\u00f3mai korban az el\u0151kel\u0151 viseletben megjelentek az arany \u00e9kszerek is, ennek<br \/>p\u00e9ld\u00e1i ezek az egyszer\u0171 kett\u0151s g\u00f6mb alak\u00fa aranyozott gy\u00f6ngy\u00f6k.<\/p><p>121. KORS\u00d3<br \/>A vizeskors\u00f3 form\u00e1ja jellemz\u0151 volt az eg\u00e9sz r\u00f3mai korra, de ilyen m\u00e1zat csak a<br \/>IV. sz\u00e1zadt\u00f3l haszn\u00e1ltak.<\/p><p>122. FAZ\u00c9K<br \/>Ennek a faz\u00e9knak nem csak form\u00e1ja volt ritka, d\u00edsz\u00edt\u00e9se sem volt jellemz\u0151 a<br \/>pann\u00f3niai ed\u00e9nym\u0171vess\u00e9gben.<\/p><p>124. T\u00c1L<br \/>A h\u00e9tk\u00f6znapi ev\u00e9s-iv\u00e1s kell\u00e9keit, \u00edgy ezt a t\u00e1lat is betett\u00e9k a s\u00edrba a r\u00f3maiak az<br \/>elhunyttal.<\/p><p>125. MER\u00cdT\u0150ED\u00c9NYKE<br \/>A r\u00f3mai kult\u00far\u00e1nak fontos r\u00e9sz\u00e9t k\u00e9pezte a borfogyaszt\u00e1s, ennek<br \/>ed\u00e9nyk\u00e9szlet\u00e9hez tartozott a bormer\u00edt\u0151 ed\u00e9ny, amit \u00e1ltal\u00e1ban bronzb\u00f3l,<br \/>ritk\u00e1bban \u00edgy, ker\u00e1mi\u00e1b\u00f3l k\u00e9sz\u00edtettek.<\/p><p>127. M\u00c9CSESEK<br \/>Az import vagy helyben gy\u00e1rtott agyagm\u00e9cseseket vil\u00e1g\u00edt\u00e1sra haszn\u00e1lt\u00e1k,<br \/>kan\u00f3cot tettek bele \u00e9s olajat \u00f6nt\u00f6ttek a kisebb lyukon kereszt\u00fcl belsej\u00e9be.<\/p><p>128\u2013130. FIBUL\u00c1K<br \/>A bronz ruhakapcsol\u00f3 t\u0171kkel \u00e1ltal\u00e1ban a ruh\u00e1t t\u0171zt\u00e9k meg a v\u00e1llon a f\u00e9rfiak is<br \/>\u00e9s a n\u0151k is, de gyakran haszn\u00e1lt\u00e1k \u0151ket \u00e9kszerk\u00e9nt is.<\/p><p>131. \u00d6VCSAT<br \/>Val\u00f3sz\u00edn\u0171leg csak a rangosabb katon\u00e1knak volt b\u0151r\u00f6ve, melyhez ilyen<br \/>bronzb\u00f3l \u00f6nt\u00f6tt csat is tartozott.<\/p>\t\t\t\t\t\t\t\t<\/div>\n\t\t\t\t<\/div>\n\t\t\t\t<\/div>","protected":false},"excerpt":{"rendered":"<p>Temet\u0151k 22. POH\u00c1R VAGY KISFAZ\u00c9KEzt a s\u00f6t\u00e9tsz\u00fcrke, szinte fekete, szemcs\u00e9s anyag\u00fa kis agyagfazekat helybengy\u00e1rtott\u00e1k. 49. FIBULAAz \u00e1tt\u00f6rt d\u00edsz\u0171 bronz ruhakapcsol\u00f3t\u0171 kelta asszonyok viselet\u00e9re volt jellemz\u0151. 60. \u00d3LOMLAPOCSK\u00c1KA kis ny\u00e9llel ell\u00e1tott lapocska a h\u00e1rom Gr\u00e1ci\u00e1t, a b\u00e1j, a kellem, a sz\u00e9ps\u00e9g \u00e9sj\u00f3s\u00e1g istenn\u0151it \u00e1br\u00e1zolja, \u00e9s a r\u00f3maiak fogadalmi aj\u00e1nd\u00e9kk\u00e9nt ilyenlapocsk\u00e1kat aj\u00e1nd\u00e9koztak az isteneknek, ha j\u00f3indulatukat, seg\u00edts\u00e9g\u00fcketk\u00e9rt\u00e9k, [&hellip;]<\/p>\n","protected":false},"author":3,"featured_media":0,"parent":0,"menu_order":0,"comment_status":"closed","ping_status":"closed","template":"","meta":{"footnotes":""},"class_list":["post-3176","page","type-page","status-publish","hentry"],"jetpack_sharing_enabled":true,"_links":{"self":[{"href":"https:\/\/matricamuzeum.hu\/en\/wp-json\/wp\/v2\/pages\/3176","targetHints":{"allow":["GET"]}}],"collection":[{"href":"https:\/\/matricamuzeum.hu\/en\/wp-json\/wp\/v2\/pages"}],"about":[{"href":"https:\/\/matricamuzeum.hu\/en\/wp-json\/wp\/v2\/types\/page"}],"author":[{"embeddable":true,"href":"https:\/\/matricamuzeum.hu\/en\/wp-json\/wp\/v2\/users\/3"}],"replies":[{"embeddable":true,"href":"https:\/\/matricamuzeum.hu\/en\/wp-json\/wp\/v2\/comments?post=3176"}],"version-history":[{"count":7,"href":"https:\/\/matricamuzeum.hu\/en\/wp-json\/wp\/v2\/pages\/3176\/revisions"}],"predecessor-version":[{"id":3485,"href":"https:\/\/matricamuzeum.hu\/en\/wp-json\/wp\/v2\/pages\/3176\/revisions\/3485"}],"wp:attachment":[{"href":"https:\/\/matricamuzeum.hu\/en\/wp-json\/wp\/v2\/media?parent=3176"}],"curies":[{"name":"wp","href":"https:\/\/api.w.org\/{rel}","templated":true}]}}