{"id":3180,"date":"2026-04-14T10:43:39","date_gmt":"2026-04-14T08:43:39","guid":{"rendered":"https:\/\/matricamuzeum.hu\/?page_id=3180"},"modified":"2026-04-21T09:41:20","modified_gmt":"2026-04-21T07:41:20","slug":"tabor-es-katonak","status":"publish","type":"page","link":"https:\/\/matricamuzeum.hu\/en\/tabor-es-katonak","title":{"rendered":"tabor-es-katonak"},"content":{"rendered":"\t\t<div data-elementor-type=\"wp-page\" data-elementor-id=\"3180\" class=\"elementor elementor-3180\" data-elementor-post-type=\"page\">\n\t\t\t\t<div class=\"elementor-element elementor-element-b278769 e-con-full e-flex e-con e-parent\" data-id=\"b278769\" data-element_type=\"container\" data-e-type=\"container\" data-settings=\"{&quot;background_background&quot;:&quot;classic&quot;,&quot;jet_parallax_layout_list&quot;:[]}\">\n\t\t\t\t<div class=\"elementor-element elementor-element-3ffc943 elementor-widget elementor-widget-heading\" data-id=\"3ffc943\" data-element_type=\"widget\" data-e-type=\"widget\" data-widget_type=\"heading.default\">\n\t\t\t\t\t<h1 class=\"elementor-heading-title elementor-size-default\">T\u00e1bor \u00e9s katon\u00e1k<\/h1>\t\t\t\t<\/div>\n\t\t\t\t<div class=\"elementor-element elementor-element-517a737 elementor-widget elementor-widget-text-editor\" data-id=\"517a737\" data-element_type=\"widget\" data-e-type=\"widget\" data-widget_type=\"text-editor.default\">\n\t\t\t\t\t\t\t\t\t<p>19. AGYAGPOH\u00c1R<br \/>Az agyaged\u00e9ny fala horpasztott, a horpaszt\u00e1st\u00f3l megn\u0151tt az ed\u00e9ny fel\u00fclete,<br \/>jobban h\u0171t\u00f6tte a poh\u00e1rban l\u00e9v\u0151 folyad\u00e9kot \u00e9s k\u00f6nnyebb is volt \u00edgy megfogni.<\/p><p>33. K\u00c9S<br \/>A k\u00e9sek \u2013 k\u00f6z\u00f6tt\u00fck az ilyen egy\u00e9l\u0171, fog\u00f3val \u00e9s markolatgombbal ell\u00e1tott<br \/>vask\u00e9s \u2013 n\u00e9lk\u00fcl\u00f6zhetetlen eszk\u00f6zei voltak a mindennapi \u00e9letnek, \u00e9s gyakran<br \/>tett\u00e9k \u0151ket f\u00e9rfi s\u00edrokba.<\/p><p>34. KARD<br \/>S\u00edrb\u00f3l ker\u00fclt el\u0151 a gy\u0171r\u0171markolatos vaskard, a helytart\u00f3i hivatalhoz speci\u00e1lis<br \/>szolg\u00e1latra beosztott katon\u00e1k hordtak ilyet.<\/p><p>35. L\u00c1NDZSA<br \/>Egy Dun\u00e1n els\u00fcllyedt haj\u00f3n tal\u00e1lt\u00e1k ezt a vas l\u00e1ndzsahegyet, a sz\u00far\u00f3fegyvert a<br \/>gyalogs\u00e1g \u00e9s a lovass\u00e1g is egyar\u00e1nt haszn\u00e1lta.<\/p><p>46. FAZ\u00c9K<br \/>Az agyagfazekakban els\u0151sorban f\u0151ztek, de haszn\u00e1lt\u00e1k \u0151ket \u2013 mint p\u00e9ld\u00e1ul ezt<br \/>a darabot \u2013 halotti urnak\u00e9nt is.<\/p><p>47. P\u00c1NC\u00c9L DARABJA<br \/>Ez az \u00edvesen meghajl\u00f3 vaslemez lemezp\u00e1nc\u00e9lzat r\u00e9sze lehetett,<br \/>bronzszegecsekkel lehetettek a lemezek fel\/\u00f6sszeer\u0151s\u00edtve.<\/p><p>50. T\u00c1NY\u00c9R<br \/>Ezt az agyagt\u00e1ny\u00e9rt nem festett\u00e9k, jellegzetess\u00e9g\u00fck a ki\u00e9get\u00e9sb\u0151l sz\u00e1rmaz\u00f3<br \/>barn\u00e1sv\u00f6r\u00f6s sz\u00edn.<\/p><p>56. POH\u00c1R<br \/>Ez a v\u00e9konyfal\u00fa agyag iv\u00f3poh\u00e1r a II. sz\u00e1zad jellegzetes ed\u00e9nyt\u00edpusa volt.<\/p><p>157. KATONAI SARU SZEGECSEI<br \/>A r\u00f3mai katon\u00e1k l\u00e1bbelij\u00e9nek, saruj\u00e1nak talp\u00e1t vert\u00e9k ki ezekkel az apr\u00f3<br \/>szegecsekkel, \u00edgy a talp a tart\u00f3ss\u00e1g \u00e9s biztons\u00e1g \u00e9rdek\u00e9ben a mai<br \/>bakancsokhoz hasonl\u00f3an \u00e9rdes, ellen\u00e1ll\u00f3 \u00e9s stabil fel\u00fclet\u0171 lett.<\/p><p>159. TET\u0150CSER\u00c9P<br \/>A tet\u0151fed\u0151 cserepeket gyakran ell\u00e1tt\u00e1k gy\u00e1rt\u00f3juk b\u00e9lyeg\u00e9vel, ha katon\u00e1k vagy<br \/>katonai egys\u00e9gek k\u00e9sz\u00edtett\u00e9k, akkor legt\u00f6bbsz\u00f6r a legio vagy a csapat neve<br \/>szerepelt rajtuk, m\u00edg a polg\u00e1ri t\u00e9glavet\u0151k a saj\u00e1t nev\u00fcket illesztett\u00e9k r\u00e1, mint<br \/>p\u00e9ld\u00e1ul: LVPICINITR[&#8230;].<\/p><p>166. SZ\u00d6G<br \/>A r\u00f3mai lel\u0151helyek egyik leggyakoribb vaslelete a sz\u00f6g, ezt a vassz\u00f6get<br \/>gerend\u00e1hoz haszn\u00e1lt\u00e1k.<\/p><p>167. L\u00c1NC<br \/>A r\u00f3maiak h\u00e1romf\u00e9le vasl\u00e1ncot haszn\u00e1ltak, ezek k\u00f6z\u00fcl a legegyszer\u0171bb, de<br \/>legkev\u00e9sb\u00e9 er\u0151s az ilyen, egyszer\u0171 ov\u00e1lis szemekb\u0151l \u00e1ll\u00f3 l\u00e1nc volt, a m\u00e1sik k\u00e9t<br \/>er\u0151sebb t\u00edpusnak pisk\u00f3ta form\u00e1j\u00fa \u00e9s nyolcas alak\u00fa szemei voltak.<\/p><p>175. CSONTZSETON<br \/>A d\u00edsz\u00edtett csontkorongot a r\u00f3maiak ahhoz az egyik kedvelt, v\u00e1rakoz\u00e1s<br \/>k\u00f6zbeni unalom\u0171z\u0151, malomhoz hasonl\u00f3 t\u00e1rsasj\u00e1t\u00e9kukhoz haszn\u00e1lt\u00e1k,<br \/>amelyhez l\u00e9pcs\u0151kre, padl\u00f3k\u00f6vekre karcolt t\u00e1bla is tartozhatott.<\/p><p>179. BRONZD\u00cdSZ<br \/>Katonai d\u00edszp\u00e1nc\u00e9l mellv\u00e9rtj\u00e9t vagy d\u00edszes l\u00f3szersz\u00e1mot \u00e9kes\u00edtett ez a<br \/>dombor\u00edtott koncentrikus k\u00f6r\u00f6kkel d\u00edsz\u00edtett, k\u00e9t p\u00e1nttal ell\u00e1tott bronzt\u00e1rgy.<\/p>\t\t\t\t\t\t\t\t<\/div>\n\t\t\t\t<\/div>\n\t\t\t\t<\/div>\n\t\t","protected":false},"excerpt":{"rendered":"<p>T\u00e1bor \u00e9s katon\u00e1k 19. AGYAGPOH\u00c1RAz agyaged\u00e9ny fala horpasztott, a horpaszt\u00e1st\u00f3l megn\u0151tt az ed\u00e9ny fel\u00fclete,jobban h\u0171t\u00f6tte a poh\u00e1rban l\u00e9v\u0151 folyad\u00e9kot \u00e9s k\u00f6nnyebb is volt \u00edgy megfogni. 33. K\u00c9SA k\u00e9sek \u2013 k\u00f6z\u00f6tt\u00fck az ilyen egy\u00e9l\u0171, fog\u00f3val \u00e9s markolatgombbal ell\u00e1tottvask\u00e9s \u2013 n\u00e9lk\u00fcl\u00f6zhetetlen eszk\u00f6zei voltak a mindennapi \u00e9letnek, \u00e9s gyakrantett\u00e9k \u0151ket f\u00e9rfi s\u00edrokba. 34. KARDS\u00edrb\u00f3l ker\u00fclt el\u0151 a gy\u0171r\u0171markolatos [&hellip;]<\/p>\n","protected":false},"author":3,"featured_media":0,"parent":0,"menu_order":0,"comment_status":"closed","ping_status":"closed","template":"","meta":{"footnotes":""},"class_list":["post-3180","page","type-page","status-publish","hentry"],"jetpack_sharing_enabled":true,"_links":{"self":[{"href":"https:\/\/matricamuzeum.hu\/en\/wp-json\/wp\/v2\/pages\/3180","targetHints":{"allow":["GET"]}}],"collection":[{"href":"https:\/\/matricamuzeum.hu\/en\/wp-json\/wp\/v2\/pages"}],"about":[{"href":"https:\/\/matricamuzeum.hu\/en\/wp-json\/wp\/v2\/types\/page"}],"author":[{"embeddable":true,"href":"https:\/\/matricamuzeum.hu\/en\/wp-json\/wp\/v2\/users\/3"}],"replies":[{"embeddable":true,"href":"https:\/\/matricamuzeum.hu\/en\/wp-json\/wp\/v2\/comments?post=3180"}],"version-history":[{"count":7,"href":"https:\/\/matricamuzeum.hu\/en\/wp-json\/wp\/v2\/pages\/3180\/revisions"}],"predecessor-version":[{"id":3491,"href":"https:\/\/matricamuzeum.hu\/en\/wp-json\/wp\/v2\/pages\/3180\/revisions\/3491"}],"wp:attachment":[{"href":"https:\/\/matricamuzeum.hu\/en\/wp-json\/wp\/v2\/media?parent=3180"}],"curies":[{"name":"wp","href":"https:\/\/api.w.org\/{rel}","templated":true}]}}