{"id":3184,"date":"2026-04-14T10:43:59","date_gmt":"2026-04-14T08:43:59","guid":{"rendered":"https:\/\/matricamuzeum.hu\/?page_id=3184"},"modified":"2026-04-21T09:42:13","modified_gmt":"2026-04-21T07:42:13","slug":"keletrol-jottek","status":"publish","type":"page","link":"https:\/\/matricamuzeum.hu\/en\/keletrol-jottek","title":{"rendered":"keletrol-jottek"},"content":{"rendered":"<div data-elementor-type=\"wp-page\" data-elementor-id=\"3184\" class=\"elementor elementor-3184\" data-elementor-post-type=\"page\">\n\t\t\t\t<div class=\"elementor-element elementor-element-b022648 e-con-full e-flex e-con e-parent\" data-id=\"b022648\" data-element_type=\"container\" data-e-type=\"container\" data-settings=\"{&quot;background_background&quot;:&quot;classic&quot;,&quot;jet_parallax_layout_list&quot;:[]}\">\n\t\t\t\t<div class=\"elementor-element elementor-element-067182b elementor-widget elementor-widget-heading\" data-id=\"067182b\" data-element_type=\"widget\" data-e-type=\"widget\" data-widget_type=\"heading.default\">\n\t\t\t\t\t<h1 class=\"elementor-heading-title elementor-size-default\">Keletr\u0151l j\u00f6ttek<\/h1>\t\t\t\t<\/div>\n\t\t\t\t<div class=\"elementor-element elementor-element-900804a elementor-widget elementor-widget-text-editor\" data-id=\"900804a\" data-element_type=\"widget\" data-e-type=\"widget\" data-widget_type=\"text-editor.default\">\n\t\t\t\t\t\t\t\t\t<p>1. \u00d6VCSAT<br \/>Ez az \u00fan. v\u00e9sett indad\u00edszes \u00f6nt\u00f6tt bronzcsat avar kori temet\u0151b\u0151l ker\u00fclt el\u0151.<\/p><p>3. VERETEK<br \/>Az ez\u00fcst veretek az avar kori temet\u0151 egyik gazdag s\u00edrj\u00e1b\u00f3l ker\u00fcltek el\u0151, \u00e9s<br \/>\u00f6vet vagy b\u0151rb\u0151l k\u00e9sz\u00fclt viseleti t\u00e1rgyat d\u00edsz\u00edthettek.<\/p><p>4. ZABLA<br \/>A l\u00f3szersz\u00e1m egy avar lovas s\u00edrb\u00f3l ker\u00fclt el\u0151, a felszersz\u00e1mozott l\u00f3 a gazd\u00e1ja<br \/>bal oldal\u00e1n fek\u00fcdt.<\/p><p>5. KOPJACS\u00daCS<br \/>A vasfegyver egy avar lovas s\u00edrb\u00f3l ker\u00fclt el\u0151, a l\u00f3 h\u00e1t\u00e1ra helyezve tal\u00e1lt\u00e1k, \u00e9s a<br \/>kopja \u00e9s a vaskengyel jelenl\u00e9te a s\u00edrban arra utalhat, hogy a s\u00edrban eltemetett<br \/>f\u00e9rfi a h\u00edres \u00e9s h\u00edrhedt avar p\u00e1nc\u00e9los lovass\u00e1g, illetve az elit egyik tagja volt.<\/p><p>6. KENGYELP\u00c1R<br \/>A kengyelp\u00e1r avar kori s\u00edrb\u00f3l ker\u00fclt el\u0151 (Eur\u00f3p\u00e1ban az avarok haszn\u00e1ltak<br \/>el\u0151sz\u00f6r vaskengyelt), \u00e9s a vaskengyel \u00e9s a kopja jelenl\u00e9te a s\u00edrban arra<br \/>utalhat, hogy a s\u00edrban eltemetett f\u00e9rfi a h\u00edres \u00e9s h\u00edrhedt avar p\u00e1nc\u00e9los<br \/>lovass\u00e1g, illetve az elit egyik tagja volt.<\/p><p>7. F\u00dcLBEVAL\u00d3P\u00c1R<br \/>Ez a tipikus keleti bronz \u00e9kszer egy kora avar kori s\u00edrb\u00f3l ker\u00fclt el\u0151, amelybe<br \/>val\u00f3sz\u00edn\u0171leg egy kisl\u00e1nyt temettek.<\/p><p>8. PITYK\u00c9K<br \/>A bronzpityk\u00e9k n\u0151k \u00e9s f\u00e9rfiak ruh\u00e1it, l\u00f3szersz\u00e1m kant\u00e1rj\u00e1t is d\u00edsz\u00edthett\u00e9k az<br \/>avar korban, ez az \u00f6t pityke val\u00f3sz\u00edn\u0171leg egy kisl\u00e1ny ruh\u00e1j\u00e1hoz tartozott.<\/p><p>9. L\u00c1BBELI VERETEI<br \/>A 35 darab aranyozott ez\u00fcstveretet val\u00f3sz\u00edn\u0171leg b\u0151r l\u00e1bbeliken haszn\u00e1lt\u00e1k,<br \/>erre utalnak a h\u00e1toldalukon tal\u00e1lhat\u00f3 p\u00f6ck\u00f6k vagy szegecsek.<\/p><p>10. VERETEK<br \/>A n\u00e9gysz\u00f6gletes vir\u00e1gmint\u00e1s aranyozott ez\u00fcstveretek t\u00f6bbnyire tarsolyok<br \/>el\u0151lapj\u00e1nak d\u00edsz\u00edt\u00e9s\u00e9re szolg\u00e1ltak.<\/p><p>12. VERETEK<br \/>A kis ny\u00edl alak\u00fa \u00e9s cs\u00facsos veretek d\u00edsz\u00edthettek tegezt, viseleti t\u00e1rgyakat,<br \/>l\u00f3szersz\u00e1mot, sz\u00edjakat.<\/p><p>13. S-V\u00c9G\u0170 HAJKARIK\u00c1K<br \/>A kora \u00c1rp\u00e1d-kori temet\u0151k legjellegzetesebb viseleti t\u00e1rgya az S-v\u00e9g\u0171<br \/>hajkarika, melyet a haj varkocsban vagy copfban t\u00f6rt\u00e9n\u0151 \u00f6sszefog\u00e1s\u00e1ra,<br \/>illetve textil- vagy b\u0151rszalagra felf\u0171zve haszn\u00e1ltak.<\/p><p>18. NYAKPEREC<br \/>A nyakperecet egyszer\u0171, de mutat\u00f3s technik\u00e1val k\u00e9sz\u00edtett\u00e9k: kett\u00e9hajtottak<br \/>egy hossz\u00fa bronzhuzalt, a v\u00e9g\u00e9n hurkot alak\u00edtottak ki, majd a sz\u00e1lakat<br \/>egym\u00e1sra hajtogatva sodort hat\u00e1st \u00e9rtek el.<\/p><p>21. KARPEREC<br \/>Ezt a bronz karperecet t\u00f6bb huzalb\u00f3l csavart\u00e1k, \u00edgy olyan, mintha font\u00e1k volna<br \/>a huzalsz\u00e1lakat.<\/p><p>22. CS\u00dcNG\u0150<br \/>Az \u00e1llatfejekben v\u00e9gz\u0151d\u0151, f\u00e9lhold alak\u00fa bronzcs\u00fcng\u0151t egy gyermek s\u00edrj\u00e1ban<br \/>tal\u00e1lt\u00e1k, val\u00f3sz\u00edn\u0171leg a nyak\u00e1ba volt akasztva \u00e9s bajelh\u00e1r\u00edt\u00f3 szerepe lehetett.<\/p><p>23. GY\u00d6NGYSOR<br \/>Feln\u0151tt n\u0151k \u00e9s l\u00e1nyok viselt\u00e9k az ilyen \u00fcveg- vagy \u00fcvegpaszta gy\u00f6ngy\u00f6kb\u0151l<br \/>f\u0171z\u00f6tt \u00e9kszert.<\/p><p>25. SARL\u00d3<br \/>Ez a t\u00edpus\u00fa sarl\u00f3 a honfoglal\u00e1skorban \u00e9s az \u00c1rp\u00e1d-korban ritka \u00e9s \u00e9rt\u00e9kes<br \/>szersz\u00e1mnak sz\u00e1m\u00edtott.<\/p><p>26. BOGR\u00c1CS<br \/>Az agyagbogr\u00e1cs perem\u00e9n egym\u00e1ssal szembe helyezked\u0151, f\u00fcgg\u0151legesen<br \/>\u00e1tf\u00fart k\u00e9tszer k\u00e9t lyuk lehet\u0151v\u00e9 tette, hogy az ed\u00e9nyt szabadt\u00e9ri t\u0171z f\u00f6l\u00e9<br \/>akassz\u00e1k \u00e9s f\u0151zzenek benne.<\/p>\t\t\t\t\t\t\t\t<\/div>\n\t\t\t\t<\/div>\n\t\t\t\t<\/div>","protected":false},"excerpt":{"rendered":"<p>Keletr\u0151l j\u00f6ttek 1. \u00d6VCSATEz az \u00fan. v\u00e9sett indad\u00edszes \u00f6nt\u00f6tt bronzcsat avar kori temet\u0151b\u0151l ker\u00fclt el\u0151. 3. VERETEKAz ez\u00fcst veretek az avar kori temet\u0151 egyik gazdag s\u00edrj\u00e1b\u00f3l ker\u00fcltek el\u0151, \u00e9s\u00f6vet vagy b\u0151rb\u0151l k\u00e9sz\u00fclt viseleti t\u00e1rgyat d\u00edsz\u00edthettek. 4. ZABLAA l\u00f3szersz\u00e1m egy avar lovas s\u00edrb\u00f3l ker\u00fclt el\u0151, a felszersz\u00e1mozott l\u00f3 a gazd\u00e1jabal oldal\u00e1n fek\u00fcdt. 5. KOPJACS\u00daCSA vasfegyver egy [&hellip;]<\/p>\n","protected":false},"author":3,"featured_media":0,"parent":0,"menu_order":0,"comment_status":"closed","ping_status":"closed","template":"","meta":{"footnotes":""},"class_list":["post-3184","page","type-page","status-publish","hentry"],"jetpack_sharing_enabled":true,"_links":{"self":[{"href":"https:\/\/matricamuzeum.hu\/en\/wp-json\/wp\/v2\/pages\/3184","targetHints":{"allow":["GET"]}}],"collection":[{"href":"https:\/\/matricamuzeum.hu\/en\/wp-json\/wp\/v2\/pages"}],"about":[{"href":"https:\/\/matricamuzeum.hu\/en\/wp-json\/wp\/v2\/types\/page"}],"author":[{"embeddable":true,"href":"https:\/\/matricamuzeum.hu\/en\/wp-json\/wp\/v2\/users\/3"}],"replies":[{"embeddable":true,"href":"https:\/\/matricamuzeum.hu\/en\/wp-json\/wp\/v2\/comments?post=3184"}],"version-history":[{"count":7,"href":"https:\/\/matricamuzeum.hu\/en\/wp-json\/wp\/v2\/pages\/3184\/revisions"}],"predecessor-version":[{"id":3497,"href":"https:\/\/matricamuzeum.hu\/en\/wp-json\/wp\/v2\/pages\/3184\/revisions\/3497"}],"wp:attachment":[{"href":"https:\/\/matricamuzeum.hu\/en\/wp-json\/wp\/v2\/media?parent=3184"}],"curies":[{"name":"wp","href":"https:\/\/api.w.org\/{rel}","templated":true}]}}