{"id":3188,"date":"2026-04-14T10:44:18","date_gmt":"2026-04-14T08:44:18","guid":{"rendered":"https:\/\/matricamuzeum.hu\/?page_id=3188"},"modified":"2026-04-21T09:43:05","modified_gmt":"2026-04-21T07:43:05","slug":"szazhalmi-elet","status":"publish","type":"page","link":"https:\/\/matricamuzeum.hu\/en\/szazhalmi-elet","title":{"rendered":"szazhalmi-elet"},"content":{"rendered":"<div data-elementor-type=\"wp-page\" data-elementor-id=\"3188\" class=\"elementor elementor-3188\" data-elementor-post-type=\"page\">\n\t\t\t\t<div class=\"elementor-element elementor-element-f712a56 e-con-full e-flex e-con e-parent\" data-id=\"f712a56\" data-element_type=\"container\" data-e-type=\"container\" data-settings=\"{&quot;background_background&quot;:&quot;classic&quot;,&quot;jet_parallax_layout_list&quot;:[]}\">\n\t\t\t\t<div class=\"elementor-element elementor-element-7bf0beb elementor-widget elementor-widget-heading\" data-id=\"7bf0beb\" data-element_type=\"widget\" data-e-type=\"widget\" data-widget_type=\"heading.default\">\n\t\t\t\t\t<h1 class=\"elementor-heading-title elementor-size-default\">Sz\u00e1zhalmi \u00e9let<\/h1>\t\t\t\t<\/div>\n\t\t\t\t<div class=\"elementor-element elementor-element-a457135 elementor-widget elementor-widget-text-editor\" data-id=\"a457135\" data-element_type=\"widget\" data-e-type=\"widget\" data-widget_type=\"text-editor.default\">\n\t\t\t\t\t\t\t\t\t<p>36. K\u00c1LYHASZEM<br \/>A hagyma alak\u00fa agyag k\u00e1lyhaszem a k\u00e1lyha kupol\u00e1s boltozat\u00e1n helyezkedett<br \/>el cs\u00facsos v\u00e9g\u00e9vel kifel\u00e9, sz\u00e1j\u00e1val befel\u00e9, hogy n\u00f6velje a k\u00e1lyha h\u0151lead\u00f3<br \/>fel\u00fclet\u00e9t.<\/p><p>37. K\u00c1LYHASZEM<br \/>Az ilyen form\u00e1j\u00fa k\u00e1lyhaszemek sz\u00e1jukkal kifel\u00e9 a k\u00e1lyha n\u00e9gysz\u00f6gletes test\u00e9n<br \/>helyezkedtek el, \u00edgy megn\u0151tt a k\u00e1lyha h\u0151lead\u00f3 fel\u00fclete, t\u00f6bb meleget<br \/>\u00e1rasztott.<\/p><p>39. OLVASZT\u00d3T\u00c9GELY<br \/>Az agyag olvaszt\u00f3t\u00e9gely alapanyag\u00e1ba sok grafitot kevertek \u00edgy magas<br \/>h\u0151m\u00e9rs\u00e9kletet is b\u00edrt, \u00e9s tal\u00e1n rezet, bronzot olvaszthattak benne utolj\u00e1ra.<\/p><p>44. KAPA<br \/>Ennek a k\u00f6z\u00e9pkori vaskap\u00e1nak a v\u00e9kony \u00e9l\u00e9t a rozsda mind megette.<\/p><p>47. PATK\u00d3<br \/>A vaspatk\u00f3 a lovak pat\u00e1j\u00e1t v\u00e9dte a kop\u00e1st\u00f3l, a bels\u0151 l\u00e1gyr\u00e9szeket \u00f3vta a<br \/>s\u00e9r\u00fcl\u00e9sekt\u0151l, s\u00edkos utakon g\u00e1tolta a cs\u00fasz\u00e1st, \u00e9s seg\u00edtette a l\u00f3 l\u00e1b\u00e1nak<br \/>megvet\u00e9s\u00e9t, megkapaszkod\u00e1s\u00e1t.<\/p><p>49. KAN\u00c1L<br \/>A vaskan\u00e1l hossz\u00fa nyele arra utalhat, hogy ny\u00edlt t\u0171z f\u00f6l\u00f6tt f\u0151z\u00f6tt \u00e9tel<br \/>kever\u00e9s\u00e9re, t\u00e1lal\u00e1s\u00e1ra, mer\u00edt\u00e9s\u00e9re haszn\u00e1lt\u00e1k, viszont a fejr\u00e9sze hi\u00e1nyos, \u00edgy<br \/>neh\u00e9z meg\u00e1llap\u00edtani, lapos vagy g\u00f6mb\u00f6ly\u0171 volt eredetileg.<\/p><p>50. SZ\u0150L\u0150METSZ\u0150 K\u00c9S<br \/>A sz\u0151l\u0151m\u0171vel\u00e9s egyik eszk\u00f6ze volt ez a balt\u00e1s metsz\u0151k\u00e9s, a balta a szersz\u00e1m<br \/>n\u00e9gysz\u00f6gletes ny\u00falv\u00e1nya, amit a sz\u0151l\u0151t\u0151ke form\u00e1l\u00e1s\u00e1n\u00e1l, k\u00e9rg\u00e9nek<br \/>letiszt\u00edt\u00e1s\u00e1n\u00e1l haszn\u00e1ltak.<\/p><p>52. SZEKERCE<br \/>Ez a s\u00falyos vasszersz\u00e1m a Dun\u00e1b\u00f3l ker\u00fclt el\u0151, a v\u00edz meg\u0151rizte fanyel\u00e9nek egy<br \/>r\u00e9sz\u00e9t, \u00e9s peng\u00e9j\u00e9n pecs\u00e9t, mesterjegy is l\u00e1that\u00f3.<\/p><p>54. FAZ\u00c9K<br \/>Ezt a faz\u00e9kform\u00e1t a XIII. sz\u00e1zadt\u00f3l kezdik haszn\u00e1lni a k\u00f6z\u00e9pkori<br \/>h\u00e1ztart\u00e1sainkban.<\/p><p>57. PATK\u00d3<br \/>A f\u00e9l patk\u00f3t a szarvasmarha pat\u00e1s ujj\u00e1hoz alak\u00edtotta a kov\u00e1cs, \u00e9s legink\u00e1bb<br \/>nedves id\u0151ben, cs\u00fasz\u00f3s ter\u00fcleteken haszn\u00e1lt\u00e1k.<\/p>\t\t\t\t\t\t\t\t<\/div>\n\t\t\t\t<\/div>\n\t\t\t\t<\/div>","protected":false},"excerpt":{"rendered":"<p>Sz\u00e1zhalmi \u00e9let 36. K\u00c1LYHASZEMA hagyma alak\u00fa agyag k\u00e1lyhaszem a k\u00e1lyha kupol\u00e1s boltozat\u00e1n helyezkedettel cs\u00facsos v\u00e9g\u00e9vel kifel\u00e9, sz\u00e1j\u00e1val befel\u00e9, hogy n\u00f6velje a k\u00e1lyha h\u0151lead\u00f3fel\u00fclet\u00e9t. 37. K\u00c1LYHASZEMAz ilyen form\u00e1j\u00fa k\u00e1lyhaszemek sz\u00e1jukkal kifel\u00e9 a k\u00e1lyha n\u00e9gysz\u00f6gletes test\u00e9nhelyezkedtek el, \u00edgy megn\u0151tt a k\u00e1lyha h\u0151lead\u00f3 fel\u00fclete, t\u00f6bb meleget\u00e1rasztott. 39. OLVASZT\u00d3T\u00c9GELYAz agyag olvaszt\u00f3t\u00e9gely alapanyag\u00e1ba sok grafitot kevertek \u00edgy magash\u0151m\u00e9rs\u00e9kletet is b\u00edrt, [&hellip;]<\/p>\n","protected":false},"author":3,"featured_media":0,"parent":0,"menu_order":0,"comment_status":"closed","ping_status":"closed","template":"","meta":{"footnotes":""},"class_list":["post-3188","page","type-page","status-publish","hentry"],"jetpack_sharing_enabled":true,"_links":{"self":[{"href":"https:\/\/matricamuzeum.hu\/en\/wp-json\/wp\/v2\/pages\/3188","targetHints":{"allow":["GET"]}}],"collection":[{"href":"https:\/\/matricamuzeum.hu\/en\/wp-json\/wp\/v2\/pages"}],"about":[{"href":"https:\/\/matricamuzeum.hu\/en\/wp-json\/wp\/v2\/types\/page"}],"author":[{"embeddable":true,"href":"https:\/\/matricamuzeum.hu\/en\/wp-json\/wp\/v2\/users\/3"}],"replies":[{"embeddable":true,"href":"https:\/\/matricamuzeum.hu\/en\/wp-json\/wp\/v2\/comments?post=3188"}],"version-history":[{"count":7,"href":"https:\/\/matricamuzeum.hu\/en\/wp-json\/wp\/v2\/pages\/3188\/revisions"}],"predecessor-version":[{"id":3505,"href":"https:\/\/matricamuzeum.hu\/en\/wp-json\/wp\/v2\/pages\/3188\/revisions\/3505"}],"wp:attachment":[{"href":"https:\/\/matricamuzeum.hu\/en\/wp-json\/wp\/v2\/media?parent=3188"}],"curies":[{"name":"wp","href":"https:\/\/api.w.org\/{rel}","templated":true}]}}