{"id":3192,"date":"2026-04-14T10:44:39","date_gmt":"2026-04-14T08:44:39","guid":{"rendered":"https:\/\/matricamuzeum.hu\/?page_id=3192"},"modified":"2026-04-21T09:43:56","modified_gmt":"2026-04-21T07:43:56","slug":"bate-temetoje","status":"publish","type":"page","link":"https:\/\/matricamuzeum.hu\/en\/bate-temetoje","title":{"rendered":"bate-temetoje"},"content":{"rendered":"<div data-elementor-type=\"wp-page\" data-elementor-id=\"3192\" class=\"elementor elementor-3192\" data-elementor-post-type=\"page\">\n\t\t\t\t<div class=\"elementor-element elementor-element-225683a e-con-full e-flex e-con e-parent\" data-id=\"225683a\" data-element_type=\"container\" data-e-type=\"container\" data-settings=\"{&quot;background_background&quot;:&quot;classic&quot;,&quot;jet_parallax_layout_list&quot;:[]}\">\n\t\t\t\t<div class=\"elementor-element elementor-element-89161ae elementor-widget elementor-widget-heading\" data-id=\"89161ae\" data-element_type=\"widget\" data-e-type=\"widget\" data-widget_type=\"heading.default\">\n\t\t\t\t\t<h1 class=\"elementor-heading-title elementor-size-default\">B\u00e1t\u00e9 temet\u0151je<\/h1>\t\t\t\t<\/div>\n\t\t\t\t<div class=\"elementor-element elementor-element-222ded7 elementor-widget elementor-widget-text-editor\" data-id=\"222ded7\" data-element_type=\"widget\" data-e-type=\"widget\" data-widget_type=\"text-editor.default\">\n\t\t\t\t\t\t\t\t\t<p>30. FARAGOTT K\u0150<br \/>Ez a m\u00e9szk\u0151 darab egy f\u00e9l oszlop t\u00f6red\u00e9ke a B\u00e1t\u00e9 templomb\u00f3l.<\/p><p>33. ARANYOZOTT GOMBOCSK\u00c1K<br \/>Gyermek csontv\u00e1z\u00e1hoz tartoztak ezek a kis rozettamint\u00e1s aranyozott f\u00fcles<br \/>bronzgombok, \u00e9s a gyermek maradv\u00e1nyai olyan falazott kript\u00e1b\u00f3l ker\u00fcltek el\u0151,<br \/>amelyben m\u00e9g \u00f6t \u2013 felt\u00e9telezhet\u0151en a B\u00e1t\u00e9 nemesi csal\u00e1dhoz tartoz\u00f3 \u2013<br \/>gyermek \u00e9s feln\u0151tt nyugodott.<\/p><p>34. \u00d6V EREDETI BRONZD\u00cdSZEI<br \/>A B\u00e1t\u00e9 templomon k\u00edv\u00fcl elhelyezked\u0151 kisl\u00e1nys\u00edrb\u00f3l ker\u00fcltek el\u0151 az \u00f6v<br \/>bronzmaradv\u00e1nyai: veretek, lyukv\u00e9d\u0151k \u00e9s sz\u00edjv\u00e9g.<\/p><p>58. \u00d6VCSAT<br \/>A trap\u00e9z alak\u00fa csat \u00e9s a hozz\u00e1 kapcsol\u00f3d\u00f3, karcol\u00e1sokkal d\u00edsz\u00edtett sz\u00edjv\u00e9d\u0151<br \/>lemez egy XIV \u2013 XV. sz\u00e1zadi \u00f6vet d\u00edsz\u00edtett.<\/p>\t\t\t\t\t\t\t\t<\/div>\n\t\t\t\t<\/div>\n\t\t\t\t<\/div>","protected":false},"excerpt":{"rendered":"<p>B\u00e1t\u00e9 temet\u0151je 30. FARAGOTT K\u0150Ez a m\u00e9szk\u0151 darab egy f\u00e9l oszlop t\u00f6red\u00e9ke a B\u00e1t\u00e9 templomb\u00f3l. 33. ARANYOZOTT GOMBOCSK\u00c1KGyermek csontv\u00e1z\u00e1hoz tartoztak ezek a kis rozettamint\u00e1s aranyozott f\u00fclesbronzgombok, \u00e9s a gyermek maradv\u00e1nyai olyan falazott kript\u00e1b\u00f3l ker\u00fcltek el\u0151,amelyben m\u00e9g \u00f6t \u2013 felt\u00e9telezhet\u0151en a B\u00e1t\u00e9 nemesi csal\u00e1dhoz tartoz\u00f3 \u2013gyermek \u00e9s feln\u0151tt nyugodott. 34. \u00d6V EREDETI BRONZD\u00cdSZEIA B\u00e1t\u00e9 templomon k\u00edv\u00fcl [&hellip;]<\/p>\n","protected":false},"author":3,"featured_media":0,"parent":0,"menu_order":0,"comment_status":"closed","ping_status":"closed","template":"","meta":{"footnotes":""},"class_list":["post-3192","page","type-page","status-publish","hentry"],"jetpack_sharing_enabled":true,"_links":{"self":[{"href":"https:\/\/matricamuzeum.hu\/en\/wp-json\/wp\/v2\/pages\/3192","targetHints":{"allow":["GET"]}}],"collection":[{"href":"https:\/\/matricamuzeum.hu\/en\/wp-json\/wp\/v2\/pages"}],"about":[{"href":"https:\/\/matricamuzeum.hu\/en\/wp-json\/wp\/v2\/types\/page"}],"author":[{"embeddable":true,"href":"https:\/\/matricamuzeum.hu\/en\/wp-json\/wp\/v2\/users\/3"}],"replies":[{"embeddable":true,"href":"https:\/\/matricamuzeum.hu\/en\/wp-json\/wp\/v2\/comments?post=3192"}],"version-history":[{"count":7,"href":"https:\/\/matricamuzeum.hu\/en\/wp-json\/wp\/v2\/pages\/3192\/revisions"}],"predecessor-version":[{"id":3512,"href":"https:\/\/matricamuzeum.hu\/en\/wp-json\/wp\/v2\/pages\/3192\/revisions\/3512"}],"wp:attachment":[{"href":"https:\/\/matricamuzeum.hu\/en\/wp-json\/wp\/v2\/media?parent=3192"}],"curies":[{"name":"wp","href":"https:\/\/api.w.org\/{rel}","templated":true}]}}