{"id":3194,"date":"2026-04-14T10:44:48","date_gmt":"2026-04-14T08:44:48","guid":{"rendered":"https:\/\/matricamuzeum.hu\/?page_id=3194"},"modified":"2026-04-21T09:44:19","modified_gmt":"2026-04-21T07:44:19","slug":"bates-cemetery","status":"publish","type":"page","link":"https:\/\/matricamuzeum.hu\/en\/bates-cemetery","title":{"rendered":"bates-cemetery"},"content":{"rendered":"<div data-elementor-type=\"wp-page\" data-elementor-id=\"3194\" class=\"elementor elementor-3194\" data-elementor-post-type=\"page\">\n\t\t\t\t<div class=\"elementor-element elementor-element-fc39122 e-con-full e-flex e-con e-parent\" data-id=\"fc39122\" data-element_type=\"container\" data-e-type=\"container\" data-settings=\"{&quot;background_background&quot;:&quot;classic&quot;,&quot;jet_parallax_layout_list&quot;:[]}\">\n\t\t\t\t<div class=\"elementor-element elementor-element-7219745 elementor-widget elementor-widget-heading\" data-id=\"7219745\" data-element_type=\"widget\" data-e-type=\"widget\" data-widget_type=\"heading.default\">\n\t\t\t\t\t<h1 class=\"elementor-heading-title elementor-size-default\">B\u00e1t\u00e9's cemetery<\/h1>\t\t\t\t<\/div>\n\t\t\t\t<div class=\"elementor-element elementor-element-9743f73 elementor-widget elementor-widget-text-editor\" data-id=\"9743f73\" data-element_type=\"widget\" data-e-type=\"widget\" data-widget_type=\"text-editor.default\">\n\t\t\t\t\t\t\t\t\t<p>30. CARVED STONE<br \/>This piece of limestone is a fragment of half a column from the B\u00e1t\u00e9 church.<\/p><p>33. GOLD PLATED BUTTONS<br \/>These small rosette-patterned bronze buttons with gilded ears belonged to a child\u2019s<br \/>skeleton, and the child&#8221;s remains were found in a masonry crypt in which five other<br \/>children and adults &#8211; presumably belonging to the B\u00e1t\u00e9 noble family &#8211; were laid to rest.<\/p><p>34. ORIGINAL BRONZE DECORATIONS OF A BELT<br \/>The bronze remains of the belt were found in a little girl&#8221;s grave outside of the B\u00e1t\u00e9 church<br \/>buckles, hole protectors and strap end.<\/p><p>58. BELT BUCKLE<br \/>The trapezoidal buckle and the associated belt protection plate decorated with scratches<br \/>belonged to a XIV-XV. century belt.<\/p>\t\t\t\t\t\t\t\t<\/div>\n\t\t\t\t<\/div>\n\t\t\t\t<\/div>","protected":false},"excerpt":{"rendered":"<p>B\u00e1t\u00e9&#8217;s cemetery 30. CARVED STONEThis piece of limestone is a fragment of half a column from the B\u00e1t\u00e9 church. 33. GOLD PLATED BUTTONSThese small rosette-patterned bronze buttons with gilded ears belonged to a child\u2019sskeleton, and the child&#8221;s remains were found in a masonry crypt in which five otherchildren and adults &#8211; presumably belonging to the [&hellip;]<\/p>\n","protected":false},"author":3,"featured_media":0,"parent":0,"menu_order":0,"comment_status":"closed","ping_status":"closed","template":"","meta":{"footnotes":""},"class_list":["post-3194","page","type-page","status-publish","hentry"],"jetpack_sharing_enabled":true,"_links":{"self":[{"href":"https:\/\/matricamuzeum.hu\/en\/wp-json\/wp\/v2\/pages\/3194","targetHints":{"allow":["GET"]}}],"collection":[{"href":"https:\/\/matricamuzeum.hu\/en\/wp-json\/wp\/v2\/pages"}],"about":[{"href":"https:\/\/matricamuzeum.hu\/en\/wp-json\/wp\/v2\/types\/page"}],"author":[{"embeddable":true,"href":"https:\/\/matricamuzeum.hu\/en\/wp-json\/wp\/v2\/users\/3"}],"replies":[{"embeddable":true,"href":"https:\/\/matricamuzeum.hu\/en\/wp-json\/wp\/v2\/comments?post=3194"}],"version-history":[{"count":7,"href":"https:\/\/matricamuzeum.hu\/en\/wp-json\/wp\/v2\/pages\/3194\/revisions"}],"predecessor-version":[{"id":3515,"href":"https:\/\/matricamuzeum.hu\/en\/wp-json\/wp\/v2\/pages\/3194\/revisions\/3515"}],"wp:attachment":[{"href":"https:\/\/matricamuzeum.hu\/en\/wp-json\/wp\/v2\/media?parent=3194"}],"curies":[{"name":"wp","href":"https:\/\/api.w.org\/{rel}","templated":true}]}}