{"id":3196,"date":"2026-04-14T10:44:57","date_gmt":"2026-04-14T08:44:57","guid":{"rendered":"https:\/\/matricamuzeum.hu\/?page_id=3196"},"modified":"2026-04-21T09:44:44","modified_gmt":"2026-04-21T07:44:44","slug":"mise-a-szerbeknel","status":"publish","type":"page","link":"https:\/\/matricamuzeum.hu\/en\/mise-a-szerbeknel","title":{"rendered":"mise-a-szerbeknel"},"content":{"rendered":"<div data-elementor-type=\"wp-page\" data-elementor-id=\"3196\" class=\"elementor elementor-3196\" data-elementor-post-type=\"page\">\n\t\t\t\t<div class=\"elementor-element elementor-element-d18413a e-con-full e-flex e-con e-parent\" data-id=\"d18413a\" data-element_type=\"container\" data-e-type=\"container\" data-settings=\"{&quot;background_background&quot;:&quot;classic&quot;,&quot;jet_parallax_layout_list&quot;:[]}\">\n\t\t\t\t<div class=\"elementor-element elementor-element-9437ee6 elementor-widget elementor-widget-heading\" data-id=\"9437ee6\" data-element_type=\"widget\" data-e-type=\"widget\" data-widget_type=\"heading.default\">\n\t\t\t\t\t<h1 class=\"elementor-heading-title elementor-size-default\">Mise a szerbekn\u00e9l<\/h1>\t\t\t\t<\/div>\n\t\t\t\t<div class=\"elementor-element elementor-element-b77d936 elementor-widget elementor-widget-text-editor\" data-id=\"b77d936\" data-element_type=\"widget\" data-e-type=\"widget\" data-widget_type=\"text-editor.default\">\n\t\t\t\t\t\t\t\t\t<p>1. SZAKKOSZ &#8211; P\u00dcSP\u00d6KI MISERUHA<br \/>A miseruha archaikus szab\u00e1s\u00fa (T szab\u00e1s\u00fa) als\u00f3ruh\u00e1zat.<\/p><p>2. EPITRAHILOSZ &#8211; ST\u00d3LA<br \/>Ezt a darabot k\u00f6zvetlen\u00fcl a miseruh\u00e1ra kellett felvenni, n\u00e9lk\u00fcle nem<br \/>mis\u00e9zhetett a pap.<\/p><p>3. FELONION &#8211; PAL\u00c1ST<br \/>A k\u00edv\u00fcl arany, hossz\u00fa, b\u0151, ujj n\u00e9lk\u00fcli darab takarta, v\u00e9dte a miseruh\u00e1t, \u00e9s az<br \/>isteni gondvisel\u00e9st jelk\u00e9pezte, mely mindent \u0151riz, mindenr\u0151l gondoskodik.<\/p><p>4. SZTIHAR &#8211; MINISTR\u00c1NSING<br \/>Papi seg\u00e9dek hordt\u00e1k ezt a gyermek m\u00e9ret\u0171 inget, melynek sz\u00edne, a piros,<br \/>Krisztus v\u00e9rtan\u00fas\u00e1g\u00e1ra utal.<\/p><p>5. IKONTART\u00d3 \u00c1LLV\u00c1NY TAKAR\u00d3JA<br \/>A XIX. sz\u00e1zad elej\u00e9n k\u00e9sz\u00fclhetett ez a takar\u00f3,<br \/>amellyel azt az \u00e1llv\u00e1nyt takart\u00e1k le, amelyre a templom v\u00e9d\u0151szentj\u00e9nek k\u00e9p\u00e9t<br \/>helyezt\u00e9k.<\/p>\t\t\t\t\t\t\t\t<\/div>\n\t\t\t\t<\/div>\n\t\t\t\t<\/div>","protected":false},"excerpt":{"rendered":"<p>Mise a szerbekn\u00e9l 1. SZAKKOSZ &#8211; P\u00dcSP\u00d6KI MISERUHAA miseruha archaikus szab\u00e1s\u00fa (T szab\u00e1s\u00fa) als\u00f3ruh\u00e1zat. 2. EPITRAHILOSZ &#8211; ST\u00d3LAEzt a darabot k\u00f6zvetlen\u00fcl a miseruh\u00e1ra kellett felvenni, n\u00e9lk\u00fcle nemmis\u00e9zhetett a pap. 3. FELONION &#8211; PAL\u00c1STA k\u00edv\u00fcl arany, hossz\u00fa, b\u0151, ujj n\u00e9lk\u00fcli darab takarta, v\u00e9dte a miseruh\u00e1t, \u00e9s azisteni gondvisel\u00e9st jelk\u00e9pezte, mely mindent \u0151riz, mindenr\u0151l gondoskodik. 4. SZTIHAR [&hellip;]<\/p>\n","protected":false},"author":3,"featured_media":0,"parent":0,"menu_order":0,"comment_status":"closed","ping_status":"closed","template":"","meta":{"footnotes":""},"class_list":["post-3196","page","type-page","status-publish","hentry"],"jetpack_sharing_enabled":true,"_links":{"self":[{"href":"https:\/\/matricamuzeum.hu\/en\/wp-json\/wp\/v2\/pages\/3196","targetHints":{"allow":["GET"]}}],"collection":[{"href":"https:\/\/matricamuzeum.hu\/en\/wp-json\/wp\/v2\/pages"}],"about":[{"href":"https:\/\/matricamuzeum.hu\/en\/wp-json\/wp\/v2\/types\/page"}],"author":[{"embeddable":true,"href":"https:\/\/matricamuzeum.hu\/en\/wp-json\/wp\/v2\/users\/3"}],"replies":[{"embeddable":true,"href":"https:\/\/matricamuzeum.hu\/en\/wp-json\/wp\/v2\/comments?post=3196"}],"version-history":[{"count":7,"href":"https:\/\/matricamuzeum.hu\/en\/wp-json\/wp\/v2\/pages\/3196\/revisions"}],"predecessor-version":[{"id":3518,"href":"https:\/\/matricamuzeum.hu\/en\/wp-json\/wp\/v2\/pages\/3196\/revisions\/3518"}],"wp:attachment":[{"href":"https:\/\/matricamuzeum.hu\/en\/wp-json\/wp\/v2\/media?parent=3196"}],"curies":[{"name":"wp","href":"https:\/\/api.w.org\/{rel}","templated":true}]}}