{"id":3200,"date":"2026-04-14T10:45:17","date_gmt":"2026-04-14T08:45:17","guid":{"rendered":"https:\/\/matricamuzeum.hu\/?page_id=3200"},"modified":"2026-04-21T09:46:05","modified_gmt":"2026-04-21T07:46:05","slug":"a-tisztaszoba","status":"publish","type":"page","link":"https:\/\/matricamuzeum.hu\/en\/a-tisztaszoba","title":{"rendered":"a-tisztaszoba"},"content":{"rendered":"<div data-elementor-type=\"wp-page\" data-elementor-id=\"3200\" class=\"elementor elementor-3200\" data-elementor-post-type=\"page\">\n\t\t\t\t<div class=\"elementor-element elementor-element-4f40786 e-con-full e-flex e-con e-parent\" data-id=\"4f40786\" data-element_type=\"container\" data-e-type=\"container\" data-settings=\"{&quot;background_background&quot;:&quot;classic&quot;,&quot;jet_parallax_layout_list&quot;:[]}\">\n\t\t\t\t<div class=\"elementor-element elementor-element-fe9fb4a elementor-widget elementor-widget-heading\" data-id=\"fe9fb4a\" data-element_type=\"widget\" data-e-type=\"widget\" data-widget_type=\"heading.default\">\n\t\t\t\t\t<h1 class=\"elementor-heading-title elementor-size-default\">A tisztaszoba<\/h1>\t\t\t\t<\/div>\n\t\t\t\t<div class=\"elementor-element elementor-element-2a4fd31 elementor-widget elementor-widget-text-editor\" data-id=\"2a4fd31\" data-element_type=\"widget\" data-e-type=\"widget\" data-widget_type=\"text-editor.default\">\n\t\t\t\t\t\t\t\t\t<p>52. VARR\u00d3DOBOZ<br \/>A kis z\u00e1rhat\u00f3 fadobozk\u00e1ban c\u00e9rn\u00e1kat, r\u00e1t\u00e9teket t\u00e1roltak, \u00e9s ebbe rejtett\u00e9k a<br \/>gyermekek el\u0151l a t\u0171p\u00e1rn\u00e1t is.<\/p><p>243. LIK\u0150R\u00d6S K\u00c9SZLET<br \/>A metszett krist\u00e1ly k\u00e9szlet lik\u0151r\u00f6s palackj\u00e1t, k\u00e9t poh\u00e1rk\u00e1j\u00e1t \u00e9s a boros pohar\u00e1t<br \/>\u00e1ltal\u00e1ban csal\u00e1di, vall\u00e1si \u00fcnnepeken haszn\u00e1lt\u00e1k \u00e9s a lak\u00e1sban (a<br \/>tisztaszob\u00e1ban) j\u00f3l l\u00e1that\u00f3 helyen t\u00e1rolt\u00e1k.<\/p><p>282. PETR\u00d3LEUMCSILL\u00c1R<br \/>A petr\u00f3leuml\u00e1mpa sz\u00e9les v\u00e1laszt\u00e9k\u00e1val a falusi \u00e9let polg\u00e1rosod\u00e1s\u00e1nak egyik<br \/>legjellegzetesebb t\u00e1rgya volt, ennek a plafonr\u00f3l l\u00f3g\u00f3, d\u00edszes kivitel\u0171 darabnak<br \/>a tulajdonosa a gazdagabb t\u00e1rsadalmi r\u00e9teghez tartozhatott.<\/p><p>283. GYAKORL\u00d3H\u00cdMZ\u00c9S<br \/>A XX. sz\u00e1zad elej\u00e9n, k\u00f6zep\u00e9n az \u00e1ltal\u00e1nos iskol\u00e1ban h\u00e1ztart\u00e1si ismereteket is<br \/>tan\u00edtottak, a l\u00e1nyok p\u00e9ld\u00e1ul a ruhanem\u0171k elk\u00e9sz\u00edt\u00e9se mellett h\u00edmz\u00e9st is<br \/>tanultak, gyakoroltak t\u00f6bbek k\u00f6z\u00f6tt ilyen \u201egyakorl\u00f3\u201d darabon.<\/p>\t\t\t\t\t\t\t\t<\/div>\n\t\t\t\t<\/div>\n\t\t\t\t<\/div>","protected":false},"excerpt":{"rendered":"<p>A tisztaszoba 52. VARR\u00d3DOBOZA kis z\u00e1rhat\u00f3 fadobozk\u00e1ban c\u00e9rn\u00e1kat, r\u00e1t\u00e9teket t\u00e1roltak, \u00e9s ebbe rejtett\u00e9k agyermekek el\u0151l a t\u0171p\u00e1rn\u00e1t is. 243. LIK\u0150R\u00d6S K\u00c9SZLETA metszett krist\u00e1ly k\u00e9szlet lik\u0151r\u00f6s palackj\u00e1t, k\u00e9t poh\u00e1rk\u00e1j\u00e1t \u00e9s a boros pohar\u00e1t\u00e1ltal\u00e1ban csal\u00e1di, vall\u00e1si \u00fcnnepeken haszn\u00e1lt\u00e1k \u00e9s a lak\u00e1sban (atisztaszob\u00e1ban) j\u00f3l l\u00e1that\u00f3 helyen t\u00e1rolt\u00e1k. 282. PETR\u00d3LEUMCSILL\u00c1RA petr\u00f3leuml\u00e1mpa sz\u00e9les v\u00e1laszt\u00e9k\u00e1val a falusi \u00e9let polg\u00e1rosod\u00e1s\u00e1nak egyiklegjellegzetesebb t\u00e1rgya [&hellip;]<\/p>\n","protected":false},"author":3,"featured_media":0,"parent":0,"menu_order":0,"comment_status":"closed","ping_status":"closed","template":"","meta":{"footnotes":""},"class_list":["post-3200","page","type-page","status-publish","hentry"],"jetpack_sharing_enabled":true,"_links":{"self":[{"href":"https:\/\/matricamuzeum.hu\/en\/wp-json\/wp\/v2\/pages\/3200","targetHints":{"allow":["GET"]}}],"collection":[{"href":"https:\/\/matricamuzeum.hu\/en\/wp-json\/wp\/v2\/pages"}],"about":[{"href":"https:\/\/matricamuzeum.hu\/en\/wp-json\/wp\/v2\/types\/page"}],"author":[{"embeddable":true,"href":"https:\/\/matricamuzeum.hu\/en\/wp-json\/wp\/v2\/users\/3"}],"replies":[{"embeddable":true,"href":"https:\/\/matricamuzeum.hu\/en\/wp-json\/wp\/v2\/comments?post=3200"}],"version-history":[{"count":7,"href":"https:\/\/matricamuzeum.hu\/en\/wp-json\/wp\/v2\/pages\/3200\/revisions"}],"predecessor-version":[{"id":3525,"href":"https:\/\/matricamuzeum.hu\/en\/wp-json\/wp\/v2\/pages\/3200\/revisions\/3525"}],"wp:attachment":[{"href":"https:\/\/matricamuzeum.hu\/en\/wp-json\/wp\/v2\/media?parent=3200"}],"curies":[{"name":"wp","href":"https:\/\/api.w.org\/{rel}","templated":true}]}}