{"id":3204,"date":"2026-04-14T10:45:35","date_gmt":"2026-04-14T08:45:35","guid":{"rendered":"https:\/\/matricamuzeum.hu\/?page_id=3204"},"modified":"2026-04-21T09:47:30","modified_gmt":"2026-04-21T07:47:30","slug":"a-kertben","status":"publish","type":"page","link":"https:\/\/matricamuzeum.hu\/en\/a-kertben","title":{"rendered":"a-kertben"},"content":{"rendered":"<div data-elementor-type=\"wp-page\" data-elementor-id=\"3204\" class=\"elementor elementor-3204\" data-elementor-post-type=\"page\">\n\t\t\t\t<div class=\"elementor-element elementor-element-a84db3c e-con-full e-flex e-con e-parent\" data-id=\"a84db3c\" data-element_type=\"container\" data-e-type=\"container\" data-settings=\"{&quot;background_background&quot;:&quot;classic&quot;,&quot;jet_parallax_layout_list&quot;:[]}\">\n\t\t\t\t<div class=\"elementor-element elementor-element-b6ae553 elementor-widget elementor-widget-heading\" data-id=\"b6ae553\" data-element_type=\"widget\" data-e-type=\"widget\" data-widget_type=\"heading.default\">\n\t\t\t\t\t<h1 class=\"elementor-heading-title elementor-size-default\">A kertben<\/h1>\t\t\t\t<\/div>\n\t\t\t\t<div class=\"elementor-element elementor-element-3904c40 elementor-widget elementor-widget-text-editor\" data-id=\"3904c40\" data-element_type=\"widget\" data-e-type=\"widget\" data-widget_type=\"text-editor.default\">\n\t\t\t\t\t\t\t\t\t<p>83. R\u00c9PA\u00c1S\u00d3 FEJE<br \/>Az \u00e9rett \u00e9desr\u00e9paf\u00e9l\u00e9ket (s\u00e1rgar\u00e9pa, pasztern\u00e1k, tarl\u00f3r\u00e9pa stb.) \u00e1st\u00e1k ki ezzel<br \/>a vasb\u00f3l k\u00e9sz\u00fclt \u00e1s\u00f3fejjel.<\/p><p>88. HOROL\u00d3KAPA<br \/>Ezt a kapafejet a sz\u0151l\u0151termeszt\u00e9sben haszn\u00e1lt\u00e1k.<\/p><p>89. GEREBLYEFEJ<br \/>A gerebly\u00e9vel a lev\u00e1gott sz\u00e9n\u00e1t gy\u0171jt\u00f6tt\u00e9k \u00f6ssze, vagy vetem\u00e9nyes \u00e9s<br \/>vir\u00e1g\u00e1gy\u00e1sok \u00e1pol\u00e1s\u00e1ra haszn\u00e1lt\u00e1k r\u00f6gt\u00f6r\u0151 \u00e9s magtakar\u00f3 eszk\u00f6zk\u00e9nt.<\/p><p>91. METSZ\u0150OLL\u00d3<br \/>A sz\u0151l\u0151m\u0171vel\u00e9s egyik eszk\u00f6ze, a (vad)hajt\u00e1sokat v\u00e1gj\u00e1k le vele, ezzel<br \/>szab\u00e1lyozz\u00e1k a sz\u0151l\u0151 n\u00f6veked\u00e9s\u00e9t \u00e9s a term\u0151k\u00e9pess\u00e9get.<\/p><p>246. \u00dcLTET\u0150FA<br \/>Ezzel a szersz\u00e1mmal \u00fcltett\u00e9k a h\u00e1z k\u00f6r\u00fcli \u00e9s a sz\u00e1nt\u00f3f\u00f6ldi kertekben a<br \/>pal\u00e1nt\u00e1kat.<\/p><p>249. SZAKAJT\u00d3<br \/>Rozsszalm\u00e1b\u00f3l k\u00e9sz\u00fclt ez a t\u00e1rol\u00f3kos\u00e1rka.<\/p>\t\t\t\t\t\t\t\t<\/div>\n\t\t\t\t<\/div>\n\t\t\t\t<\/div>","protected":false},"excerpt":{"rendered":"<p>A kertben 83. R\u00c9PA\u00c1S\u00d3 FEJEAz \u00e9rett \u00e9desr\u00e9paf\u00e9l\u00e9ket (s\u00e1rgar\u00e9pa, pasztern\u00e1k, tarl\u00f3r\u00e9pa stb.) \u00e1st\u00e1k ki ezzela vasb\u00f3l k\u00e9sz\u00fclt \u00e1s\u00f3fejjel. 88. HOROL\u00d3KAPAEzt a kapafejet a sz\u0151l\u0151termeszt\u00e9sben haszn\u00e1lt\u00e1k. 89. GEREBLYEFEJA gerebly\u00e9vel a lev\u00e1gott sz\u00e9n\u00e1t gy\u0171jt\u00f6tt\u00e9k \u00f6ssze, vagy vetem\u00e9nyes \u00e9svir\u00e1g\u00e1gy\u00e1sok \u00e1pol\u00e1s\u00e1ra haszn\u00e1lt\u00e1k r\u00f6gt\u00f6r\u0151 \u00e9s magtakar\u00f3 eszk\u00f6zk\u00e9nt. 91. METSZ\u0150OLL\u00d3A sz\u0151l\u0151m\u0171vel\u00e9s egyik eszk\u00f6ze, a (vad)hajt\u00e1sokat v\u00e1gj\u00e1k le vele, ezzelszab\u00e1lyozz\u00e1k a sz\u0151l\u0151 n\u00f6veked\u00e9s\u00e9t [&hellip;]<\/p>\n","protected":false},"author":3,"featured_media":0,"parent":0,"menu_order":0,"comment_status":"closed","ping_status":"closed","template":"","meta":{"footnotes":""},"class_list":["post-3204","page","type-page","status-publish","hentry"],"jetpack_sharing_enabled":true,"_links":{"self":[{"href":"https:\/\/matricamuzeum.hu\/en\/wp-json\/wp\/v2\/pages\/3204","targetHints":{"allow":["GET"]}}],"collection":[{"href":"https:\/\/matricamuzeum.hu\/en\/wp-json\/wp\/v2\/pages"}],"about":[{"href":"https:\/\/matricamuzeum.hu\/en\/wp-json\/wp\/v2\/types\/page"}],"author":[{"embeddable":true,"href":"https:\/\/matricamuzeum.hu\/en\/wp-json\/wp\/v2\/users\/3"}],"replies":[{"embeddable":true,"href":"https:\/\/matricamuzeum.hu\/en\/wp-json\/wp\/v2\/comments?post=3204"}],"version-history":[{"count":7,"href":"https:\/\/matricamuzeum.hu\/en\/wp-json\/wp\/v2\/pages\/3204\/revisions"}],"predecessor-version":[{"id":3532,"href":"https:\/\/matricamuzeum.hu\/en\/wp-json\/wp\/v2\/pages\/3204\/revisions\/3532"}],"wp:attachment":[{"href":"https:\/\/matricamuzeum.hu\/en\/wp-json\/wp\/v2\/media?parent=3204"}],"curies":[{"name":"wp","href":"https:\/\/api.w.org\/{rel}","templated":true}]}}