{"id":3208,"date":"2026-04-14T10:45:59","date_gmt":"2026-04-14T08:45:59","guid":{"rendered":"https:\/\/matricamuzeum.hu\/?page_id=3208"},"modified":"2026-04-21T09:48:22","modified_gmt":"2026-04-21T07:48:22","slug":"mezei-munkak","status":"publish","type":"page","link":"https:\/\/matricamuzeum.hu\/en\/mezei-munkak","title":{"rendered":"mezei-munkak"},"content":{"rendered":"<div data-elementor-type=\"wp-page\" data-elementor-id=\"3208\" class=\"elementor elementor-3208\" data-elementor-post-type=\"page\">\n\t\t\t\t<div class=\"elementor-element elementor-element-45d4f6e e-con-full e-flex e-con e-parent\" data-id=\"45d4f6e\" data-element_type=\"container\" data-e-type=\"container\" data-settings=\"{&quot;background_background&quot;:&quot;classic&quot;,&quot;jet_parallax_layout_list&quot;:[]}\">\n\t\t\t\t<div class=\"elementor-element elementor-element-a96736d elementor-widget elementor-widget-heading\" data-id=\"a96736d\" data-element_type=\"widget\" data-e-type=\"widget\" data-widget_type=\"heading.default\">\n\t\t\t\t\t<h1 class=\"elementor-heading-title elementor-size-default\">Mezei munkak<\/h1>\t\t\t\t<\/div>\n\t\t\t\t<div class=\"elementor-element elementor-element-7bf8e79 elementor-widget elementor-widget-text-editor\" data-id=\"7bf8e79\" data-element_type=\"widget\" data-e-type=\"widget\" data-widget_type=\"text-editor.default\">\n\t\t\t\t\t\t\t\t\t<p>12. TOTYAFAZ\u00c9K<br \/>Az agyagb\u00f3l k\u00e9sz\u00fclt sz\u00e9les fenek\u0171 vagy &#8221;totya&#8221; fazekak a vaslemezzel fedett<br \/>takar\u00e9kt\u0171zhelyek (sparheltek) hat\u00e1s\u00e1ra terjedtek el a konyh\u00e1ban, \u00e9s minden<br \/>\u00e9telt\u00edpushoz k\u00fcl\u00f6n f\u0151z\u0151fazekat haszn\u00e1ltak, hogy ne keveredjenek az \u00edzek.<\/p><p>41. ARAT\u00d3KORS\u00d3<br \/>A k\u00f6zel 10 liter v\u00edz t\u00e1rol\u00e1s\u00e1ra, sz\u00e1ll\u00edt\u00e1s\u00e1ra alkalmas agyagkors\u00f3t els\u0151sorban a<br \/>mezei munk\u00e1k idej\u00e9n haszn\u00e1lt\u00e1k, alj\u00e1t be\u00e1st\u00e1k a f\u00f6ldbe, \u00edgy a v\u00edz hideg maradt<br \/>benne.<\/p><p>84. ROSTF\u00c9S\u00dcL\u0150<br \/>Ezzel a deszk\u00e1ra er\u0151s\u00edtett szegr\u00f3zs\u00e1val f\u00e9s\u00fclt\u00e9k ki az apr\u00f3<br \/>pozdorjaszil\u00e1nkokt\u00f3l megtiszt\u00edtott kender- vagy lenrostot.<\/p><p>85. KISHARANG<br \/>A r\u00e9z kisharangot\/kiscseng\u0151t k\u00f3borl\u00f3 term\u00e9szet\u0171 vagy vezet\u0151 szerepet bet\u00f6lt\u0151<br \/>\u00e1llatokra, els\u0151sorban lovakra tett\u00e9k.<\/p><p>86. KASZASARL\u00d3<br \/>A vasb\u00f3l k\u00e9sz\u00fclt, sima \u00e9l\u0171 sarl\u00f3t gy\u00e1rban k\u00e9sz\u00edtett\u00e9k, \u00e9s a sz\u00e9nagy\u0171jt\u00e9s<br \/>szersz\u00e1ma volt.<\/p><p>87. VASVILLA FEJE<br \/>A k\u00e9t\u00e1g\u00fa vasvilla feje lehetett a helyi kov\u00e1cs term\u00e9ke \u00e9s lehetett gy\u00e1ri term\u00e9k<br \/>is, \u00e9s ha a vill\u00e1nak r\u00f6vid fanyele volt, akkor sz\u00e9naforgat\u00e1sra, ha hossz\u00fa fanyele<br \/>volt, akkor f\u0151k\u00e9nt boglya- \u00e9s kazalrak\u00e1shoz haszn\u00e1lt\u00e1k.<\/p><p>92. CS\u00c9P<br \/>A cs\u00e9phadar\u00f3 vagy cs\u00e9p a cs\u00e9pl\u0151g\u00e9p elterjed\u00e9se el\u0151tt a cs\u00e9pl\u00e9s legf\u0151bb<br \/>eszk\u00f6ze volt, a hosszabbik fel\u00e9t fogva a r\u00f6videbb fel\u00e9vel ritmikusan \u00fct\u00f6tt\u00e9k,<br \/>cs\u00e9pelt\u00e9k a gabon\u00e1t, am\u00edg a szemek kihullottak.<\/p><p>93. TOLDOTT \u00c1G\u00da FAVILLA<br \/>A hossz\u00fa nyel\u0171, toldott \u00e1g\u00fa favill\u00e1t boglya- \u00e9s kazalrak\u00e1shoz haszn\u00e1lt\u00e1k.<\/p><p>247. FEN\u0150K\u0150TART\u00d3 SZARV<br \/>A szarvasmarha szarva, m\u00e1s n\u00e9ven tokm\u00e1ny, melybe vizet \u00f6nt\u00f6ttek, abban<br \/>tartott\u00e1k a kaszafen\u0151 k\u00f6vet, \u00e9s a kasz\u00e1s a kasz\u00e1l\u00e1s vagy arat\u00e1s alatt a gatya<br \/>korc\u00e1ra vagy a nadr\u00e1gsz\u00edjra akasztva hordta.<\/p><p>254. JUHNY\u00cdR\u00d3 OLL\u00d3<br \/>Ezzel a karik\u00e1s rug\u00f3j\u00fa juhny\u00edr\u00f3 oll\u00f3val v\u00e1gt\u00e1k le \u00e9vente egyszer vagy k\u00e9tszer a<br \/>gyapj\u00fat a birk\u00e1r\u00f3l.<\/p><p>255. FAKAN\u00c1L<br \/>Szeg\u00e9nyebbek \u00e9s a kanalas cig\u00e1nyok k\u00e9sz\u00edtett\u00e9k az ilyen fakanalakat, ehhez<br \/>hasonl\u00f3kat a v\u00e1s\u00e1rokban m\u00e9g ma is lehet kapni.<\/p><p>257. MAROKSZED\u0150 KAMP\u00d3<br \/>Arat\u00e1skor a marokszed\u0151 \u2013 aki t\u00f6bbnyire n\u0151 volt \u2013 ezzel a kamp\u00f3val gy\u0171jt\u00f6tte<br \/>\u00f6ssze a gabon\u00e1t, amelyet a k\u00e9vek\u00f6t\u0151 k\u00f6t\u00f6tt \u00f6ssze.<\/p><p>284. GEREBLY\u00c9S KASZACSAP\u00d3<br \/>A kaszacsap\u00f3t arat\u00e1skor a kasza sz\u00e1r\u00e1hoz er\u0151s\u00edtett\u00e9k, hogy a lev\u00e1gott<br \/>gabona egyenletesen d\u0151lj\u00f6n le.<\/p>\t\t\t\t\t\t\t\t<\/div>\n\t\t\t\t<\/div>\n\t\t\t\t<\/div>","protected":false},"excerpt":{"rendered":"<p>Mezei munkak 12. TOTYAFAZ\u00c9KAz agyagb\u00f3l k\u00e9sz\u00fclt sz\u00e9les fenek\u0171 vagy &#8221;totya&#8221; fazekak a vaslemezzel fedetttakar\u00e9kt\u0171zhelyek (sparheltek) hat\u00e1s\u00e1ra terjedtek el a konyh\u00e1ban, \u00e9s minden\u00e9telt\u00edpushoz k\u00fcl\u00f6n f\u0151z\u0151fazekat haszn\u00e1ltak, hogy ne keveredjenek az \u00edzek. 41. ARAT\u00d3KORS\u00d3A k\u00f6zel 10 liter v\u00edz t\u00e1rol\u00e1s\u00e1ra, sz\u00e1ll\u00edt\u00e1s\u00e1ra alkalmas agyagkors\u00f3t els\u0151sorban amezei munk\u00e1k idej\u00e9n haszn\u00e1lt\u00e1k, alj\u00e1t be\u00e1st\u00e1k a f\u00f6ldbe, \u00edgy a v\u00edz hideg maradtbenne. 84. [&hellip;]<\/p>\n","protected":false},"author":3,"featured_media":0,"parent":0,"menu_order":0,"comment_status":"closed","ping_status":"closed","template":"","meta":{"footnotes":""},"class_list":["post-3208","page","type-page","status-publish","hentry"],"jetpack_sharing_enabled":true,"_links":{"self":[{"href":"https:\/\/matricamuzeum.hu\/en\/wp-json\/wp\/v2\/pages\/3208","targetHints":{"allow":["GET"]}}],"collection":[{"href":"https:\/\/matricamuzeum.hu\/en\/wp-json\/wp\/v2\/pages"}],"about":[{"href":"https:\/\/matricamuzeum.hu\/en\/wp-json\/wp\/v2\/types\/page"}],"author":[{"embeddable":true,"href":"https:\/\/matricamuzeum.hu\/en\/wp-json\/wp\/v2\/users\/3"}],"replies":[{"embeddable":true,"href":"https:\/\/matricamuzeum.hu\/en\/wp-json\/wp\/v2\/comments?post=3208"}],"version-history":[{"count":7,"href":"https:\/\/matricamuzeum.hu\/en\/wp-json\/wp\/v2\/pages\/3208\/revisions"}],"predecessor-version":[{"id":3538,"href":"https:\/\/matricamuzeum.hu\/en\/wp-json\/wp\/v2\/pages\/3208\/revisions\/3538"}],"wp:attachment":[{"href":"https:\/\/matricamuzeum.hu\/en\/wp-json\/wp\/v2\/media?parent=3208"}],"curies":[{"name":"wp","href":"https:\/\/api.w.org\/{rel}","templated":true}]}}