{"id":3212,"date":"2026-04-14T10:46:17","date_gmt":"2026-04-14T08:46:17","guid":{"rendered":"https:\/\/matricamuzeum.hu\/?page_id=3212"},"modified":"2026-04-21T09:50:13","modified_gmt":"2026-04-21T07:50:13","slug":"a-kamraban","status":"publish","type":"page","link":"https:\/\/matricamuzeum.hu\/en\/a-kamraban","title":{"rendered":"a-kamraban"},"content":{"rendered":"<div data-elementor-type=\"wp-page\" data-elementor-id=\"3212\" class=\"elementor elementor-3212\" data-elementor-post-type=\"page\">\n\t\t\t\t<div class=\"elementor-element elementor-element-933e3e4 e-con-full e-flex e-con e-parent\" data-id=\"933e3e4\" data-element_type=\"container\" data-e-type=\"container\" data-settings=\"{&quot;background_background&quot;:&quot;classic&quot;,&quot;jet_parallax_layout_list&quot;:[]}\">\n\t\t\t\t<div class=\"elementor-element elementor-element-66e315d elementor-widget elementor-widget-heading\" data-id=\"66e315d\" data-element_type=\"widget\" data-e-type=\"widget\" data-widget_type=\"heading.default\">\n\t\t\t\t\t<h1 class=\"elementor-heading-title elementor-size-default\">A kamr\u00e1ban<\/h1>\t\t\t\t<\/div>\n\t\t\t\t<div class=\"elementor-element elementor-element-feb4e30 elementor-widget elementor-widget-text-editor\" data-id=\"feb4e30\" data-element_type=\"widget\" data-e-type=\"widget\" data-widget_type=\"text-editor.default\">\n\t\t\t\t\t\t\t\t\t<p>13. B\u00d6D\u00d6N<br \/>A h\u00e1z kamr\u00e1j\u00e1ban a polcon ekkora b\u00f6d\u00f6nben \u00e1ltal\u00e1ban h\u00e1zi kacsa- vagy<br \/>libazs\u00edrt tartottak, \u00e9s \u00f6t liter zs\u00edr f\u00e9rt bele.<\/p><p>21. GYERTYATART\u00d3<br \/>A gyertyatart\u00f3 fels\u0151 r\u00e9sze f\u00e9m, als\u00f3 r\u00e9sze fa, \u00e9s \u00fagy k\u00e9pezt\u00e9k ki a form\u00e1j\u00e1t,<br \/>hogy asztalra is tudj\u00e1k \u00e1ll\u00edtani \u00e9s hordozni is lehessen.<\/p><p>70. M\u00c1NGORL\u00d3<br \/>A m\u00e1ngorl\u00f3 a vasal\u00f3 el\u0151dje volt, ezzel sim\u00edtott\u00e1k, azaz m\u00e1ngolt\u00e1k a<br \/>v\u00e1szonnem\u0171ket mos\u00e1s ut\u00e1n: a sim\u00edtand\u00f3 v\u00e1sznat ny\u00fajt\u00f3f\u00e1ra tekert\u00e9k, majd a<br \/>m\u00e1ngorl\u00f3 bord\u00e1zott fel\u00e9vel g\u00f6rgett\u00e9k.<\/p><p>280. K\u00d6CS\u00d6G<br \/>A csak bel\u00fcl m\u00e1zas k\u00f6cs\u00f6gben aludttejet k\u00e9sz\u00edtettek \u00e9s t\u00e1roltak, ami<br \/>k\u00fcl\u00f6n\u00f6sen ny\u00e1ron sz\u00e1m\u00edtott kedvelt t\u00e1pl\u00e1l\u00e9knak, de fogyasztott\u00e1k b\u00f6jti<br \/>napokon is.<\/p><p>281. SZITA<br \/>A liszt szit\u00e1l\u00e1sakor fennakadnak a nem megfelel\u0151en \u0151r\u00f6lt r\u00e9szek vagy m\u00e1s<br \/>szennyez\u0151d\u00e9sek, \u00e9s a liszt leveg\u0151sebb, k\u00f6nnyebb lesz, amit\u0151l finomabb\u00e1,<br \/>k\u00f6nnyebb szerkezet\u0171v\u00e9 v\u00e1lik a t\u00e9szta.<\/p>\t\t\t\t\t\t\t\t<\/div>\n\t\t\t\t<\/div>\n\t\t\t\t<\/div>","protected":false},"excerpt":{"rendered":"<p>A kamr\u00e1ban 13. B\u00d6D\u00d6NA h\u00e1z kamr\u00e1j\u00e1ban a polcon ekkora b\u00f6d\u00f6nben \u00e1ltal\u00e1ban h\u00e1zi kacsa- vagylibazs\u00edrt tartottak, \u00e9s \u00f6t liter zs\u00edr f\u00e9rt bele. 21. GYERTYATART\u00d3A gyertyatart\u00f3 fels\u0151 r\u00e9sze f\u00e9m, als\u00f3 r\u00e9sze fa, \u00e9s \u00fagy k\u00e9pezt\u00e9k ki a form\u00e1j\u00e1t,hogy asztalra is tudj\u00e1k \u00e1ll\u00edtani \u00e9s hordozni is lehessen. 70. M\u00c1NGORL\u00d3A m\u00e1ngorl\u00f3 a vasal\u00f3 el\u0151dje volt, ezzel sim\u00edtott\u00e1k, azaz m\u00e1ngolt\u00e1k [&hellip;]<\/p>\n","protected":false},"author":3,"featured_media":0,"parent":0,"menu_order":0,"comment_status":"closed","ping_status":"closed","template":"","meta":{"footnotes":""},"class_list":["post-3212","page","type-page","status-publish","hentry"],"jetpack_sharing_enabled":true,"_links":{"self":[{"href":"https:\/\/matricamuzeum.hu\/en\/wp-json\/wp\/v2\/pages\/3212","targetHints":{"allow":["GET"]}}],"collection":[{"href":"https:\/\/matricamuzeum.hu\/en\/wp-json\/wp\/v2\/pages"}],"about":[{"href":"https:\/\/matricamuzeum.hu\/en\/wp-json\/wp\/v2\/types\/page"}],"author":[{"embeddable":true,"href":"https:\/\/matricamuzeum.hu\/en\/wp-json\/wp\/v2\/users\/3"}],"replies":[{"embeddable":true,"href":"https:\/\/matricamuzeum.hu\/en\/wp-json\/wp\/v2\/comments?post=3212"}],"version-history":[{"count":7,"href":"https:\/\/matricamuzeum.hu\/en\/wp-json\/wp\/v2\/pages\/3212\/revisions"}],"predecessor-version":[{"id":3545,"href":"https:\/\/matricamuzeum.hu\/en\/wp-json\/wp\/v2\/pages\/3212\/revisions\/3545"}],"wp:attachment":[{"href":"https:\/\/matricamuzeum.hu\/en\/wp-json\/wp\/v2\/media?parent=3212"}],"curies":[{"name":"wp","href":"https:\/\/api.w.org\/{rel}","templated":true}]}}