{"id":3216,"date":"2026-04-14T10:46:34","date_gmt":"2026-04-14T08:46:34","guid":{"rendered":"https:\/\/matricamuzeum.hu\/?page_id=3216"},"modified":"2026-04-21T09:55:00","modified_gmt":"2026-04-21T07:55:00","slug":"hazi-aldas","status":"publish","type":"page","link":"https:\/\/matricamuzeum.hu\/en\/hazi-aldas","title":{"rendered":"hazi-aldas"},"content":{"rendered":"<div data-elementor-type=\"wp-page\" data-elementor-id=\"3216\" class=\"elementor elementor-3216\" data-elementor-post-type=\"page\">\n\t\t\t\t<div class=\"elementor-element elementor-element-2414155 e-con-full e-flex e-con e-parent\" data-id=\"2414155\" data-element_type=\"container\" data-e-type=\"container\" data-settings=\"{&quot;background_background&quot;:&quot;classic&quot;,&quot;jet_parallax_layout_list&quot;:[]}\">\n\t\t\t\t<div class=\"elementor-element elementor-element-0f06002 elementor-widget elementor-widget-heading\" data-id=\"0f06002\" data-element_type=\"widget\" data-e-type=\"widget\" data-widget_type=\"heading.default\">\n\t\t\t\t\t<h1 class=\"elementor-heading-title elementor-size-default\">H\u00e1zi \u00e1ld\u00e1s<\/h1>\t\t\t\t<\/div>\n\t\t\t\t<div class=\"elementor-element elementor-element-e74fdc3 elementor-widget elementor-widget-text-editor\" data-id=\"e74fdc3\" data-element_type=\"widget\" data-e-type=\"widget\" data-widget_type=\"text-editor.default\">\n\t\t\t\t\t\t\t\t\t<p>31. OLVAS\u00d3<br \/>A gy\u00f6ngyszemeket l\u00e1ncra f\u0171zt\u00e9k, hogy morzsolgat\u00e1suk alatt lehessen az<br \/>im\u00e1ds\u00e1got sz\u00e1molni, amikor pedig nem haszn\u00e1lt\u00e1k, a tisztaszoba szent<br \/>sark\u00e1ban a szenteltv\u00edztart\u00f3ra volt feltekerve.<\/p><p>32. SZENTELTV\u00cdZTART\u00d3<br \/>A h\u00e1zon bel\u00fcli szent sarokban volt a csal\u00e1d saj\u00e1t szenteltv\u00edztart\u00f3ja, ebbe<br \/>m\u00e1rtott\u00e1k bele csal\u00e1dtagok az ujjukat \u00e9s \u00fagy vetettek keresztet.<\/p><p>35. H\u00c1ZI OLT\u00c1R<br \/>A tisztaszob\u00e1ban a szent sarokban tartott, falra akaszthat\u00f3 k\u00e9pbe helyezett<br \/>olt\u00e1ron selyemmel lefedett tr\u00f3nuson helyezkedik el a festett porcel\u00e1nb\u00f3l<br \/>k\u00e9sz\u00fclt Szent Csal\u00e1d.<\/p><p>36. PI\u00c9TA<br \/>Azokat a m\u0171alkot\u00e1sokat nevezik pi\u00e9t\u00e1nak, melyek Sz\u0171z M\u00e1ri\u00e1t \u00e1br\u00e1zolj\u00e1k a<br \/>keresztr\u0151l levett halott fi\u00e1t \u00f6l\u00e9ben tartva.<\/p><p>37., 39. GYERTYATART\u00d3K<br \/>Ezeket a r\u00e9zb\u0151l k\u00e9sz\u00fclt, templomi gyertyatart\u00f3kra eml\u00e9keztet\u0151<br \/>vil\u00e1g\u00edt\u00f3eszk\u00f6z\u00f6ket csak k\u00fcl\u00f6nleges alkalmakkor haszn\u00e1lt\u00e1k, hely\u00fck a<br \/>tisztaszob\u00e1ban volt.<\/p><p>53. \u00c9NEKES K\u00d6NYV<br \/>A kis k\u00f6nyvecsk\u00e9ben \u00e1jtatos \u00e9nekeket gy\u0171jt\u00f6ttek \u00f6ssze az im\u00e1dkoz\u00e1s \u00e9s<br \/>\u00e9nekl\u00e9s egy\u00e9ni, csal\u00e1di \u00e9s k\u00f6z\u00f6ss\u00e9gi szertart\u00e1s\u00e1hoz, bejegyz\u00e9se szerint<br \/>1864-b\u0151l sz\u00e1rmazik.<\/p><p>264. MADONNA-K\u00c9P<br \/>A Sz\u0171z M\u00e1ri\u00e1t \u00e9s a kisded J\u00e9zust \u00e1br\u00e1zol\u00f3, falra akaszthat\u00f3, f\u00e1ra illesztett<br \/>festett porcel\u00e1nk\u00e9pet, kegyt\u00e1rgyat v\u00e1s\u00e1rban, b\u00facs\u00faban vagy<br \/>v\u00e1ndorkeresked\u0151t\u0151l v\u00e1s\u00e1rolhatt\u00e1k \u00e9s a lak\u00e1s szent ter\u00e9ben helyezt\u00e9k el.<\/p><p>270\u2013271. M\u00c1RIA SZ\u00cdVE \u00c9S J\u00c9ZUS SZ\u00cdVE SZ\u00cdNES NYOMAT<br \/>Szinte minden lak\u00f3h\u00e1zban volt szent t\u00e9r, ahova a h\u00e1ziak a vall\u00e1sukra jellemz\u0151<br \/>szimb\u00f3lumokat, p\u00e9ld\u00e1ul a v\u00e1s\u00e1rban, b\u00facs\u00faban vagy h\u00e1zal\u00f3t\u00f3l v\u00e1s\u00e1rolt M\u00e1ria<br \/>sz\u00edve k\u00e9pet \u00e9s p\u00e1rj\u00e1t, a J\u00e9zus sz\u00edve k\u00e9pet helyezt\u00e9k el, \u00e9s ahol a napi<br \/>\u00e1jtatoss\u00e1gukat v\u00e9gezt\u00e9k.<\/p><p>274. IMAK\u00d6NYV<br \/>Az 1931-ben kiadott vall\u00e1sos sz\u00f6vegek \u00e9s \u00e9nekek gy\u0171jtem\u00e9nye az otthoni<br \/>im\u00e1dkoz\u00e1st, a szem\u00e9lyes, elm\u00e9ly\u00fclt hit\u00e9letet k\u00f6nny\u00edtette meg, tulajdonosa<br \/>sz\u00fcleit\u0151l, kereszt- vagy b\u00e9rmasz\u00fcl\u0151it\u0151l kaphatta aj\u00e1nd\u00e9kba.<\/p><p>275. SZENT BIBLIA<br \/>Az 1914-ben kiadott b\u0151rk\u00f6t\u00e9ses Szent Biblia a B\u00e1r\u00e1nyos csal\u00e1d\u00e9 volt,<br \/>melynek tagjai az \u00fcres lapokon jegyezt\u00e9k fel a fontosabb csal\u00e1di<br \/>esem\u00e9nyeket, p\u00e9ld\u00e1ul a sz\u00fclet\u00e9seket, a hal\u00e1loz\u00e1sokat, de m\u00e9g azt is, hogy<br \/>1952. szeptember 3-\u00e1n diszn\u00f3t v\u00e1s\u00e1roltak.<\/p><p>276. KATONAI IMAGY\u0170JTEM\u00c9NY<br \/>Az I. vil\u00e1gh\u00e1bor\u00faban a katon\u00e1k lelki \u00e9s vall\u00e1si ig\u00e9nyeinek kiel\u00e9g\u00edt\u00e9s\u00e9t<br \/>seg\u00edtett\u00e9k az ilyen kiadv\u00e1nyok, melyek a katona\u00e9let minden<br \/>megpr\u00f3b\u00e1ltat\u00e1s\u00e1ra tartalmaztak t\u00e1maszt, p\u00e9ld\u00e1ul k\u00fcl\u00f6n im\u00e1kat \u00edrtak el\u0151<br \/>sebes\u00fcl\u00e9s vagy haldokl\u00e1s eset\u00e9re.<\/p><p>277. SZENTK\u00c9PEK<br \/>A jutalmul, aj\u00e1nd\u00e9kul vagy eml\u00e9k\u00fcl kapott kis k\u00e9pek a szem\u00e9lyes \u00e1h\u00edtatot<br \/>szolg\u00e1lt\u00e1k, a gy\u00f3n\u00f3c\u00e9dul\u00e1k a h\u00fasv\u00e9ti gy\u00f3n\u00e1s elv\u00e9gz\u00e9s\u00e9t bizony\u00edtott\u00e1k, \u00e9s<br \/>k\u00f6z\u00fcl\u00fck a kedvencet vagy az igazol\u00e1ssal b\u00edr\u00f3t a Bibli\u00e1ban vagy az<br \/>imak\u00f6nyvben t\u00e1rolt\u00e1k, k\u00f6nyvjelz\u0151jek\u00e9nt haszn\u00e1lt\u00e1k.<\/p><p>279. ECHARISZTIKUS VIL\u00c1GKONGRESSZUS D\u00cdSZZSEBKEND\u0150JE<br \/>1938. m\u00e1jus 25\u201329. k\u00f6z\u00f6tt 33 orsz\u00e1g k\u00e9pviselet\u00e9vel Budapesten rendezt\u00e9k<br \/>meg a 34. Eucharisztikus Vil\u00e1gkongresszust, melyen 480 sz\u00e1zhalombattai is<br \/>r\u00e9szt vett.<\/p>\t\t\t\t\t\t\t\t<\/div>\n\t\t\t\t<\/div>\n\t\t\t\t<\/div>","protected":false},"excerpt":{"rendered":"<p>H\u00e1zi \u00e1ld\u00e1s 31. OLVAS\u00d3A gy\u00f6ngyszemeket l\u00e1ncra f\u0171zt\u00e9k, hogy morzsolgat\u00e1suk alatt lehessen azim\u00e1ds\u00e1got sz\u00e1molni, amikor pedig nem haszn\u00e1lt\u00e1k, a tisztaszoba szentsark\u00e1ban a szenteltv\u00edztart\u00f3ra volt feltekerve. 32. SZENTELTV\u00cdZTART\u00d3A h\u00e1zon bel\u00fcli szent sarokban volt a csal\u00e1d saj\u00e1t szenteltv\u00edztart\u00f3ja, ebbem\u00e1rtott\u00e1k bele csal\u00e1dtagok az ujjukat \u00e9s \u00fagy vetettek keresztet. 35. H\u00c1ZI OLT\u00c1RA tisztaszob\u00e1ban a szent sarokban tartott, falra akaszthat\u00f3 k\u00e9pbe [&hellip;]<\/p>\n","protected":false},"author":3,"featured_media":0,"parent":0,"menu_order":0,"comment_status":"closed","ping_status":"closed","template":"","meta":{"footnotes":""},"class_list":["post-3216","page","type-page","status-publish","hentry"],"jetpack_sharing_enabled":true,"_links":{"self":[{"href":"https:\/\/matricamuzeum.hu\/en\/wp-json\/wp\/v2\/pages\/3216","targetHints":{"allow":["GET"]}}],"collection":[{"href":"https:\/\/matricamuzeum.hu\/en\/wp-json\/wp\/v2\/pages"}],"about":[{"href":"https:\/\/matricamuzeum.hu\/en\/wp-json\/wp\/v2\/types\/page"}],"author":[{"embeddable":true,"href":"https:\/\/matricamuzeum.hu\/en\/wp-json\/wp\/v2\/users\/3"}],"replies":[{"embeddable":true,"href":"https:\/\/matricamuzeum.hu\/en\/wp-json\/wp\/v2\/comments?post=3216"}],"version-history":[{"count":7,"href":"https:\/\/matricamuzeum.hu\/en\/wp-json\/wp\/v2\/pages\/3216\/revisions"}],"predecessor-version":[{"id":3551,"href":"https:\/\/matricamuzeum.hu\/en\/wp-json\/wp\/v2\/pages\/3216\/revisions\/3551"}],"wp:attachment":[{"href":"https:\/\/matricamuzeum.hu\/en\/wp-json\/wp\/v2\/media?parent=3216"}],"curies":[{"name":"wp","href":"https:\/\/api.w.org\/{rel}","templated":true}]}}