{"id":3223,"date":"2026-04-14T10:48:48","date_gmt":"2026-04-14T08:48:48","guid":{"rendered":"https:\/\/matricamuzeum.hu\/?page_id=3223"},"modified":"2026-04-21T09:56:17","modified_gmt":"2026-04-21T07:56:17","slug":"enterior","status":"publish","type":"page","link":"https:\/\/matricamuzeum.hu\/en\/enterior","title":{"rendered":"enterior"},"content":{"rendered":"<div data-elementor-type=\"wp-page\" data-elementor-id=\"3223\" class=\"elementor elementor-3223\" data-elementor-post-type=\"page\">\n\t\t\t\t<div class=\"elementor-element elementor-element-bacbeee e-con-full e-flex e-con e-parent\" data-id=\"bacbeee\" data-element_type=\"container\" data-e-type=\"container\" data-settings=\"{&quot;background_background&quot;:&quot;classic&quot;,&quot;jet_parallax_layout_list&quot;:[]}\">\n\t\t\t\t<div class=\"elementor-element elementor-element-41baa82 elementor-widget elementor-widget-heading\" data-id=\"41baa82\" data-element_type=\"widget\" data-e-type=\"widget\" data-widget_type=\"heading.default\">\n\t\t\t\t\t<h1 class=\"elementor-heading-title elementor-size-default\">Enterior<\/h1>\t\t\t\t<\/div>\n\t\t\t\t<div class=\"elementor-element elementor-element-2149fdb elementor-widget elementor-widget-text-editor\" data-id=\"2149fdb\" data-element_type=\"widget\" data-e-type=\"widget\" data-widget_type=\"text-editor.default\">\n\t\t\t\t\t\t\t\t\t<p>10. FEJ\u0150ED\u00c9NY<br \/>A zom\u00e1ncozott b\u00e1dogv\u00f6dr\u00f6t a tehenek fej\u00e9s\u00e9n\u00e9l haszn\u00e1lt\u00e1k, ebben fogt\u00e1k fel<br \/>a tejet.<\/p><p>14. SAROKPAD EGYIK R\u00c9SZE<br \/>A sarokpad egyszer\u0171bb v\u00e1ltozat\u00e1t a konyh\u00e1ban haszn\u00e1lt\u00e1k, a h\u00e1tt\u00e1ml\u00e1s,<br \/>karf\u00e1s sarokpad pedig ink\u00e1bb a tisztaszoba szent sark\u00e1ban \u00e1llt.<\/p><p>15. KENY\u00c9RSZAKAJT\u00d3<br \/>A rozsszalm\u00e1b\u00f3l font kos\u00e1rk\u00e1t a keny\u00e9rk\u00e9sz\u00edt\u00e9shez haszn\u00e1lt\u00e1k.<\/p><p>16. T\u00d6R\u00d6LK\u00d6Z\u0150<br \/>A h\u00e1zilag k\u00e9sz\u00edtett kenderb\u0151l sz\u0151tt kend\u0151 a tulajdonos\u00e1nak kelengy\u00e9j\u00e9hez<br \/>tartozhatott, a l\u00e1ny vitte mag\u00e1val a h\u00e1zass\u00e1gk\u00f6t\u00e9se ut\u00e1ni \u00faj \u00e9let\u00e9re.<\/p><p>17. FELIRATOS FALV\u00c9D\u0150<br \/>D\u00edsznek \u00e9s a meszel\u00e9s v\u00e9delm\u00e9re helyeztek k\u00e9szen vett vagy h\u00e1zilag h\u00edmzett<br \/>textilt a falra a konyh\u00e1ban.<\/p><p>19. KAL\u00c1CSS\u00dcT\u0150\/KUGL\u00d3FS\u00dcT\u0150<br \/>Ebben a zom\u00e1ncozott b\u00e1dogt\u00e1lban kal\u00e1csot\/kugl\u00f3fot lehetett s\u00fctni, a kal\u00e1cs a<br \/>XV. sz\u00e1zad \u00f3ta a magyar falusi lakoss\u00e1g legrangosabb \u00fcnnepi \u00e9tele volt, a<br \/>kugl\u00f3f pedig k\u00e9sei kal\u00e1cst\u00edpus a magyar konyh\u00e1ban.<\/p><p>20. POLCSZ\u00c9L<br \/>Az ed\u00e9nytart\u00f3 szekr\u00e9nyeket, polcokat a konyh\u00e1ban vagy a pitvarban gyakran<br \/>d\u00edsz\u00edtett\u00e9k h\u00edmzett polcsz\u00e9llel, stel\u00e1zsics\u00edkkal.<\/p><p>27. MOZS\u00c1R<br \/>A magok \u00e9s m\u00e1s \u00e9lelmiszerek megt\u00f6r\u00e9s\u00e9re haszn\u00e1lt f\u00e9mmozs\u00e1rnak a test\u00e9n<br \/>tal\u00e1lhat\u00f3 3-as sz\u00e1m a m\u00e9rt\u00e9kegys\u00e9gre utal.<\/p><p>33. SZUSZ\u00c9K\/\u00c1CSOLT L\u00c1DA<br \/>A h\u00e1ztart\u00e1sokban ilyen, m\u00e9rtani d\u00edsz\u00edt\u00e9ssel ell\u00e1tott szusz\u00e9kban t\u00e1rolt\u00e1k a<br \/>ruh\u00e1t, kelengy\u00e9t, haszn\u00e1lat\u00e1t a XIX. sz\u00e1zad v\u00e9g\u00e9n elterjed\u0151 ruh\u00e1sszekr\u00e9nyek<br \/>h\u00e1tt\u00e9rbe szor\u00edtott\u00e1k.<\/p><p>40. F\u00dcGG\u00d6NY<br \/>A f\u00fcgg\u00f6ny a XIX. sz\u00e1zadban terjedt el a paraszti lak\u00e1skult\u00far\u00e1ban \u00e9s a<br \/>h\u00e1ziparban k\u00e9sz\u00edtett\u00e9k.<\/p><p>42. CSIZMA<br \/>A XIX. sz\u00e1zad k\u00f6zep\u00e9t\u0151l v\u00e1lt divatt\u00e1 a f\u00e9rfi b\u0151r l\u00e1bbeli, ami szinte kiv\u00e9tel n\u00e9lk\u00fcl<br \/>mindig fekete volt \u00e9s ritk\u00e1n d\u00edsz\u00edtett\u00e9k.<\/p><p>44. THONET-SZ\u00c9K<br \/>Michael Thonet b\u00e9csi b\u00fatorgy\u00e1rosr\u00f3l kapta a nev\u00e9t az a b\u00fatorcsal\u00e1d,<br \/>amelynek elemeit, p\u00e9ld\u00e1ul a sz\u00e9keket olcs\u00f3n \u00e9s gyorsan el\u0151 lehetett \u00e1ll\u00edtani<br \/>nagy\u00fczemben g\u0151z\u00f6l\u00e9ssel hajl\u00edtott f\u00e1b\u00f3l.<\/p><p>46. SZ\u0150NYEG<br \/>A teljesen t\u00f6nkrement ruhadarabokat cs\u00edkokra v\u00e1gt\u00e1k \u00e9s ilyen<br \/>rongysz\u0151nyegeket k\u00e9sz\u00edtettek a textilcs\u00edkokb\u00f3l.<\/p><p>54. KATONAI SZOLG\u00c1LATI EML\u00c9KLAP<br \/>A Monarchia k\u00f6z\u00f6s hadsereg\u00e9ben elt\u00f6lt\u00f6tt szolg\u00e1lati \u00e9veknek az eml\u00e9k\u00e9re<br \/>k\u00e9sz\u00edtettek ilyen lapot, melyen a lovon \u00fcl\u0151 husz\u00e1r feje hely\u00e9re a katona a saj\u00e1t<br \/>k\u00e9p\u00e9t ragasztotta fel.<\/p><p>73. S\u00dcT\u0150LAP\u00c1T\/KENY\u00c9RVET\u0150 LAP\u00c1T<br \/>Egy darabb\u00f3l f\u00e1b\u00f3l k\u00e9sz\u00edtett\u00e9k ezt a lap\u00e1tot, amin a megform\u00e1lt nyers t\u00e9szt\u00e1t<br \/>a kemenc\u00e9be vetett\u00e9k, majd a kis\u00fclt kenyeret kivett\u00e9k.<\/p><p>74. K\u00d6P\u00dcL\u0150<br \/>A f\u00e1b\u00f3l k\u00e9sz\u00fclt ed\u00e9ny test\u00e9be \u00e9s tetej\u00e9be helyezt\u00e9k az alj\u00e1n lyukas koronggal<br \/>ell\u00e1tott k\u00f6p\u00fcl\u0151rudat \u00e9s ezt a rudat mozgatt\u00e1k er\u0151teljesen fel-le, am\u00edg a vaj ki<br \/>nem csap\u00f3dott a tejsz\u00ednb\u0151l.<\/p><p>75. KOS\u00c1R<br \/>Ez a hossz\u00fak\u00e1s test\u0171 t\u00e1rol\u00f3kos\u00e1r az errefel\u00e9 sz\u00edvesen haszn\u00e1lt rozsszalm\u00e1b\u00f3l<br \/>k\u00e9sz\u00fclt.<\/p><p>79. TEKN\u0150<br \/>Egy-egy ilyen fatekn\u0151t mindig ugyanarra a tev\u00e9kenys\u00e9gre haszn\u00e1ltak:<br \/>keny\u00e9rk\u00e9sz\u00edt\u00e9sre, mos\u00e1sra a hideg id\u0151szakban, diszn\u00f3\u00f6l\u00e9sre, esk\u00fcv\u0151i<br \/>el\u0151k\u00e9sz\u00fcletekre.<\/p><p>80. KENY\u00c9RSZAKAJT\u00d3 T\u00c1L<br \/>Ezt az ed\u00e9nyt egy darab f\u00e1b\u00f3l v\u00e1jt\u00e1k ki, \u00e9s a h\u00e1zi keny\u00e9rk\u00e9sz\u00edt\u00e9s kell\u00e9ke volt,<br \/>ebben kov\u00e1szoltak, dagasztottak \u00e9s \u00e9rlelt\u00e9k a t\u00e9szt\u00e1t.<\/p><p>81. MOZS\u00c1R<br \/>Ebben az abroncsokkal meger\u0151s\u00edtett famozs\u00e1rban magokat, m\u00e1s<br \/>\u00e9lelmiszereket t\u00f6rhettek egy t\u00f6r\u0151fa seg\u00edts\u00e9g\u00e9vel, ami itt most hi\u00e1nyzik.<\/p><p>161. CSIZMALEH\u00daZ\u00d3<br \/>A csizmah\u00faz\u00f3ra otthon is, a suszterm\u0171helyben is sz\u00fcks\u00e9g volt a csizm\u00e1k, z\u00e1rt<br \/>nyelv\u0171 vagy oldalt f\u0171z\u0151s cip\u0151k, bakancsok gyors lev\u00e9tel\u00e9hez \u00e9s\/vagy<br \/>felpr\u00f3b\u00e1l\u00e1s\u00e1hoz.<\/p><p>258. M\u00c9RLEG<br \/>A tehet\u0151sebb paraszti h\u00e1ztart\u00e1sban haszn\u00e1lt \u00f6nt\u00f6ttvas konyhai m\u00e9rleg r\u00e9zb\u0151l<br \/>k\u00e9sz\u00fclt serpeny\u0151j\u00e9n maximum 5 kg s\u00falyt m\u00e9rhettek, amikor p\u00e9ld\u00e1ul<br \/>finomp\u00e9k\u00e1rut k\u00e9sz\u00edtettek.<\/p><p>261. K\u00c1V\u00c9DAR\u00c1L\u00d3<br \/>A h\u00e1ztart\u00e1si k\u00e1v\u00e9dar\u00e1l\u00f3k \u00e1ltal\u00e1ban egy lez\u00e1rhat\u00f3 fels\u0151 r\u00e9szb\u0151l, az alatta<br \/>elhelyezked\u0151 \u0151rl\u0151berendez\u00e9sb\u0151l \u00e9s az \u0151rlem\u00e9ny befogad\u00e1s\u00e1ra szolg\u00e1l\u00f3,<br \/>kih\u00fazhat\u00f3 fi\u00f3kb\u00f3l \u00e1llnak.<\/p>\t\t\t\t\t\t\t\t<\/div>\n\t\t\t\t<\/div>\n\t\t\t\t<\/div>","protected":false},"excerpt":{"rendered":"<p>Enterior 10. FEJ\u0150ED\u00c9NYA zom\u00e1ncozott b\u00e1dogv\u00f6dr\u00f6t a tehenek fej\u00e9s\u00e9n\u00e9l haszn\u00e1lt\u00e1k, ebben fogt\u00e1k fela tejet. 14. SAROKPAD EGYIK R\u00c9SZEA sarokpad egyszer\u0171bb v\u00e1ltozat\u00e1t a konyh\u00e1ban haszn\u00e1lt\u00e1k, a h\u00e1tt\u00e1ml\u00e1s,karf\u00e1s sarokpad pedig ink\u00e1bb a tisztaszoba szent sark\u00e1ban \u00e1llt. 15. KENY\u00c9RSZAKAJT\u00d3A rozsszalm\u00e1b\u00f3l font kos\u00e1rk\u00e1t a keny\u00e9rk\u00e9sz\u00edt\u00e9shez haszn\u00e1lt\u00e1k. 16. T\u00d6R\u00d6LK\u00d6Z\u0150A h\u00e1zilag k\u00e9sz\u00edtett kenderb\u0151l sz\u0151tt kend\u0151 a tulajdonos\u00e1nak kelengy\u00e9j\u00e9heztartozhatott, a l\u00e1ny vitte mag\u00e1val [&hellip;]<\/p>\n","protected":false},"author":3,"featured_media":0,"parent":0,"menu_order":0,"comment_status":"closed","ping_status":"closed","template":"","meta":{"footnotes":""},"class_list":["post-3223","page","type-page","status-publish","hentry"],"jetpack_sharing_enabled":true,"_links":{"self":[{"href":"https:\/\/matricamuzeum.hu\/en\/wp-json\/wp\/v2\/pages\/3223","targetHints":{"allow":["GET"]}}],"collection":[{"href":"https:\/\/matricamuzeum.hu\/en\/wp-json\/wp\/v2\/pages"}],"about":[{"href":"https:\/\/matricamuzeum.hu\/en\/wp-json\/wp\/v2\/types\/page"}],"author":[{"embeddable":true,"href":"https:\/\/matricamuzeum.hu\/en\/wp-json\/wp\/v2\/users\/3"}],"replies":[{"embeddable":true,"href":"https:\/\/matricamuzeum.hu\/en\/wp-json\/wp\/v2\/comments?post=3223"}],"version-history":[{"count":7,"href":"https:\/\/matricamuzeum.hu\/en\/wp-json\/wp\/v2\/pages\/3223\/revisions"}],"predecessor-version":[{"id":3560,"href":"https:\/\/matricamuzeum.hu\/en\/wp-json\/wp\/v2\/pages\/3223\/revisions\/3560"}],"wp:attachment":[{"href":"https:\/\/matricamuzeum.hu\/en\/wp-json\/wp\/v2\/media?parent=3223"}],"curies":[{"name":"wp","href":"https:\/\/api.w.org\/{rel}","templated":true}]}}