{"id":3227,"date":"2026-04-14T10:49:05","date_gmt":"2026-04-14T08:49:05","guid":{"rendered":"https:\/\/matricamuzeum.hu\/?page_id=3227"},"modified":"2026-04-21T09:56:40","modified_gmt":"2026-04-21T07:56:40","slug":"uj-csalad","status":"publish","type":"page","link":"https:\/\/matricamuzeum.hu\/en\/uj-csalad","title":{"rendered":"uj-csalad"},"content":{"rendered":"<div data-elementor-type=\"wp-page\" data-elementor-id=\"3227\" class=\"elementor elementor-3227\" data-elementor-post-type=\"page\">\n\t\t\t\t<div class=\"elementor-element elementor-element-fec83aa e-con-full e-flex e-con e-parent\" data-id=\"fec83aa\" data-element_type=\"container\" data-e-type=\"container\" data-settings=\"{&quot;background_background&quot;:&quot;classic&quot;,&quot;jet_parallax_layout_list&quot;:[]}\">\n\t\t\t\t<div class=\"elementor-element elementor-element-4402aa6 elementor-widget elementor-widget-heading\" data-id=\"4402aa6\" data-element_type=\"widget\" data-e-type=\"widget\" data-widget_type=\"heading.default\">\n\t\t\t\t\t<h1 class=\"elementor-heading-title elementor-size-default\">\u00daj csal\u00e1d<\/h1>\t\t\t\t<\/div>\n\t\t\t\t<div class=\"elementor-element elementor-element-017fbbc elementor-widget elementor-widget-text-editor\" data-id=\"017fbbc\" data-element_type=\"widget\" data-e-type=\"widget\" data-widget_type=\"text-editor.default\">\n\t\t\t\t\t\t\t\t\t<p>285. MENYASSZONYI KOSZOR\u00da<br \/>A koszor\u00fa textillel bevont dr\u00f3tj\u00e1ra m\u0171selyem vir\u00e1gokat, leveleket, viaszos<br \/>bogy\u00f3kat er\u0151s\u00edtettek, \u00e9s az ilyen koszor\u00fat, szok\u00e1s volt meg\u0151rizni a vitrinben<br \/>vagy \u00fcvegezett k\u00e9pkeretben.<\/p><p>286. MENYASSZONYI F\u00c1TYOL<br \/>A f\u00e1tyol megv\u00e9di a menyasszonyt a vesz\u00e9lyt\u0151l, a gonosz, f\u00e9lt\u00e9keny<br \/>szellemekt\u0151l, \u00e9s a sz\u00fczess\u00e9g, \u00e1rtatlans\u00e1g, szer\u00e9nys\u00e9g szimb\u00f3luma is, \u00edgy ezt a<br \/>f\u00e1tylat visel\u0151je eltette a l\u00e1ny\u00e1nak is, de megv\u00e1ltozott a divat, ez\u00e9rt a l\u00e1nya m\u00e1r<br \/>nem ezt viselte esk\u00fcv\u0151j\u00e9n.<\/p><p>287. KESZTY\u0170P\u00c1ROK<br \/>Az esk\u00fcv\u0151i viselethez tartoz\u00f3 keszty\u0171 kor\u00e1bban mutathatta, visel\u0151j\u00e9nek milyen<br \/>volt a t\u00e1rsadalmi hovatartoz\u00e1sa, vagyoni helyzete.<\/p><p>288. ESK\u00dcV\u0150I MEGH\u00cdV\u00d3<br \/>\u00c9rdekes ennek a megh\u00edv\u00f3nak a sz\u00f6vege, mert nem a h\u00e1zasuland\u00f3kat, hanem<br \/>azok sz\u00fcleit nevezt\u00e9k meg benne.<\/p><p>289. ESK\u00dcV\u0150I F\u00c9NYK\u00c9P<br \/>Ez a felv\u00e9tel a korabeli divat szerint egy budapesti f\u00e9nyk\u00e9p\u00e9sz m\u0171term\u00e9ben<br \/>k\u00e9sz\u00fclt, az ifj\u00fa p\u00e1r azt esk\u00fcv\u0151t k\u00f6vet\u0151en \u00fajra be\u00f6lt\u00f6z\u00f6tt, de h\u00e1zass\u00e1gk\u00f6t\u00e9s\u00fck<br \/>f\u00e9nyk\u00e9pe k\u00e9sz\u00fclhetett volna akkor is, amikor a templomb\u00f3l kij\u00f6ttek.<\/p>\t\t\t\t\t\t\t\t<\/div>\n\t\t\t\t<\/div>\n\t\t\t\t<\/div>","protected":false},"excerpt":{"rendered":"<p>\u00daj csal\u00e1d 285. MENYASSZONYI KOSZOR\u00daA koszor\u00fa textillel bevont dr\u00f3tj\u00e1ra m\u0171selyem vir\u00e1gokat, leveleket, viaszosbogy\u00f3kat er\u0151s\u00edtettek, \u00e9s az ilyen koszor\u00fat, szok\u00e1s volt meg\u0151rizni a vitrinbenvagy \u00fcvegezett k\u00e9pkeretben. 286. MENYASSZONYI F\u00c1TYOLA f\u00e1tyol megv\u00e9di a menyasszonyt a vesz\u00e9lyt\u0151l, a gonosz, f\u00e9lt\u00e9kenyszellemekt\u0151l, \u00e9s a sz\u00fczess\u00e9g, \u00e1rtatlans\u00e1g, szer\u00e9nys\u00e9g szimb\u00f3luma is, \u00edgy ezt af\u00e1tylat visel\u0151je eltette a l\u00e1ny\u00e1nak is, de megv\u00e1ltozott a [&hellip;]<\/p>\n","protected":false},"author":3,"featured_media":0,"parent":0,"menu_order":0,"comment_status":"closed","ping_status":"closed","template":"","meta":{"footnotes":""},"class_list":["post-3227","page","type-page","status-publish","hentry"],"jetpack_sharing_enabled":true,"_links":{"self":[{"href":"https:\/\/matricamuzeum.hu\/en\/wp-json\/wp\/v2\/pages\/3227","targetHints":{"allow":["GET"]}}],"collection":[{"href":"https:\/\/matricamuzeum.hu\/en\/wp-json\/wp\/v2\/pages"}],"about":[{"href":"https:\/\/matricamuzeum.hu\/en\/wp-json\/wp\/v2\/types\/page"}],"author":[{"embeddable":true,"href":"https:\/\/matricamuzeum.hu\/en\/wp-json\/wp\/v2\/users\/3"}],"replies":[{"embeddable":true,"href":"https:\/\/matricamuzeum.hu\/en\/wp-json\/wp\/v2\/comments?post=3227"}],"version-history":[{"count":7,"href":"https:\/\/matricamuzeum.hu\/en\/wp-json\/wp\/v2\/pages\/3227\/revisions"}],"predecessor-version":[{"id":3563,"href":"https:\/\/matricamuzeum.hu\/en\/wp-json\/wp\/v2\/pages\/3227\/revisions\/3563"}],"wp:attachment":[{"href":"https:\/\/matricamuzeum.hu\/en\/wp-json\/wp\/v2\/media?parent=3227"}],"curies":[{"name":"wp","href":"https:\/\/api.w.org\/{rel}","templated":true}]}}