{"id":3231,"date":"2026-04-14T10:49:53","date_gmt":"2026-04-14T08:49:53","guid":{"rendered":"https:\/\/matricamuzeum.hu\/?page_id=3231"},"modified":"2026-04-21T09:57:34","modified_gmt":"2026-04-21T07:57:34","slug":"iparosok","status":"publish","type":"page","link":"https:\/\/matricamuzeum.hu\/en\/iparosok","title":{"rendered":"iparosok"},"content":{"rendered":"<div data-elementor-type=\"wp-page\" data-elementor-id=\"3231\" class=\"elementor elementor-3231\" data-elementor-post-type=\"page\">\n\t\t\t\t<div class=\"elementor-element elementor-element-eb483e4 e-con-full e-flex e-con e-parent\" data-id=\"eb483e4\" data-element_type=\"container\" data-e-type=\"container\" data-settings=\"{&quot;background_background&quot;:&quot;classic&quot;,&quot;jet_parallax_layout_list&quot;:[]}\">\n\t\t\t\t<div class=\"elementor-element elementor-element-dcd9136 elementor-widget elementor-widget-heading\" data-id=\"dcd9136\" data-element_type=\"widget\" data-e-type=\"widget\" data-widget_type=\"heading.default\">\n\t\t\t\t\t<h1 class=\"elementor-heading-title elementor-size-default\">Iparosok<\/h1>\t\t\t\t<\/div>\n\t\t\t\t<div class=\"elementor-element elementor-element-2270a56 elementor-widget elementor-widget-text-editor\" data-id=\"2270a56\" data-element_type=\"widget\" data-e-type=\"widget\" data-widget_type=\"text-editor.default\">\n\t\t\t\t\t\t\t\t\t<p>112. SZ\u00daR\u00d3VAS, T\u0170ZPISZK\u00c1L\u00d3 VAS<br \/>A kov\u00e1csm\u0171helyben a parazsat a jobb izz\u00e1s \u00e9rdek\u00e9ben ezzel az eszk\u00f6zzel<br \/>forgatt\u00e1k \u00e1t, piszk\u00e1lt\u00e1k meg munka k\u00f6zben.<\/p><p>114. VASBUCA<br \/>A vasb\u00f3l k\u00e9sz\u00fclt k\u00e9t negyedg\u00f6mb\u00f6t a t\u0171z k\u00e9t oldal\u00e1ra \u00e1ll\u00edtott\u00e1k fel, hogy a t\u0171z<br \/>el ne aludjon, a l\u00e1ng ki ne csap\u00f3djon.<\/p><p>113. T\u00dcZEL\u0150ANYAG-ADAGOL\u00d3 LAP\u00c1T<br \/>A vasb\u00f3l k\u00e9sz\u00fclt szersz\u00e1mmal a t\u00fczel\u0151anyagot adagolt\u00e1k, hogy a t\u0171z ki ne<br \/>aludjon.<\/p><p>117. PATK\u00d3K<br \/>A patk\u00f3k k\u00e9sz\u00edt\u00e9s\u00e9vel, felhelyez\u00e9s\u00e9vel, az \u00e1llatok pat\u00e1inak gondoz\u00e1s\u00e1val a<br \/>falusi kov\u00e1csmesterek foglalkoztak.<\/p><p>120. SZERSZ\u00c1MTART\u00d3 \u00c1LLV\u00c1NY<br \/>Ilyen \u00e1llv\u00e1ny minden kov\u00e1csm\u0171helyben volt, ezen tartotta a kov\u00e1cs a gyakran<br \/>haszn\u00e1lt szersz\u00e1mait.<\/p><p>121. KER\u00c9KAGYF\u00daR\u00d3<br \/>Ez volt a f\u00far\u00f3g\u00e9p el\u0151dje, legink\u00e1bb fa f\u00far\u00e1s\u00e1ra haszn\u00e1lt\u00e1k, de ha hev\u00edt\u00e9ssel<br \/>megl\u00e1gy\u00edtott\u00e1k a f\u00e9meket, akkor azokat is ki lehetett f\u00farni vele.<\/p><p>124. MAROKK\u00d6RZ\u0150<br \/>Pontosan kellett m\u00e9rni a mesternek, amikor vast\u00e1rgyakat, szersz\u00e1mokat<br \/>k\u00e9sz\u00edtett, ez a vask\u00f6rz\u0151 seg\u00edtett ebben.<\/p><p>125. VILL\u00c1SKULCS<br \/>Csavarokat lehetett ezzel a szersz\u00e1mmal laz\u00edtani vagy er\u0151s\u00edteni.<\/p><p>127. K\u00daPOS BET\u00c9TVAS<br \/>A kov\u00e1csmester a bet\u00e9tet az \u00fcll\u0151be helyezte, \u00e9s a vasl\u00e1ncok szemeit alak\u00edtotta<br \/>ki rajta.<\/p><p>128\u2013134., 135\u2013136. FOG\u00d3K<br \/>A kov\u00e1cs leggyakrabban a fog\u00f3kat haszn\u00e1lta munk\u00e1ja k\u00f6zben, \u00e9s a k\u00fcl\u00f6nb\u00f6z\u0151<br \/>fog\u00f3kkal m\u00e1s-m\u00e1s m\u0171veletet tudott elv\u00e9gezni.<\/p><p>147., 149., 159. KALAP\u00c1CS<br \/>A kov\u00e1cs a kih\u0171l\u0151 f\u00e9mt\u00e1rgyakat kalap\u00e1lta ezekkel a szersz\u00e1mokkal laposra, \u00e9s<br \/>a patk\u00f3szeget is ezekkel kalap\u00e1lta vagy h\u00fazta ki a lovak patkol\u00e1sakor.<\/p><p>156. FRANCIA FARAG\u00d3K\u00c9S<br \/>A kov\u00e1cs ezt a szersz\u00e1mot pataigaz\u00edt\u00e1shoz, patajav\u00edt\u00e1shoz haszn\u00e1lta, ezzel<br \/>sim\u00edtotta egyenesre a patak\u00f6r\u00f6m als\u00f3 fel\u00e9t.<\/p><p>158. K\u00daPOS \u00dcLL\u0150BET\u00c9T<br \/>Az \u00fcll\u0151 bet\u00e9tj\u00e9nek seg\u00edts\u00e9g\u00e9vel a kov\u00e1csmester f\u00e9met hajl\u00edthatott, vagy lyukat<br \/>\u00fcthetett bele.<\/p><p>160. VAS KAPTAFA<br \/>A finomabbra kidolgozott b\u0151r l\u00e1bbelikhez haszn\u00e1lt\u00e1k ezt a kaptaf\u00e1t, \u00e9s h\u00e1rom<br \/>m\u00e9retet form\u00e1zhattak rajta.<\/p><p>162. SUSZTERASZTAL FELSZEREL\u00c9SSEL<br \/>A kis asztalk\u00e1t a cip\u00e9sz mindig a saj\u00e1t ig\u00e9nyeihez \u00e9s m\u00e9ret\u00e9hez alak\u00edtotta,<br \/>hogy szersz\u00e1mait, eszk\u00f6zeit \u00e1lland\u00f3an a keze \u00fcgy\u00e9ben tarthassa.<\/p><p>165. R\u00c1SPOLYTOK R\u00c1SPOLYOKKAL<br \/>A k\u00fcl\u00f6nb\u00f6z\u0151 \u00e9rdess\u00e9g\u0171 r\u00e1spolyokkal lehetett igaz\u00edtani a talpb\u0151r<br \/>egyenetlens\u00e9geit.<\/p><p>167. CIP\u00c9SZGYANTA<br \/>A gyant\u00e1z\u00e1ssal a b\u0151rvarr\u00f3 c\u00e9rna er\u0151sebben tapadt, k\u00f6nnyebben \u00f6ssze<br \/>lehetett fesz\u00edteni az \u00f6sszevarrt r\u00e9szeket.<\/p><p>170. \u00c1R<br \/>Ezzel a szersz\u00e1mmal lyukasztotta ki el\u0151re a b\u0151rt a cip\u00e9szmester, hogy<br \/>k\u00f6nnyebb legyen varrni.<\/p><p>172. SZ\u00c9LD\u00cdSZ\u00cdT\u0150<br \/>A szersz\u00e1mmal a b\u0151r l\u00e1bbelit d\u00edsz\u00edtett\u00e9k, \u00e9s a l\u00e1bbeli tulajdonosa a d\u00edsz\u00edt\u00e9ssel<br \/>pr\u00f3b\u00e1lta jelezni t\u00e1rsadalmi hovatartoz\u00e1s\u00e1t.<\/p><p>173. D\u00d6RZSKEFE<br \/>Ezzel a kef\u00e9vel d\u00f6rzs\u00f6lte a cip\u00e9szmester az \u00e9rdes nyersb\u0151rt, hogy finomabb<br \/>legyen a fel\u00fclete.<\/p><p>178. FA FORM\u00c1Z\u00d3ESZK\u00d6Z<br \/>A cip\u00e9szmester ezzel a szersz\u00e1mmal form\u00e1zta a nehezen megmunk\u00e1lhat\u00f3<br \/>kem\u00e9ny b\u0151rt.<\/p><p>184. BEH\u00daZ\u00d3 FOG\u00d3<br \/>Ezt a fog\u00f3t akkor haszn\u00e1lta a cip\u00e9sz, amikor b\u0151rr\u00e9szeket, b\u00e9l\u00e9seket, bels\u0151<br \/>varr\u00e1sokat illesztett \u00f6ssze.<\/p><p>187. SUSZTERSZ\u00c9K SZERSZ\u00c1MOKKAL<br \/>Ez a b\u0151r \u00e9s fa b\u00fatordarab nemcsak sz\u00e9k, volt, hanem az alj\u00e1ra szerelt polcon<br \/>t\u00e1rolni is lehetett a szersz\u00e1mokat, kell\u00e9keket.<\/p><p>191. CIP\u00c9SZ T\u0170P\u00c1RNA<br \/>A cip\u00e9szmester belesz\u00farta a t\u0171ket ebbe a kis p\u00e1rn\u00e1csk\u00e1ba, \u00edgy biztons\u00e1gosan<br \/>t\u00e1rolta \u0151ket.<\/p><p>200. KAPTAF\u00c1K\/S\u00c1MF\u00c1K<br \/>Ezeknek a faeszk\u00f6z\u00f6knek a seg\u00edts\u00e9g\u00e9vel igaz\u00edtotta a b\u0151rt form\u00e1ra a<br \/>cip\u00e9szmester, amikor k\u00e9sz\u00edtette a l\u00e1bbelit.<\/p><p>295. B\u0150RFEST\u00c9KEK<br \/>A cip\u00e9sz nemcsak talpalt \u00e9s sarkalt, hanem a cip\u0151 sz\u00edn\u00e9t is fel tudta \u00faj\u00edtani<br \/>b\u0151rfest\u00e9kkel.<\/p>\t\t\t\t\t\t\t\t<\/div>\n\t\t\t\t<\/div>\n\t\t\t\t<\/div>","protected":false},"excerpt":{"rendered":"<p>Iparosok 112. SZ\u00daR\u00d3VAS, T\u0170ZPISZK\u00c1L\u00d3 VASA kov\u00e1csm\u0171helyben a parazsat a jobb izz\u00e1s \u00e9rdek\u00e9ben ezzel az eszk\u00f6zzelforgatt\u00e1k \u00e1t, piszk\u00e1lt\u00e1k meg munka k\u00f6zben. 114. VASBUCAA vasb\u00f3l k\u00e9sz\u00fclt k\u00e9t negyedg\u00f6mb\u00f6t a t\u0171z k\u00e9t oldal\u00e1ra \u00e1ll\u00edtott\u00e1k fel, hogy a t\u0171zel ne aludjon, a l\u00e1ng ki ne csap\u00f3djon. 113. T\u00dcZEL\u0150ANYAG-ADAGOL\u00d3 LAP\u00c1TA vasb\u00f3l k\u00e9sz\u00fclt szersz\u00e1mmal a t\u00fczel\u0151anyagot adagolt\u00e1k, hogy a t\u0171z ki [&hellip;]<\/p>\n","protected":false},"author":3,"featured_media":0,"parent":0,"menu_order":0,"comment_status":"closed","ping_status":"closed","template":"","meta":{"footnotes":""},"class_list":["post-3231","page","type-page","status-publish","hentry"],"jetpack_sharing_enabled":true,"_links":{"self":[{"href":"https:\/\/matricamuzeum.hu\/en\/wp-json\/wp\/v2\/pages\/3231","targetHints":{"allow":["GET"]}}],"collection":[{"href":"https:\/\/matricamuzeum.hu\/en\/wp-json\/wp\/v2\/pages"}],"about":[{"href":"https:\/\/matricamuzeum.hu\/en\/wp-json\/wp\/v2\/types\/page"}],"author":[{"embeddable":true,"href":"https:\/\/matricamuzeum.hu\/en\/wp-json\/wp\/v2\/users\/3"}],"replies":[{"embeddable":true,"href":"https:\/\/matricamuzeum.hu\/en\/wp-json\/wp\/v2\/comments?post=3231"}],"version-history":[{"count":7,"href":"https:\/\/matricamuzeum.hu\/en\/wp-json\/wp\/v2\/pages\/3231\/revisions"}],"predecessor-version":[{"id":3569,"href":"https:\/\/matricamuzeum.hu\/en\/wp-json\/wp\/v2\/pages\/3231\/revisions\/3569"}],"wp:attachment":[{"href":"https:\/\/matricamuzeum.hu\/en\/wp-json\/wp\/v2\/media?parent=3231"}],"curies":[{"name":"wp","href":"https:\/\/api.w.org\/{rel}","templated":true}]}}